{"id":4149,"date":"2021-12-07T11:11:26","date_gmt":"2021-12-07T09:11:26","guid":{"rendered":"https:\/\/www.altechkachels.com\/die-kraft-des-specksteins\/"},"modified":"2022-03-02T15:09:18","modified_gmt":"2022-03-02T13:09:18","slug":"die-kraft-des-specksteins","status":"publish","type":"page","link":"https:\/\/www.altechkachels.com\/de\/die-kraft-des-specksteins\/","title":{"rendered":"Die Kraft des Specksteins"},"content":{"rendered":"<p>[et_pb_section fb_built=&#8221;1&#8243; _builder_version=&#8221;4.14.1&#8243; _dynamic_attributes=&#8221;background_image&#8221; _module_preset=&#8221;default&#8221; background_image=&#8221;@ET-DC@eyJkeW5hbWljIjp0cnVlLCJjb250ZW50IjoicG9zdF9mZWF0dXJlZF9pbWFnZSIsInNldHRpbmdzIjp7fX0=@&#8221; custom_margin=&#8221;-15vh||0px||false|false&#8221; custom_padding=&#8221;0px||0px||true|false&#8221; bottom_divider_color=&#8221;#FFFFFF&#8221; bottom_divider_flip=&#8221;horizontal&#8221; background_last_edited=&#8221;off|tablet&#8221; parallax_tablet=&#8221;off&#8221; background_size_phone=&#8221;cover&#8221; background_position_tablet=&#8221;center&#8221; background_position_phone=&#8221;center&#8221; global_colors_info=&#8221;{}&#8221;][et_pb_row _builder_version=&#8221;4.14.2&#8243; _module_preset=&#8221;default&#8221; width=&#8221;100%&#8221; max_width=&#8221;100%&#8221; custom_margin=&#8221;0px||0px||true|false&#8221; custom_padding=&#8221;0px||0px||true|false&#8221; global_colors_info=&#8221;{}&#8221;][et_pb_column type=&#8221;4_4&#8243; _builder_version=&#8221;4.14.2&#8243; _module_preset=&#8221;default&#8221; global_colors_info=&#8221;{}&#8221;][et_pb_divider show_divider=&#8221;off&#8221; _builder_version=&#8221;4.14.2&#8243; _module_preset=&#8221;default&#8221; min_height=&#8221;60vh&#8221; min_height_tablet=&#8221;35vh&#8221; min_height_phone=&#8221;25vh&#8221; min_height_last_edited=&#8221;on|phone&#8221; custom_margin=&#8221;0px||0px||true|false&#8221; custom_padding=&#8221;0px||0px||true|false&#8221; global_colors_info=&#8221;{}&#8221;]<br \/>\n[\/et_pb_divider][et_pb_text _builder_version=&#8221;4.14.2&#8243; _module_preset=&#8221;default&#8221; header_3_font=&#8221;Open Sans|300|||||||&#8221; header_3_text_align=&#8221;center&#8221; header_3_text_color=&#8221;#ffffff&#8221; vertical_offset_tablet=&#8221;0&#8243; horizontal_offset_tablet=&#8221;0&#8243; custom_margin=&#8221;||20px||false|false&#8221; link_option_url=&#8221;#over-altech-informatie&#8221; header_3_font_size_tablet=&#8221;&#8221; header_3_font_size_phone=&#8221;18px&#8221; header_3_font_size_last_edited=&#8221;on|phone&#8221; z_index_tablet=&#8221;0&#8243; text_text_shadow_horizontal_length_tablet=&#8221;0px&#8221; text_text_shadow_vertical_length_tablet=&#8221;0px&#8221; text_text_shadow_blur_strength_tablet=&#8221;1px&#8221; link_text_shadow_horizontal_length_tablet=&#8221;0px&#8221; link_text_shadow_vertical_length_tablet=&#8221;0px&#8221; link_text_shadow_blur_strength_tablet=&#8221;1px&#8221; ul_text_shadow_horizontal_length_tablet=&#8221;0px&#8221; ul_text_shadow_vertical_length_tablet=&#8221;0px&#8221; ul_text_shadow_blur_strength_tablet=&#8221;1px&#8221; ol_text_shadow_horizontal_length_tablet=&#8221;0px&#8221; ol_text_shadow_vertical_length_tablet=&#8221;0px&#8221; ol_text_shadow_blur_strength_tablet=&#8221;1px&#8221; quote_text_shadow_horizontal_length_tablet=&#8221;0px&#8221; quote_text_shadow_vertical_length_tablet=&#8221;0px&#8221; quote_text_shadow_blur_strength_tablet=&#8221;1px&#8221; header_text_shadow_horizontal_length_tablet=&#8221;0px&#8221; header_text_shadow_vertical_length_tablet=&#8221;0px&#8221; header_text_shadow_blur_strength_tablet=&#8221;1px&#8221; header_2_text_shadow_horizontal_length_tablet=&#8221;0px&#8221; header_2_text_shadow_vertical_length_tablet=&#8221;0px&#8221; header_2_text_shadow_blur_strength_tablet=&#8221;1px&#8221; header_3_text_shadow_horizontal_length_tablet=&#8221;0px&#8221; header_3_text_shadow_vertical_length_tablet=&#8221;0px&#8221; header_3_text_shadow_blur_strength_tablet=&#8221;1px&#8221; header_4_text_shadow_horizontal_length_tablet=&#8221;0px&#8221; header_4_text_shadow_vertical_length_tablet=&#8221;0px&#8221; header_4_text_shadow_blur_strength_tablet=&#8221;1px&#8221; header_5_text_shadow_horizontal_length_tablet=&#8221;0px&#8221; header_5_text_shadow_vertical_length_tablet=&#8221;0px&#8221; header_5_text_shadow_blur_strength_tablet=&#8221;1px&#8221; header_6_text_shadow_horizontal_length_tablet=&#8221;0px&#8221; header_6_text_shadow_vertical_length_tablet=&#8221;0px&#8221; header_6_text_shadow_blur_strength_tablet=&#8221;1px&#8221; box_shadow_horizontal_tablet=&#8221;0px&#8221; box_shadow_vertical_tablet=&#8221;0px&#8221; box_shadow_blur_tablet=&#8221;40px&#8221; box_shadow_spread_tablet=&#8221;0px&#8221; global_colors_info=&#8221;{}&#8221;]<\/p>\n<h3>Entdecken Sie die Kraft des Specksteins<\/h3>\n<p>[\/et_pb_text][et_pb_blurb use_icon=&#8221;on&#8221; font_icon=&#8221;&#x22;||divi||400&#8243; icon_color=&#8221;#FFFFFF&#8221; image_icon_width=&#8221;2vw&#8221; image_icon_width_tablet=&#8221;30px&#8221; image_icon_width_phone=&#8221;24px&#8221; image_icon_width_last_edited=&#8221;on|phone&#8221; module_class=&#8221;mp_m_blurb_pulse&#8221; _builder_version=&#8221;4.14.2&#8243; _module_preset=&#8221;default&#8221; module_alignment=&#8221;center&#8221; animation_direction=&#8221;top&#8221; animation=&#8221;off&#8221; link_option_url=&#8221;#over-altech-informatie&#8221; icon_font_size=&#8221;2vw&#8221; global_colors_info=&#8221;{}&#8221;][\/et_pb_blurb][\/et_pb_column][\/et_pb_row][\/et_pb_section][et_pb_section fb_built=&#8221;1&#8243; module_id=&#8221;over-altech-informatie&#8221; _builder_version=&#8221;4.14.1&#8243; _module_preset=&#8221;default&#8221; global_colors_info=&#8221;{}&#8221;][et_pb_row _builder_version=&#8221;4.14.1&#8243; _module_preset=&#8221;default&#8221; global_colors_info=&#8221;{}&#8221;][et_pb_column type=&#8221;4_4&#8243; _builder_version=&#8221;4.10.6&#8243; _module_preset=&#8221;default&#8221; global_colors_info=&#8221;{}&#8221;][et_pb_text _builder_version=&#8221;4.14.2&#8243; _module_preset=&#8221;default&#8221; header_text_color=&#8221;#000000&#8243; header_2_font=&#8221;Open Sans|600|||||||&#8221; header_2_text_color=&#8221;#FFFFFF&#8221; header_3_font=&#8221;Open Sans|600|||||||&#8221; header_4_font=&#8221;Open Sans|600|||||||&#8221; header_5_font=&#8221;Open Sans|600|||||||&#8221; header_6_font=&#8221;Open Sans|600|||||||&#8221; text_orientation=&#8221;center&#8221; custom_margin=&#8221;||10px||false|false&#8221; custom_padding=&#8221;||||false|false&#8221; header_3_font_size_tablet=&#8221;&#8221; header_3_font_size_phone=&#8221;18px&#8221; header_3_font_size_last_edited=&#8221;on|phone&#8221; global_colors_info=&#8221;{}&#8221;]<\/p>\n<h1>Die einzigartige W\u00e4rme des Specksteins<\/h1>\n<p>[\/et_pb_text][et_pb_text _builder_version=&#8221;4.14.2&#8243; _module_preset=&#8221;default&#8221; header_2_font=&#8221;|300|||||||&#8221; header_2_font_size=&#8221;24px&#8221; text_orientation=&#8221;center&#8221; custom_margin=&#8221;||20px||false|false&#8221; global_colors_info=&#8221;{}&#8221;]<\/p>\n<h2>Mit einem Specksteinofen profitieren Sie von einer wohltuenden, gesunden W\u00e4rme<\/h2>\n<p>[\/et_pb_text][et_pb_text _builder_version=&#8221;4.14.8&#8243; _module_preset=&#8221;default&#8221; text_text_color=&#8221;#000000&#8243; header_2_font=&#8221;Open Sans|600|||||||&#8221; header_3_font=&#8221;Open Sans|600|||||||&#8221; header_4_font=&#8221;Open Sans|600|||||||&#8221; header_5_font=&#8221;Open Sans|600|||||||&#8221; header_6_font=&#8221;Open Sans|600|||||||&#8221; text_orientation=&#8221;justified&#8221; max_width=&#8221;80%&#8221; module_alignment=&#8221;center&#8221; custom_margin=&#8221;||0px||false|false&#8221; hover_enabled=&#8221;0&#8243; header_3_font_size_tablet=&#8221;&#8221; header_3_font_size_phone=&#8221;18px&#8221; header_3_font_size_last_edited=&#8221;on|phone&#8221; global_colors_info=&#8221;{}&#8221; sticky_enabled=&#8221;0&#8243;]<\/p>\n<p class=\"p3\">Speckstein speichert W\u00e4rme und strahlt diese dann gleichm\u00e4\u00dfig ab. Diese W\u00e4rme ist mit der Infrarotw\u00e4rme der Sonne vergleichbar. Infrarotw\u00e4rme ist die nat\u00fcrlichste W\u00e4rme und erw\u00e4rmt Objekte im Raum. Die W\u00e4rme erinnert an eine Decke um den K\u00f6rper und w\u00e4rmt diesen und die Umgebung.   <span class=\"Apple-converted-space\"> <\/span><\/p>\n<p class=\"p4\"><strong>Besseres Raumklima<span class=\"Apple-converted-space\"> <\/span><\/strong><\/p>\n<p class=\"p3\">Mit einem Specksteinofen wird das Raumklima im Vergleich zu anderen Holz\u00f6fen besser. Denn mit einem Specksteinofen entsteht weniger Luftzirkulation. Dadurch trocknet die Luft in geringerem Ma\u00dfe aus und f\u00fchlt sich nicht stickig an. Zudem sorgt die Strahlungsw\u00e4rme des Specksteinofens daf\u00fcr, dass auch die W\u00e4nde \u201ewarm\u201c werden. Die Feuchtigkeit in der Luft kondensiert nicht und die Luftfeuchtigkeit bleibt auf einem angenehmen und gesunden Niveau.    <span class=\"Apple-converted-space\"> <\/span><\/p>\n<p class=\"p4\"><strong>Hohe Verbrennungstemperatur<span class=\"Apple-converted-space\"> <\/span><\/strong><\/p>\n<p class=\"p3\">Ein Specksteinofen ist auch f\u00fcr die Umwelt eine sehr gute Wahl. Durch die hohe Verbrennungstemperatur brennt der Ofen sauber und sparsam. So m\u00fcssen Sie nicht so oft den Ofen mit Holz nachf\u00fcllen.  <span class=\"Apple-converted-space\"> <\/span><\/p>\n<p><img loading=\"lazy\" decoding=\"async\" class=\"alignnone wp-image-2088 size-large\" src=\"https:\/\/www.altechkachels.com\/wp-content\/uploads\/max-warmte-2-1024x640.jpg\" alt=\"\" width=\"1024\" height=\"640\" srcset=\"https:\/\/www.altechkachels.com\/wp-content\/uploads\/max-warmte-2-980x613.jpg 980w, https:\/\/www.altechkachels.com\/wp-content\/uploads\/max-warmte-2-480x300.jpg 480w\" sizes=\"auto, (min-width: 0px) and (max-width: 480px) 480px, (min-width: 481px) and (max-width: 980px) 980px, (min-width: 981px) 1024px, 100vw\" \/><\/p>\n<p class=\"p4\"><strong>Weniger L\u00fcftungsverlust<span class=\"Apple-converted-space\"> <\/span><\/strong><\/p>\n<p class=\"p3\">Dank der Strahlungsw\u00e4rme entsteht weniger W\u00e4rmeverlust durch L\u00fcftung. Bei Konvektionsw\u00e4rme (wie bei einer Zentralheizung) geht viel W\u00e4rme durch Risse, das \u00d6ffnen von T\u00fcren und durch die notwendige L\u00fcftung verloren. Durch die Strahlungsw\u00e4rme eines Specksteinofens wird die Luft weniger stark erw\u00e4rmt \u2013 die W\u00e4rme wird in der Steinmasse des Ofens gespeichert. Infolgedessen ist der L\u00fcftungsverlust viel geringer.   <span class=\"Apple-converted-space\"> <\/span><\/p>\n<p><strong>Erleben Sie die wohltuende W\u00e4rme des Specksteins am eigenen Leib<\/strong><\/p>\n<p>Sind Sie nun auch von der W\u00e4rme des Specksteins begeistert? Entscheiden Sie sich dann f\u00fcr einen Altech <a href=\"https:\/\/www.altechkachels.com\/de\/produkt-kategorie\/holzofen\/\">Specksteinholz<\/a>&#8211; oder <a href=\"https:\/\/www.altechkachels.com\/de\/produkt-kategorie\/pelletofen\/\">Pelletofen<\/a>. Schauen Sie bei einem unserer <a href=\"https:\/\/www.altechkachels.com\/de\/haendler\/\">H\u00e4ndler<\/a> vorbei und erleben Sie diese wunderbare W\u00e4rme selbst am eigenen Leib.<\/p>\n<p><iframe loading=\"lazy\" title=\"Ontdek de kracht van speksteen - Altech Speksteenkachels\" width=\"1080\" height=\"608\" src=\"https:\/\/www.youtube.com\/embed\/tkuFzG3MlY8?feature=oembed\"  allow=\"accelerometer; autoplay; clipboard-write; encrypted-media; gyroscope; picture-in-picture\" allowfullscreen><\/iframe><\/p>\n<p>&nbsp;<\/p>\n<p>[\/et_pb_text][\/et_pb_column][\/et_pb_row][\/et_pb_section]<\/p>\n","protected":false},"excerpt":{"rendered":"<p>Entdecken Sie die Kraft des SpecksteinsDie einzigartige W\u00e4rme des SpecksteinsMit einem Specksteinofen profitieren Sie von einer wohltuenden, gesunden W\u00e4rmeSpeckstein speichert W\u00e4rme und strahlt diese dann gleichm\u00e4\u00dfig ab. Diese W\u00e4rme ist mit der Infrarotw\u00e4rme der Sonne vergleichbar. Infrarotw\u00e4rme ist die nat\u00fcrlichste W\u00e4rme und erw\u00e4rmt Objekte im Raum. Die W\u00e4rme erinnert an eine Decke um den K\u00f6rper [&hellip;]<\/p>\n","protected":false},"author":2,"featured_media":3236,"parent":0,"menu_order":0,"comment_status":"closed","ping_status":"closed","template":"","meta":{"_acf_changed":false,"_et_pb_use_builder":"on","_et_pb_old_content":"","_et_gb_content_width":"","inline_featured_image":false,"footnotes":""},"class_list":["post-4149","page","type-page","status-publish","has-post-thumbnail","hentry"],"acf":[],"_links":{"self":[{"href":"https:\/\/www.altechkachels.com\/de\/wp-json\/wp\/v2\/pages\/4149","targetHints":{"allow":["GET"]}}],"collection":[{"href":"https:\/\/www.altechkachels.com\/de\/wp-json\/wp\/v2\/pages"}],"about":[{"href":"https:\/\/www.altechkachels.com\/de\/wp-json\/wp\/v2\/types\/page"}],"author":[{"embeddable":true,"href":"https:\/\/www.altechkachels.com\/de\/wp-json\/wp\/v2\/users\/2"}],"replies":[{"embeddable":true,"href":"https:\/\/www.altechkachels.com\/de\/wp-json\/wp\/v2\/comments?post=4149"}],"version-history":[{"count":5,"href":"https:\/\/www.altechkachels.com\/de\/wp-json\/wp\/v2\/pages\/4149\/revisions"}],"predecessor-version":[{"id":4886,"href":"https:\/\/www.altechkachels.com\/de\/wp-json\/wp\/v2\/pages\/4149\/revisions\/4886"}],"wp:featuredmedia":[{"embeddable":true,"href":"https:\/\/www.altechkachels.com\/de\/wp-json\/wp\/v2\/media\/3236"}],"wp:attachment":[{"href":"https:\/\/www.altechkachels.com\/de\/wp-json\/wp\/v2\/media?parent=4149"}],"curies":[{"name":"wp","href":"https:\/\/api.w.org\/{rel}","templated":true}]}}