{"id":4179,"date":"2021-09-23T19:39:15","date_gmt":"2021-09-23T17:39:15","guid":{"rendered":"https:\/\/www.altechkachels.com\/unkategorisiert\/nobles-depot\/"},"modified":"2022-03-02T16:57:35","modified_gmt":"2022-03-02T14:57:35","slug":"nobles-depot","status":"publish","type":"product","link":"https:\/\/www.altechkachels.com\/de\/holzofen\/nobles-de\/nobles-depot\/","title":{"rendered":"Nobl\u00e8s Depot"},"content":{"rendered":"<h3>Genie\u00dfen Sie das Flammenspiel in vollen Z\u00fcgen<\/h3>\n<p>Neben der wohltuenden und intensiven W\u00e4rme des Altech Nobl\u00e8s, k\u00f6nnen Sie mit diesem Modell auch das sch\u00f6ne Flammenspiel in vollen Z\u00fcgen genie\u00dfen. Der Nobl\u00e8s hat einen gro\u00dfen Rahmen, was f\u00fcr eine gute Sicht auf das Feuer sorgt. Und mit dem Nobles-Depot mit Holzlager k\u00f6nnen Sie das faszinierende Spiel der Flammen noch besser verfolgen.<\/p>\n<h3>Einfache Bedienung<\/h3>\n<p>Die Bedienung des Nobl\u00e8s ist dank der Ein-Knopf-Bedienung sehr einfach. Dar\u00fcber hinaus ist dieses Modell standardm\u00e4\u00dfig mit einem Au\u00dfenluftanschluss und einer Ascheschublade ausgestattet. Das saubere Design ist zeitlos und passt in jeden Einrichtungsstil.<\/p>\n<h3>Mehrere Farben und Optionen erh\u00e4ltlich<\/h3>\n<p>Der Altech Nobl\u00e8s ist in zwei Farben erh\u00e4ltlich: Naturspeckstein mit anthrazitfarbenem Gusseisen und in einfarbig Schwarz. Bei der einfarbig schwarzen Option wurden sowohl der Speckstein als auch das Gusseisen schwarz lackiert. Die Aschlippe und die erh\u00f6hten Beine sind optional und werden als Einzelteil geliefert.<\/p>\n<h3>Neugierig auf den Altech Nobl\u00e8s Depot Specksteinholzofen?<\/h3>\n<p>Erleben Sie die wunderbare W\u00e4rme am eigenen Leib und bewundern Sie diesen Ofen im Showroom bei einem unserer H\u00e4ndler.<\/p>\n","protected":false},"excerpt":{"rendered":"<p>Der Nobles Depot ist einer der kleinsten Specksteinholz\u00f6fen in der Altech-Familie, in Sachen Leistung merkt man das aber nicht. Denn trotz seines kompakten Formats verf\u00fcgt dieser Ofen \u00fcber alle Eigenschaften, die Sie von einem Specksteinofen erwarten d\u00fcrfen. Der Nobl\u00e8s eignet sich prima f\u00fcr ein isoliertes modernes Zuhause. Auch wegen der 5,5 cm dicken massiven Specksteinw\u00e4nde k\u00f6nnen Sie noch Stunden nach dem Erl\u00f6schen des Feuers eine wunderbar sanfte W\u00e4rme genie\u00dfen. So geht sparsames und verantwortungsvolles Heizen!<\/p>\n","protected":false},"featured_media":4594,"comment_status":"open","ping_status":"closed","template":"","meta":{"_acf_changed":false,"_et_pb_use_builder":"","_et_pb_old_content":"","_et_gb_content_width":"","inline_featured_image":false},"product_brand":[],"product_cat":[97,103],"product_tag":[],"class_list":{"0":"post-4179","1":"product","2":"type-product","3":"status-publish","4":"has-post-thumbnail","6":"product_cat-holzofen","7":"product_cat-nobles-de","9":"first","10":"instock","11":"shipping-taxable","12":"product-type-simple"},"acf":[],"_links":{"self":[{"href":"https:\/\/www.altechkachels.com\/de\/wp-json\/wp\/v2\/product\/4179","targetHints":{"allow":["GET"]}}],"collection":[{"href":"https:\/\/www.altechkachels.com\/de\/wp-json\/wp\/v2\/product"}],"about":[{"href":"https:\/\/www.altechkachels.com\/de\/wp-json\/wp\/v2\/types\/product"}],"replies":[{"embeddable":true,"href":"https:\/\/www.altechkachels.com\/de\/wp-json\/wp\/v2\/comments?post=4179"}],"wp:featuredmedia":[{"embeddable":true,"href":"https:\/\/www.altechkachels.com\/de\/wp-json\/wp\/v2\/media\/4594"}],"wp:attachment":[{"href":"https:\/\/www.altechkachels.com\/de\/wp-json\/wp\/v2\/media?parent=4179"}],"wp:term":[{"taxonomy":"product_brand","embeddable":true,"href":"https:\/\/www.altechkachels.com\/de\/wp-json\/wp\/v2\/product_brand?post=4179"},{"taxonomy":"product_cat","embeddable":true,"href":"https:\/\/www.altechkachels.com\/de\/wp-json\/wp\/v2\/product_cat?post=4179"},{"taxonomy":"product_tag","embeddable":true,"href":"https:\/\/www.altechkachels.com\/de\/wp-json\/wp\/v2\/product_tag?post=4179"}],"curies":[{"name":"wp","href":"https:\/\/api.w.org\/{rel}","templated":true}]}}