{"id":4182,"date":"2021-10-08T09:34:29","date_gmt":"2021-10-08T07:34:29","guid":{"rendered":"https:\/\/www.altechkachels.com\/unkategorisiert\/grande-nobles-complet\/"},"modified":"2022-03-21T11:43:08","modified_gmt":"2022-03-21T09:43:08","slug":"grande-nobles-complet","status":"publish","type":"product","link":"https:\/\/www.altechkachels.com\/de\/holzofen\/grande-nobles-de\/grande-nobles-complet\/","title":{"rendered":"Grande Nobl\u00e8s Complet"},"content":{"rendered":"<h3>Maximaler Genuss<\/h3>\n<p>Der Altech Grande Nobl\u00e8s ist mit einem gro\u00dfen Fenster ausgestattet, welches einen sch\u00f6nen Blick auf das Flammenspiel erm\u00f6glicht. Dar\u00fcber hinaus ist der Grande Nobl\u00e8s mit einem Rauchgasleiter ausgestattet, der dem Holz noch mehr W\u00e4rme entzieht, was die Heizf\u00e4higkeit verbessert. Der Ofen hat eine Leistung von 3 bis 11 kW und kann somit durchschnittlich ein gro\u00dfes Wohnzimmer angenehmen heizen.<\/p>\n<h3>Mehrere Ausf\u00fchrungen des Grande Nobl\u00e8s erh\u00e4ltlich<\/h3>\n<p>Die Grande Nobl\u00e8s-Serie besteht aus 4 verschiedenen Modellen. Jedes Modell ist im Grunde gleich, nur das Aussehen unterscheidet sich. Beispielsweise kann der Grande Nobl\u00e8s auf Beinen, mit einem Holzfach und\/oder einem Backofen an der Oberseite des Ofens erworben werden. Der Grande Nobl\u00e8s Complet ist sowohl mit einem Holzfach als auch mit einem Backofen ausgestattet. Jede Ausf\u00fchrung verf\u00fcgt \u00fcber einen einfach austauschbaren Rauchgasabzug.<\/p>\n<h3>Neugierig auf den Altech Grande Nobl\u00e8s Complet Specksteinholzofen?<\/h3>\n<p>Erleben Sie die wunderbare W\u00e4rme am eigenen Leib und bewundern Sie diesen Ofen im Showroom bei einem unserer H\u00e4ndler.<\/p>\n","protected":false},"excerpt":{"rendered":"<p>Der Altech Grande Nobl\u00e8s Complet ist ein freistehender Specksteinholzofen mit zeitloser Ausstrahlung und verf\u00fcgt \u00fcber eine dicke Specksteinschicht. Dadurch strahlt der Ofen noch lange nach dem Erl\u00f6schen des Feuers W\u00e4rme aus. Der Grande Nobl\u00e8s ist der gr\u00f6\u00dfere Bruder der Altech Nobl\u00e8s. Dieses Modell verf\u00fcgt \u00fcber mehr Leistung \u2013 beim Aussehen tut sich aber nichts. Mit der Complet-Version des Grande Nobles genie\u00dfen Sie nicht nur angenehme W\u00e4rme, sondern k\u00f6nnen auch backen.<\/p>\n","protected":false},"featured_media":4602,"comment_status":"open","ping_status":"closed","template":"","meta":{"_acf_changed":false,"_et_pb_use_builder":"","_et_pb_old_content":"","_et_gb_content_width":"","inline_featured_image":false},"product_brand":[],"product_cat":[100,97],"product_tag":[],"class_list":{"0":"post-4182","1":"product","2":"type-product","3":"status-publish","4":"has-post-thumbnail","6":"product_cat-grande-nobles-de","7":"product_cat-holzofen","9":"first","10":"instock","11":"shipping-taxable","12":"product-type-simple"},"acf":[],"_links":{"self":[{"href":"https:\/\/www.altechkachels.com\/de\/wp-json\/wp\/v2\/product\/4182","targetHints":{"allow":["GET"]}}],"collection":[{"href":"https:\/\/www.altechkachels.com\/de\/wp-json\/wp\/v2\/product"}],"about":[{"href":"https:\/\/www.altechkachels.com\/de\/wp-json\/wp\/v2\/types\/product"}],"replies":[{"embeddable":true,"href":"https:\/\/www.altechkachels.com\/de\/wp-json\/wp\/v2\/comments?post=4182"}],"wp:featuredmedia":[{"embeddable":true,"href":"https:\/\/www.altechkachels.com\/de\/wp-json\/wp\/v2\/media\/4602"}],"wp:attachment":[{"href":"https:\/\/www.altechkachels.com\/de\/wp-json\/wp\/v2\/media?parent=4182"}],"wp:term":[{"taxonomy":"product_brand","embeddable":true,"href":"https:\/\/www.altechkachels.com\/de\/wp-json\/wp\/v2\/product_brand?post=4182"},{"taxonomy":"product_cat","embeddable":true,"href":"https:\/\/www.altechkachels.com\/de\/wp-json\/wp\/v2\/product_cat?post=4182"},{"taxonomy":"product_tag","embeddable":true,"href":"https:\/\/www.altechkachels.com\/de\/wp-json\/wp\/v2\/product_tag?post=4182"}],"curies":[{"name":"wp","href":"https:\/\/api.w.org\/{rel}","templated":true}]}}