{"id":4185,"date":"2021-10-08T09:35:10","date_gmt":"2021-10-08T07:35:10","guid":{"rendered":"https:\/\/www.altechkachels.com\/unkategorisiert\/ecosy-depot\/"},"modified":"2022-03-21T10:56:49","modified_gmt":"2022-03-21T08:56:49","slug":"ecosy-depot","status":"publish","type":"product","link":"https:\/\/www.altechkachels.com\/de\/holzofen\/ecosy-de\/ecosy-depot\/","title":{"rendered":"Ecosy Depot"},"content":{"rendered":"<h3>Der (Speckstein-)Holzofen unserer Zeit<\/h3>\n<p>Dank der modernen Technik, die Altech beim Ecosy angewendet hat, ist dieser Ofen einfach mit nur einem Knopf zu bedienen. Und dar\u00fcber hinaus verf\u00fcgt dieser Specksteinofen \u00fcber eine gro\u00dfe Brennkammer. Kurz gesagt, der Altech Ecosy ist ein echter Allrounder \u2013 sch\u00f6n, bequem, langlebig und sparsam.  <\/p>\n<h3>Mehrere Ausf\u00fchrungen des Ecosy erh\u00e4ltlich<\/h3>\n<p>Die Ecosy-Serie besteht aus 2 verschiedenen Modellen. Beide Modelle sind im Grunde gleich, nur das Aussehen unterscheidet sich. Zum Beispiel kann der Ecosy auf gusseisernen Beinen oder mit Holzfach geliefert werden. Der Altech Ecosy Depot ist mit einem praktischen Holzfach ausgestattet. Und ist zudem in nat\u00fcrlichem Speckstein mit anthrazitfarbenem Gusseisen oder in schwarzem Speckstein mit schwarzem Gusseisen erh\u00e4ltlich.    <\/p>\n<h3>Neugierig auf den Altech Ecosy Depot Specksteinholzofen?<\/h3>\n<p>Erleben Sie die wunderbare W\u00e4rme am eigenen Leib und bewundern Sie diesen Ofen im Showroom bei einem unserer H\u00e4ndler.<\/p>\n","protected":false},"excerpt":{"rendered":"<p>Der Altech Ecosy Depot ist ein moderner, ovaler, freistehender Specksteinholzofen, der in praktisch jede Einrichtung zu Hause passt. Der Name Ecosy ist eine Kombination aus dem Englischen \u201eecology en cossiness\u201c, was im Englischen f\u00fcr \u00d6kologie und Geselligkeit steht. Und das sieht man eindeutig beim Ecosy \u2013 denn dieser Ofen hat eine vertraute Ausstrahlung, die sofort f\u00fcr eine gem\u00fctliche Atmosph\u00e4re zu Hause sorgt. <\/p>\n","protected":false},"featured_media":7005,"comment_status":"open","ping_status":"closed","template":"","meta":{"_acf_changed":false,"_et_pb_use_builder":"","_et_pb_old_content":"","_et_gb_content_width":"","inline_featured_image":false},"product_brand":[],"product_cat":[104,97],"product_tag":[],"class_list":{"0":"post-4185","1":"product","2":"type-product","3":"status-publish","4":"has-post-thumbnail","6":"product_cat-ecosy-de","7":"product_cat-holzofen","9":"first","10":"instock","11":"shipping-taxable","12":"product-type-simple"},"acf":[],"_links":{"self":[{"href":"https:\/\/www.altechkachels.com\/de\/wp-json\/wp\/v2\/product\/4185","targetHints":{"allow":["GET"]}}],"collection":[{"href":"https:\/\/www.altechkachels.com\/de\/wp-json\/wp\/v2\/product"}],"about":[{"href":"https:\/\/www.altechkachels.com\/de\/wp-json\/wp\/v2\/types\/product"}],"replies":[{"embeddable":true,"href":"https:\/\/www.altechkachels.com\/de\/wp-json\/wp\/v2\/comments?post=4185"}],"wp:featuredmedia":[{"embeddable":true,"href":"https:\/\/www.altechkachels.com\/de\/wp-json\/wp\/v2\/media\/7005"}],"wp:attachment":[{"href":"https:\/\/www.altechkachels.com\/de\/wp-json\/wp\/v2\/media?parent=4185"}],"wp:term":[{"taxonomy":"product_brand","embeddable":true,"href":"https:\/\/www.altechkachels.com\/de\/wp-json\/wp\/v2\/product_brand?post=4185"},{"taxonomy":"product_cat","embeddable":true,"href":"https:\/\/www.altechkachels.com\/de\/wp-json\/wp\/v2\/product_cat?post=4185"},{"taxonomy":"product_tag","embeddable":true,"href":"https:\/\/www.altechkachels.com\/de\/wp-json\/wp\/v2\/product_tag?post=4185"}],"curies":[{"name":"wp","href":"https:\/\/api.w.org\/{rel}","templated":true}]}}