{"id":4187,"date":"2021-10-08T09:35:57","date_gmt":"2021-10-08T07:35:57","guid":{"rendered":"https:\/\/www.altechkachels.com\/unkategorisiert\/torus-depot\/"},"modified":"2022-03-21T11:53:41","modified_gmt":"2022-03-21T09:53:41","slug":"torus-depot","status":"publish","type":"product","link":"https:\/\/www.altechkachels.com\/de\/holzofen\/torus-de\/torus-depot\/","title":{"rendered":"Torus Depot"},"content":{"rendered":"<h3>Einfach einzustellen<\/h3>\n<p>Einfach und unkompliziert wohltuende und intensive Hitze genie\u00dfen \u2013 das geht dem Altech Torus. Der Torus ist einfach zu bedienen \u2013 mit einem einzigen Knopfdruck k\u00f6nnen Sie den Ofen steuern und das Feuer kontrollieren. Dank der hohen und kompakten Brennkammer genie\u00dfen Sie ein heiteres Flammenspiel. Da Sie auf einem Specksteinboden Heizen, erzielen Sie eine sehr saubere Verbrennung.   <\/p>\n<h3>Mehrere Ausf\u00fchrungen des Torus erh\u00e4ltlich<\/h3>\n<p>Die Torus-Serie besteht aus verschiedenen Modellen. Im Grunde sind alle Modelle gleich, unterscheiden sich aber im Detail. Der Torus ist beispielsweise standardm\u00e4\u00dfig mit Beinen ausgestattet, Sie k\u00f6nnen sich aber auch zus\u00e4tzlich f\u00fcr ein Holzfach (mit oder ohne T\u00fcr) entscheiden.  <\/p>\n<p>Das Altech Torus Depot ist mit einem Holzfach ausgestattet \u2013 ein idealer Ort, um Holz zu lagern. Und zudem ist der Torus Depot in nat\u00fcrlichem Speckstein mit anthrazitfarbenem Gusseisen oder in schwarzem Speckstein mit schwarzem Gusseisen erh\u00e4ltlich. <\/p>\n<h3>Neugierig auf den Altech Torus Depot Specksteinholzofen?<\/h3>\n<p>Erleben Sie die wunderbare W\u00e4rme am eigenen Leib und bewundern Sie diesen Ofen im Showroom bei einem unserer H\u00e4ndler.<\/p>\n","protected":false},"excerpt":{"rendered":"<p>Der Altech Torus Depot ist ein freistehender Specksteinholzofen, der aufgrund seiner zug\u00e4nglichen Optik bereits seit Jahren sehr beliebt ist. Mit seinen harten Linien und der abgerundeten Front ist der Torus ein echter Hingucker in jeder Wohnung.<\/p>\n","protected":false},"featured_media":4590,"comment_status":"open","ping_status":"closed","template":"","meta":{"_acf_changed":false,"_et_pb_use_builder":"","_et_pb_old_content":"","_et_gb_content_width":"","inline_featured_image":false},"product_brand":[],"product_cat":[97,102],"product_tag":[],"class_list":{"0":"post-4187","1":"product","2":"type-product","3":"status-publish","4":"has-post-thumbnail","6":"product_cat-holzofen","7":"product_cat-torus-de","9":"first","10":"instock","11":"shipping-taxable","12":"product-type-simple"},"acf":[],"_links":{"self":[{"href":"https:\/\/www.altechkachels.com\/de\/wp-json\/wp\/v2\/product\/4187","targetHints":{"allow":["GET"]}}],"collection":[{"href":"https:\/\/www.altechkachels.com\/de\/wp-json\/wp\/v2\/product"}],"about":[{"href":"https:\/\/www.altechkachels.com\/de\/wp-json\/wp\/v2\/types\/product"}],"replies":[{"embeddable":true,"href":"https:\/\/www.altechkachels.com\/de\/wp-json\/wp\/v2\/comments?post=4187"}],"wp:featuredmedia":[{"embeddable":true,"href":"https:\/\/www.altechkachels.com\/de\/wp-json\/wp\/v2\/media\/4590"}],"wp:attachment":[{"href":"https:\/\/www.altechkachels.com\/de\/wp-json\/wp\/v2\/media?parent=4187"}],"wp:term":[{"taxonomy":"product_brand","embeddable":true,"href":"https:\/\/www.altechkachels.com\/de\/wp-json\/wp\/v2\/product_brand?post=4187"},{"taxonomy":"product_cat","embeddable":true,"href":"https:\/\/www.altechkachels.com\/de\/wp-json\/wp\/v2\/product_cat?post=4187"},{"taxonomy":"product_tag","embeddable":true,"href":"https:\/\/www.altechkachels.com\/de\/wp-json\/wp\/v2\/product_tag?post=4187"}],"curies":[{"name":"wp","href":"https:\/\/api.w.org\/{rel}","templated":true}]}}