{"id":4190,"date":"2021-10-08T09:36:45","date_gmt":"2021-10-08T07:36:45","guid":{"rendered":"https:\/\/www.altechkachels.com\/unkategorisiert\/eclips-depot\/"},"modified":"2022-03-21T09:52:03","modified_gmt":"2022-03-21T07:52:03","slug":"eclips-depot","status":"publish","type":"product","link":"https:\/\/www.altechkachels.com\/de\/holzofen\/eclips-de\/eclips-depot\/","title":{"rendered":"Eclips Depot"},"content":{"rendered":"<h3>Effiziente Holzverbrennung mit den Eclips<\/h3>\n<p>Um die beim Brennen entstehende Hitze optimal nutzen zu k\u00f6nnen, hat Altech f\u00fcr die Eclips-Serie ein einzigartiges Rauchleitsystem entwickelt. Beim Anfeuern des Ofens werden die Rauchgase gesammelt und durch einen 2 Meter langen Rauchgaskanal geleitet. So k\u00f6nnen Rauchgase die W\u00e4rme l\u00e4nger an den Speckstein abgeben. Dies ist einer der vielen Gr\u00fcnde, warum der Eclips eine sehr hohe Effizienz aufweist. Und dank dieser Technik verbraucht der Eclips in der Praxis auch weniger Holz.<\/p>\n<h3>Mehrere Ausf\u00fchrungen des Eclips erh\u00e4ltlich<\/h3>\n<p>Die Eclips-Serie besteht aus 4 verschiedenen Modellen. Im Grunde sind alle Modelle gleich, unterscheiden sich vom Aussehen her aber im Detail. Beispielsweise kann der Eclips mit Beinen oder einem Holzfach ausgestattet werden und der Ofen kann oben mit einem Backofen ausgestattet werden.  <\/p>\n<p>Der Altech Eclips Depot steht nicht auf Beinen, sondern ist zus\u00e4tzlich mit einem Holzfach ausgestattet. Das ist nicht nur praktisch f\u00fcr die Lagerung von Holz, sondern verleiht dem Eclips auch ein zus\u00e4tzliches optisches Element. Der Eclips Depot ist in nat\u00fcrlichem Speckstein mit anthrazitfarbenem Gusseisen oder in einfarbigem schwarzem Speckstein mit schwarzem Gusseisen erh\u00e4ltlich. <\/p>\n<h3>Neugierig auf den Altech Eclips Depot Specksteinholzofen?<\/h3>\n<p>Erleben Sie die wunderbare W\u00e4rme am eigenen Leib und bewundern Sie diesen Ofen im Showroom bei einem unserer H\u00e4ndler.<\/p>\n","protected":false},"excerpt":{"rendered":"<p>Der Altech Eclips Depot ist ein einzigartiger freistehender Specksteinholzofen aus der beliebten Eclips-Serie von Altech. Unter anderem aufgrund seiner ovalen Form wirkt der Eclips Depot stilvoll und verspielt und das Holzfach setzt dem Ganzen zus\u00e4tzlich eine Krone auf.<\/p>\n<p>Und zudem garantiert die gebogene Glasscheibe einen sch\u00f6nen Blick auf das Feuer. Der Eclips ist in Sachen Leistung f\u00fcr jeden Raum geeignet und kann von oben oder hinten an den Schornstein angeschlossen werden.<\/p>\n<p>Der Verzicht auf das Bedienfeld und die integrierten Griffe schaffen Ruhe und unterstreichen die Liebe zum Detail, mit der diese Serie entworfen wurde.<\/p>\n","protected":false},"featured_media":5064,"comment_status":"open","ping_status":"closed","template":"","meta":{"_acf_changed":false,"_et_pb_use_builder":"","_et_pb_old_content":"","_et_gb_content_width":"","inline_featured_image":false},"product_brand":[],"product_cat":[99,97],"product_tag":[],"class_list":{"0":"post-4190","1":"product","2":"type-product","3":"status-publish","4":"has-post-thumbnail","6":"product_cat-eclips-de","7":"product_cat-holzofen","9":"first","10":"instock","11":"shipping-taxable","12":"product-type-simple"},"acf":[],"_links":{"self":[{"href":"https:\/\/www.altechkachels.com\/de\/wp-json\/wp\/v2\/product\/4190","targetHints":{"allow":["GET"]}}],"collection":[{"href":"https:\/\/www.altechkachels.com\/de\/wp-json\/wp\/v2\/product"}],"about":[{"href":"https:\/\/www.altechkachels.com\/de\/wp-json\/wp\/v2\/types\/product"}],"replies":[{"embeddable":true,"href":"https:\/\/www.altechkachels.com\/de\/wp-json\/wp\/v2\/comments?post=4190"}],"wp:featuredmedia":[{"embeddable":true,"href":"https:\/\/www.altechkachels.com\/de\/wp-json\/wp\/v2\/media\/5064"}],"wp:attachment":[{"href":"https:\/\/www.altechkachels.com\/de\/wp-json\/wp\/v2\/media?parent=4190"}],"wp:term":[{"taxonomy":"product_brand","embeddable":true,"href":"https:\/\/www.altechkachels.com\/de\/wp-json\/wp\/v2\/product_brand?post=4190"},{"taxonomy":"product_cat","embeddable":true,"href":"https:\/\/www.altechkachels.com\/de\/wp-json\/wp\/v2\/product_cat?post=4190"},{"taxonomy":"product_tag","embeddable":true,"href":"https:\/\/www.altechkachels.com\/de\/wp-json\/wp\/v2\/product_tag?post=4190"}],"curies":[{"name":"wp","href":"https:\/\/api.w.org\/{rel}","templated":true}]}}