{"id":4191,"date":"2021-10-08T09:37:03","date_gmt":"2021-10-08T07:37:03","guid":{"rendered":"https:\/\/www.altechkachels.com\/unkategorisiert\/eclips-gourmet\/"},"modified":"2022-03-21T09:53:13","modified_gmt":"2022-03-21T07:53:13","slug":"eclips-gourmet","status":"publish","type":"product","link":"https:\/\/www.altechkachels.com\/de\/holzofen\/eclips-de\/eclips-gourmet\/","title":{"rendered":"Eclips Gourmet"},"content":{"rendered":"<h3>Effiziente Holzverbrennung mit den Eclips<\/h3>\n<p>Um die beim Brennen entstehende Hitze optimal nutzen zu k\u00f6nnen, hat Altech f\u00fcr die Eclips-Serie ein einzigartiges Rauchleitsystem entwickelt. Beim Anfeuern des Ofens werden die Rauchgase gesammelt und durch einen 2 Meter langen Rauchgaskanal geleitet. So k\u00f6nnen Rauchgase die W\u00e4rme l\u00e4nger an den Speckstein abgeben. Dies ist einer der vielen Gr\u00fcnde, warum der Eclips eine sehr hohe Effizienz aufweist. Und dank dieser Technik verbraucht der Eclips in der Praxis auch weniger Holz.<\/p>\n<h3>Mehrere Ausf\u00fchrungen des Eclips erh\u00e4ltlich<\/h3>\n<p>Die Eclips-Serie besteht aus 4 verschiedenen Modellen. Im Grunde sind alle Modelle gleich, unterscheiden sich vom Aussehen her aber im Detail. Beispielsweise kann der Eclips mit Beinen oder einem Holzfach ausgestattet werden und der Ofen kann oben mit einem Backofen ausgestattet werden. Der Altech Eclips Gourmet ist mit Beinen und einem Backofen ausgestattet.   <\/p>\n<p>Der Eclips Gourmet ist in nat\u00fcrlichem Speckstein mit anthrazitfarbenem Gusseisen oder in einfarbigem schwarzem Speckstein mit schwarzem Gusseisen erh\u00e4ltlich.<\/p>\n<h3>Neugierig auf den Altech Eclips Gourmet Specksteinholzofen?<\/h3>\n<p>Erleben Sie die wunderbare W\u00e4rme am eigenen Leib und bewundern Sie diesen Ofen im Showroom bei einem unserer H\u00e4ndler.<\/p>\n","protected":false},"excerpt":{"rendered":"<p>Der Altech Eclips Gourmet ist ein einzigartiger freistehender Specksteinholzofen aus der beliebten Eclips-Serie von Altech. Unter anderem aufgrund seiner ovalen Form wirkt der Eclips Gourmet stilvoll und verspielt. Die Kombination aus Holzfach und Backofen der Complet-Ausf\u00fchrung setzt dem Ganzen nicht nur eine Krone auf, sondern sorgt auch f\u00fcr zus\u00e4tzlichen Genuss. Denn w\u00e4hrend Sie die wohltuende W\u00e4rme und das Flammenspiel des Eclips Complet genie\u00dfen, wird gleichzeitig Ihr Essen auf dem Holzfeuer zubereitet.  <\/p>\n<p>Und zudem garantiert die gebogene Glasscheibe einen sch\u00f6nen Blick auf das Feuer. Der Eclips ist in Sachen Leistung f\u00fcr jeden Raum geeignet und kann von oben oder hinten an den Schornstein angeschlossen werden.<\/p>\n<p>Der Verzicht auf das Bedienfeld und die integrierten Griffe schaffen Ruhe und unterstreichen die Liebe zum Detail, mit der diese Serie entworfen wurde.<\/p>\n","protected":false},"featured_media":5076,"comment_status":"open","ping_status":"closed","template":"","meta":{"_acf_changed":false,"_et_pb_use_builder":"","_et_pb_old_content":"","_et_gb_content_width":"","inline_featured_image":false},"product_brand":[],"product_cat":[99,97],"product_tag":[],"class_list":{"0":"post-4191","1":"product","2":"type-product","3":"status-publish","4":"has-post-thumbnail","6":"product_cat-eclips-de","7":"product_cat-holzofen","9":"first","10":"instock","11":"shipping-taxable","12":"product-type-simple"},"acf":[],"_links":{"self":[{"href":"https:\/\/www.altechkachels.com\/de\/wp-json\/wp\/v2\/product\/4191","targetHints":{"allow":["GET"]}}],"collection":[{"href":"https:\/\/www.altechkachels.com\/de\/wp-json\/wp\/v2\/product"}],"about":[{"href":"https:\/\/www.altechkachels.com\/de\/wp-json\/wp\/v2\/types\/product"}],"replies":[{"embeddable":true,"href":"https:\/\/www.altechkachels.com\/de\/wp-json\/wp\/v2\/comments?post=4191"}],"wp:featuredmedia":[{"embeddable":true,"href":"https:\/\/www.altechkachels.com\/de\/wp-json\/wp\/v2\/media\/5076"}],"wp:attachment":[{"href":"https:\/\/www.altechkachels.com\/de\/wp-json\/wp\/v2\/media?parent=4191"}],"wp:term":[{"taxonomy":"product_brand","embeddable":true,"href":"https:\/\/www.altechkachels.com\/de\/wp-json\/wp\/v2\/product_brand?post=4191"},{"taxonomy":"product_cat","embeddable":true,"href":"https:\/\/www.altechkachels.com\/de\/wp-json\/wp\/v2\/product_cat?post=4191"},{"taxonomy":"product_tag","embeddable":true,"href":"https:\/\/www.altechkachels.com\/de\/wp-json\/wp\/v2\/product_tag?post=4191"}],"curies":[{"name":"wp","href":"https:\/\/api.w.org\/{rel}","templated":true}]}}