{"id":4194,"date":"2021-10-08T09:37:50","date_gmt":"2021-10-08T07:37:50","guid":{"rendered":"https:\/\/www.altechkachels.com\/unkategorisiert\/vision-cook\/"},"modified":"2022-03-21T11:04:40","modified_gmt":"2022-03-21T09:04:40","slug":"vision-cook","status":"publish","type":"product","link":"https:\/\/www.altechkachels.com\/de\/holzofen\/vision-de\/vision-cook\/","title":{"rendered":"Vision Cook"},"content":{"rendered":"<p>Der Vision Cook ist mit einer seitlichen Beschickungst\u00fcr ausgestattet, um das Nachf\u00fcllen des Ofens zu erleichtern. Fr\u00fcher hatten die meisten \u00d6fen auch eine seitliche Beschickungst\u00fcr. Aufgrund neuer Techniken ist das l\u00e4ngst kein Muss mehr, wird aber dennoch von vielen Menschen wertgesch\u00e4tzt.  <\/p>\n<p>Der Altech Vision ist zwar nicht das gr\u00f6\u00dfte Modell von Altech, aber dennoch ein echtes Kraftpaket. Der Vision Cook kann R\u00e4ume schnell zu beheizen und sorgt f\u00fcr viel Atmosph\u00e4re, denn sein gro\u00dfes Fenster bietet einen sch\u00f6nen Blick auf das tanzende Flammenspiel. Die Best\u00e4ndigkeit, die der Vision ausstrahlt, ist bei Altech keine Ausnahme. Von Beginn an war es bei unserem Unternehmen nicht anders \u2013 der Vision Basis ist eines der ersten Modelle, die Altech auf den Markt gebracht hat und erfreut sich heute noch gro\u00dfer Beliebtheit.   <\/p>\n<h3>Mehrere Ausf\u00fchrungen des Vision erh\u00e4ltlich<\/h3>\n<p>Die Vision-Serie besteht aus 2 verschiedenen Modellen. Die Modelle sind im Grunde gleich, unterscheiden sich vom Aussehen her aber im Detail. Das liegt unter anderem daran, dass der Altech Vision Basis optional auch mit einem Backofen erh\u00e4ltlich ist (Vision Cook).  <\/p>\n<p>Der Vision Basis ist in nat\u00fcrlichem Speckstein mit anthrazitfarbenem Gusseisen oder in einfarbigem schwarzem Speckstein mit schwarzem Gusseisen erh\u00e4ltlich.<\/p>\n<h3>Neugierig auf den Altech Vision Cook Specksteinholzofen?<\/h3>\n<p>Erleben Sie die wunderbare W\u00e4rme am eigenen Leib und bewundern Sie diesen Ofen im Showroom bei einem unserer H\u00e4ndler.<\/p>\n","protected":false},"excerpt":{"rendered":"<p>Der Altech Vision Cook ist ein authentischer freistehender Specksteinholzofen der beliebten Vision-Serie von Altech. Diese Serie steht f\u00fcr Authentizit\u00e4t, Robustheit und Benutzerfreundlichkeit. Der Vision Cook vereint die moderne Technologie von Altech mit einem stilvollen und traditionellen Design. Der Vision Cook ist mit einem Backofen ausgestattet, in dem Sie die k\u00f6stlichsten Gerichte zubereiten k\u00f6nnen. Im Backofen kann au\u00dferdem Holz verbrannt werden, sodass Sie auch das Stahlkochfeld oben auf dem Ofen nutzen k\u00f6nnen.   <\/p>\n","protected":false},"featured_media":4586,"comment_status":"open","ping_status":"closed","template":"","meta":{"_acf_changed":false,"_et_pb_use_builder":"","_et_pb_old_content":"","_et_gb_content_width":"","inline_featured_image":false},"product_brand":[],"product_cat":[97,105],"product_tag":[],"class_list":{"0":"post-4194","1":"product","2":"type-product","3":"status-publish","4":"has-post-thumbnail","6":"product_cat-holzofen","7":"product_cat-vision-de","9":"first","10":"instock","11":"shipping-taxable","12":"product-type-simple"},"acf":[],"_links":{"self":[{"href":"https:\/\/www.altechkachels.com\/de\/wp-json\/wp\/v2\/product\/4194","targetHints":{"allow":["GET"]}}],"collection":[{"href":"https:\/\/www.altechkachels.com\/de\/wp-json\/wp\/v2\/product"}],"about":[{"href":"https:\/\/www.altechkachels.com\/de\/wp-json\/wp\/v2\/types\/product"}],"replies":[{"embeddable":true,"href":"https:\/\/www.altechkachels.com\/de\/wp-json\/wp\/v2\/comments?post=4194"}],"wp:featuredmedia":[{"embeddable":true,"href":"https:\/\/www.altechkachels.com\/de\/wp-json\/wp\/v2\/media\/4586"}],"wp:attachment":[{"href":"https:\/\/www.altechkachels.com\/de\/wp-json\/wp\/v2\/media?parent=4194"}],"wp:term":[{"taxonomy":"product_brand","embeddable":true,"href":"https:\/\/www.altechkachels.com\/de\/wp-json\/wp\/v2\/product_brand?post=4194"},{"taxonomy":"product_cat","embeddable":true,"href":"https:\/\/www.altechkachels.com\/de\/wp-json\/wp\/v2\/product_cat?post=4194"},{"taxonomy":"product_tag","embeddable":true,"href":"https:\/\/www.altechkachels.com\/de\/wp-json\/wp\/v2\/product_tag?post=4194"}],"curies":[{"name":"wp","href":"https:\/\/api.w.org\/{rel}","templated":true}]}}