{"id":4197,"date":"2021-10-08T09:47:19","date_gmt":"2021-10-08T07:47:19","guid":{"rendered":"https:\/\/www.altechkachels.com\/unkategorisiert\/grande-massiv\/"},"modified":"2022-03-02T14:44:27","modified_gmt":"2022-03-02T12:44:27","slug":"grande-massiv","status":"publish","type":"product","link":"https:\/\/www.altechkachels.com\/de\/holzofen\/massiv-de\/grande-massiv\/","title":{"rendered":"Grande Massiv"},"content":{"rendered":"<h3>Specksteinmasse f\u00fcr optimale W\u00e4rmeabgabe<\/h3>\n<p>Im Grande Massiv wurden mehr als 1000 Kilogramm Speckstein verarbeitet. Dieser Speckstein sorgt f\u00fcr eine wunderbare und gleichm\u00e4\u00dfige W\u00e4rmeabgabe, womit der Ofen noch Stunden nach dem Erl\u00f6schen des Feuers W\u00e4rme abgibt. <\/p>\n<p>Der Grande Massiv ist der gro\u00dfe Bruder des Massiv und mit einer zus\u00e4tzlichen Specksteinschicht ausgestattet. Je mehr Specksteinmasse in einem Ofen verarbeitet ist, desto besser kann die W\u00e4rme gespeichert werden und desto l\u00e4nger kann der Specksteinofen diese ausstrahlen. So k\u00f6nnen Sie die sanfte W\u00e4rme des Specksteins noch l\u00e4nger genie\u00dfen.  <\/p>\n<h3>Mehrere Ausf\u00fchrungen des Grande Massiv erh\u00e4ltlich<\/h3>\n<p>Die Massiv-Serie besteht aus 2 verschiedenen Modellen. Die Modelle sind im Grunde gleich, unterscheiden sich vom Aussehen her aber im Detail. Der Grande Massiv ist bereits von Haus aus ein eleganter Specksteinofen, kann aber auch (gegen Aufpreis) mit einer Aschlippe erweitert werden.  <\/p>\n<p>Der Grande Massiv ist in nat\u00fcrlichem Speckstein mit anthrazitfarbenem Gusseisen oder in schwarzem Speckstein mit schwarzem Gusseisen erh\u00e4ltlich.<\/p>\n<h3>Von Hand aufgebaut<\/h3>\n<p>Einen gebrauchsfertigen Ofen mit einem Gewicht von 1000 Kilo zu liefern, ist nicht in der Praxis nicht sinnvoll. Deshalb wird der Grande Massiv Specksteinofen Stein f\u00fcr Stein vor Ort aufgebaut. Um die Brennkammer herum befindet sich ein Stahlger\u00fcst, um welches die Specksteinbl\u00f6cke gelegt werden \u2013 so wird die Grande Massiv Schritt f\u00fcr Schritt aufgebaut.  <\/p>\n<h3>Neugierig auf den Altech Grande Massiv Specksteinholzofen?<\/h3>\n<p>Erleben Sie die wunderbare W\u00e4rme am eigenen Leib und bewundern Sie diesen Ofen im Showroom bei einem unserer H\u00e4ndler.<\/p>\n","protected":false},"excerpt":{"rendered":"<p>Der Altech Grande Massiv ist das gr\u00f6\u00dfte Kraftpaket im Altech-Sortiment. Dieser Ofen mutet robust an, aber verf\u00fcgt \u00fcber die gleiche W\u00e4rmespeicherkapazit\u00e4t wie die herk\u00f6mmlichen massiven Speckstein\u00f6fen. Und trotz seines Formats nimmt der Ofen nicht viel mehr Platz als jeder andere herk\u00f6mmliche Holzofen ein. Somit eignet sich der Massiv f\u00fcr praktisch jedes Zuhause.  <\/p>\n","protected":false},"featured_media":5052,"comment_status":"open","ping_status":"closed","template":"","meta":{"_acf_changed":false,"_et_pb_use_builder":"","_et_pb_old_content":"","_et_gb_content_width":"","inline_featured_image":false},"product_brand":[],"product_cat":[97,101],"product_tag":[],"class_list":{"0":"post-4197","1":"product","2":"type-product","3":"status-publish","4":"has-post-thumbnail","6":"product_cat-holzofen","7":"product_cat-massiv-de","9":"first","10":"instock","11":"shipping-taxable","12":"product-type-simple"},"acf":[],"_links":{"self":[{"href":"https:\/\/www.altechkachels.com\/de\/wp-json\/wp\/v2\/product\/4197","targetHints":{"allow":["GET"]}}],"collection":[{"href":"https:\/\/www.altechkachels.com\/de\/wp-json\/wp\/v2\/product"}],"about":[{"href":"https:\/\/www.altechkachels.com\/de\/wp-json\/wp\/v2\/types\/product"}],"replies":[{"embeddable":true,"href":"https:\/\/www.altechkachels.com\/de\/wp-json\/wp\/v2\/comments?post=4197"}],"wp:featuredmedia":[{"embeddable":true,"href":"https:\/\/www.altechkachels.com\/de\/wp-json\/wp\/v2\/media\/5052"}],"wp:attachment":[{"href":"https:\/\/www.altechkachels.com\/de\/wp-json\/wp\/v2\/media?parent=4197"}],"wp:term":[{"taxonomy":"product_brand","embeddable":true,"href":"https:\/\/www.altechkachels.com\/de\/wp-json\/wp\/v2\/product_brand?post=4197"},{"taxonomy":"product_cat","embeddable":true,"href":"https:\/\/www.altechkachels.com\/de\/wp-json\/wp\/v2\/product_cat?post=4197"},{"taxonomy":"product_tag","embeddable":true,"href":"https:\/\/www.altechkachels.com\/de\/wp-json\/wp\/v2\/product_tag?post=4197"}],"curies":[{"name":"wp","href":"https:\/\/api.w.org\/{rel}","templated":true}]}}