{"id":4203,"date":"2021-10-08T09:54:29","date_gmt":"2021-10-08T07:54:29","guid":{"rendered":"https:\/\/www.altechkachels.com\/unkategorisiert\/torus-pelletofen\/"},"modified":"2022-03-21T11:12:40","modified_gmt":"2022-03-21T09:12:40","slug":"torus-pellet-basis","status":"publish","type":"product","link":"https:\/\/www.altechkachels.com\/de\/pelletofen\/torus-pellet-de\/torus-pellet-basis\/","title":{"rendered":"Torus Pelletofen"},"content":{"rendered":"<h3>Genie\u00dfen Sie das Flammenspiel in vollen Z\u00fcgen<\/h3>\n<p>Neben der wohltuenden und intensiven W\u00e4rme des Altech Torus Pelletofens, k\u00f6nnen Sie mit diesem Modell auch das sch\u00f6ne Flammenspiel in vollen Z\u00fcgen genie\u00dfen. Der Pelletofen Torus hat einen gro\u00dfen Rahmen, der eine gute Sicht auf das Feuer erm\u00f6glicht. <\/p>\n<h3>Mehrere Farben und Optionen erh\u00e4ltlich<\/h3>\n<p>Der Altech Torus Pelletofen ist in zwei Farben erh\u00e4ltlich: Naturspeckstein mit anthrazitfarbenem Gusseisen und in einfarbig Schwarz. Bei der einfarbig schwarzen Option wurden sowohl der Speckstein als auch das Gusseisen schwarz lackiert. Der Torus ist standardm\u00e4\u00dfig ein Front-Pelletofen und mit einem 2,5-Kilogramm-Pelletbrenner ausgestattet.  <\/p>\n<h3>Neugierig auf den Altech Torus Specksteinpelletofen?<\/h3>\n<p>Erleben Sie die wunderbare W\u00e4rme am eigenen Leib und bewundern Sie diesen Ofen im Showroom bei einem unserer H\u00e4ndler.<\/p>\n","protected":false},"excerpt":{"rendered":"<p>Der Altech Torus Pelletofen ist ein eleganter, freistehender Pelletofen, der ohne Strom arbeitet. Denn der Torus verf\u00fcgt \u00fcber einen Pelletbrenner, der mit Prim\u00e4r- und Sekund\u00e4rbel\u00fcftung ausgestattet ist. Diese Bel\u00fcftung sorgt daf\u00fcr, dass die aus den Pellets austretenden Gase oben im Beh\u00e4lter verbrannt werden, was ein sch\u00f6nes Flammenspiel ergibt. Die Bel\u00fcftung ist vollst\u00e4ndig nat\u00fcrlich \u2013 keine Ventilatoren werden in diesem Pelletofen genutzt. Dadurch ist der Altech Torus Pelletofen stromlos, unglaublich leise und auch nicht anf\u00e4llig f\u00fcr St\u00f6rungen.    <\/p>\n","protected":false},"featured_media":4629,"comment_status":"open","ping_status":"closed","template":"","meta":{"_acf_changed":false,"_et_pb_use_builder":"","_et_pb_old_content":"","_et_gb_content_width":"","inline_featured_image":false},"product_brand":[],"product_cat":[98,110],"product_tag":[],"class_list":{"0":"post-4203","1":"product","2":"type-product","3":"status-publish","4":"has-post-thumbnail","6":"product_cat-pelletofen","7":"product_cat-torus-pellet-de","9":"first","10":"instock","11":"shipping-taxable","12":"product-type-simple"},"acf":[],"_links":{"self":[{"href":"https:\/\/www.altechkachels.com\/de\/wp-json\/wp\/v2\/product\/4203","targetHints":{"allow":["GET"]}}],"collection":[{"href":"https:\/\/www.altechkachels.com\/de\/wp-json\/wp\/v2\/product"}],"about":[{"href":"https:\/\/www.altechkachels.com\/de\/wp-json\/wp\/v2\/types\/product"}],"replies":[{"embeddable":true,"href":"https:\/\/www.altechkachels.com\/de\/wp-json\/wp\/v2\/comments?post=4203"}],"wp:featuredmedia":[{"embeddable":true,"href":"https:\/\/www.altechkachels.com\/de\/wp-json\/wp\/v2\/media\/4629"}],"wp:attachment":[{"href":"https:\/\/www.altechkachels.com\/de\/wp-json\/wp\/v2\/media?parent=4203"}],"wp:term":[{"taxonomy":"product_brand","embeddable":true,"href":"https:\/\/www.altechkachels.com\/de\/wp-json\/wp\/v2\/product_brand?post=4203"},{"taxonomy":"product_cat","embeddable":true,"href":"https:\/\/www.altechkachels.com\/de\/wp-json\/wp\/v2\/product_cat?post=4203"},{"taxonomy":"product_tag","embeddable":true,"href":"https:\/\/www.altechkachels.com\/de\/wp-json\/wp\/v2\/product_tag?post=4203"}],"curies":[{"name":"wp","href":"https:\/\/api.w.org\/{rel}","templated":true}]}}