{"id":4205,"date":"2021-10-08T09:52:37","date_gmt":"2021-10-08T07:52:37","guid":{"rendered":"https:\/\/www.altechkachels.com\/unkategorisiert\/ecosy-pelletofen\/"},"modified":"2022-03-21T12:01:22","modified_gmt":"2022-03-21T10:01:22","slug":"ecosy-pellet-basis","status":"publish","type":"product","link":"https:\/\/www.altechkachels.com\/de\/pelletofen\/ecosy-pellet-de\/ecosy-pellet-basis\/","title":{"rendered":"Ecosy Pelletofen"},"content":{"rendered":"<h3>Genie\u00dfen Sie das Flammenspiel in vollen Z\u00fcgen<\/h3>\n<p>Neben der wohltuenden und intensiven W\u00e4rme des Altech Ecosy Pelletofens, k\u00f6nnen Sie mit diesem Modell auch das sch\u00f6ne Flammenspiel in vollen Z\u00fcgen genie\u00dfen. Der Ecosy Pelletofen hat einen gro\u00dfen Rahmen, der eine gute Sicht auf das Feuer erm\u00f6glicht.<\/p>\n<p>Der Altech Ecosy Pelletofen ist in zwei Farben erh\u00e4ltlich: Naturspeckstein mit anthrazitfarbenem Gusseisen und in einfarbig Schwarz. Bei der einfarbig schwarzen Option wurden sowohl der Speckstein als auch das Gusseisen schwarz lackiert. Der Ecosy ist standardm\u00e4\u00dfig ein Front-Pelletofen und mit einem 4-Kilogramm-Pelletbrenner ausgestattet.<\/p>\n<h3>Neugierig auf den Altech Ecosy Specksteinpelletofen?<\/h3>\n<p>Erleben Sie die wunderbare W\u00e4rme am eigenen Leib und bewundern Sie diesen Ofen im Showroom bei einem unserer H\u00e4ndler.<\/p>\n","protected":false},"excerpt":{"rendered":"<p>Der Altech Ecosy Pelletofen ist ein schlanker, freistehender Pelletofen mit runden Konturen. Einzigartig an diesem Ofen ist, dass er ohne Strom arbeitet. Denn der Ecosy verf\u00fcgt \u00fcber einen Pelletbrenner, der mit Prim\u00e4r- und Sekund\u00e4rbel\u00fcftung ausgestattet ist. Diese Bel\u00fcftung sorgt daf\u00fcr, dass die aus den Pellets austretenden Gase oben im Beh\u00e4lter verbrannt werden, was ein sch\u00f6nes Flammenspiel ergibt. Die Bel\u00fcftung ist vollst\u00e4ndig nat\u00fcrlich \u2013 keine Ventilatoren werden in diesem Pelletofen genutzt. Dadurch ist der Altech Ecosy Pelletofen stromlos, unglaublich leise und auch nicht anf\u00e4llig f\u00fcr St\u00f6rungen.<\/p>\n","protected":false},"featured_media":7690,"comment_status":"open","ping_status":"closed","template":"","meta":{"_acf_changed":false,"_et_pb_use_builder":"","_et_pb_old_content":"","_et_gb_content_width":"","inline_featured_image":false},"product_brand":[],"product_cat":[107,98],"product_tag":[],"class_list":{"0":"post-4205","1":"product","2":"type-product","3":"status-publish","4":"has-post-thumbnail","6":"product_cat-ecosy-pellet-de","7":"product_cat-pelletofen","9":"first","10":"instock","11":"shipping-taxable","12":"product-type-simple"},"acf":[],"_links":{"self":[{"href":"https:\/\/www.altechkachels.com\/de\/wp-json\/wp\/v2\/product\/4205","targetHints":{"allow":["GET"]}}],"collection":[{"href":"https:\/\/www.altechkachels.com\/de\/wp-json\/wp\/v2\/product"}],"about":[{"href":"https:\/\/www.altechkachels.com\/de\/wp-json\/wp\/v2\/types\/product"}],"replies":[{"embeddable":true,"href":"https:\/\/www.altechkachels.com\/de\/wp-json\/wp\/v2\/comments?post=4205"}],"wp:featuredmedia":[{"embeddable":true,"href":"https:\/\/www.altechkachels.com\/de\/wp-json\/wp\/v2\/media\/7690"}],"wp:attachment":[{"href":"https:\/\/www.altechkachels.com\/de\/wp-json\/wp\/v2\/media?parent=4205"}],"wp:term":[{"taxonomy":"product_brand","embeddable":true,"href":"https:\/\/www.altechkachels.com\/de\/wp-json\/wp\/v2\/product_brand?post=4205"},{"taxonomy":"product_cat","embeddable":true,"href":"https:\/\/www.altechkachels.com\/de\/wp-json\/wp\/v2\/product_cat?post=4205"},{"taxonomy":"product_tag","embeddable":true,"href":"https:\/\/www.altechkachels.com\/de\/wp-json\/wp\/v2\/product_tag?post=4205"}],"curies":[{"name":"wp","href":"https:\/\/api.w.org\/{rel}","templated":true}]}}