{"id":6265,"date":"2021-11-09T17:19:39","date_gmt":"2021-11-09T15:19:39","guid":{"rendered":"https:\/\/www.altechkachels.com\/unkategorisiert\/vision-basis\/"},"modified":"2021-11-09T17:19:39","modified_gmt":"2021-11-09T15:19:39","slug":"vision-basis-de","status":"publish","type":"product","link":"https:\/\/www.altechkachels.com\/de\/holzofen\/vision-de\/vision-basis-de\/","title":{"rendered":"Vision Basis"},"content":{"rendered":"<p>Dieser Vision-Sockel ist mit einer Einf\u00fcllt\u00fcr an der Seite ausgestattet, um das Nachf\u00fcllen des Ofens noch einfacher zu machen. Fr\u00fcher hatten die meisten Holz\u00f6fen auch eine Einf\u00fcllt\u00fcr an der Seite. Mit der modernen Technik ist dies zwar kein Muss mehr, wird aber immer noch von vielen Menschen gesch\u00e4tzt.  <\/p>\n<p>Der Altech Vision ist ein echtes Kraftpaket. Der Vision Basis ist in der Lage, R\u00e4ume schnell zu beheizen und sorgt f\u00fcr viel Atmosph\u00e4re, da sein gro\u00dfes Fenster einen sch\u00f6nen Blick auf die tanzenden Flammen bietet. Die Solidit\u00e4t, die der Vision ausstrahlt, ist kein Alleinstellungsmerkmal von Altech. Der Vision Basis war eines der ersten Modelle, die Altech auf den Markt gebracht hat, und er ist immer noch sehr gefragt.   <\/p>\n<h3>Mehrere Ausf\u00fchrungen des Vision erh\u00e4ltlich<\/h3>\n<p>Die Vision-Serie besteht aus 2 verschiedenen Modellen. Die Modelle sind im Grunde gleich, unterscheiden sich aber im Detail durch ihr Aussehen. Das liegt daran, dass der Altech Vision Basis auch mit der Option eines Backofens (Vision Cook) erh\u00e4ltlich ist.  <\/p>\n<p>Der Vision Basis ist in nat\u00fcrlichem Speckstein mit anthrazitfarbenem Gusseisen oder in einfarbigem schwarzem Speckstein mit schwarzem Gusseisen erh\u00e4ltlich.<\/p>\n<h3>Neugierig auf den Altech Vision Basis Specksteinholzofen?<\/h3>\n<p>Erleben Sie die wunderbare W\u00e4rme am eigenen Leib und bewundern Sie diesen Ofen im Showroom bei einem unserer H\u00e4ndler.<\/p>\n","protected":false},"excerpt":{"rendered":"<p>Der Altech Vision Basis ist ein authentischer, freistehender Speckstein-Holzofen aus der beliebten Vision-Serie von Altech. Diese Serie ist bekannt f\u00fcr ihre Authentizit\u00e4t, Robustheit und Benutzerfreundlichkeit. Das Modell Vision Basis verbindet die moderne Technologie von Altech mit einem stilvollen und traditionellen Aussehen.  <\/p>\n","protected":false},"featured_media":3670,"comment_status":"open","ping_status":"closed","template":"","meta":{"_acf_changed":false,"_et_pb_use_builder":"","_et_pb_old_content":"","_et_gb_content_width":"","inline_featured_image":false},"product_brand":[],"product_cat":[97,105],"product_tag":[],"class_list":{"0":"post-6265","1":"product","2":"type-product","3":"status-publish","4":"has-post-thumbnail","6":"product_cat-holzofen","7":"product_cat-vision-de","9":"first","10":"instock","11":"shipping-taxable","12":"product-type-simple"},"acf":[],"_links":{"self":[{"href":"https:\/\/www.altechkachels.com\/de\/wp-json\/wp\/v2\/product\/6265","targetHints":{"allow":["GET"]}}],"collection":[{"href":"https:\/\/www.altechkachels.com\/de\/wp-json\/wp\/v2\/product"}],"about":[{"href":"https:\/\/www.altechkachels.com\/de\/wp-json\/wp\/v2\/types\/product"}],"replies":[{"embeddable":true,"href":"https:\/\/www.altechkachels.com\/de\/wp-json\/wp\/v2\/comments?post=6265"}],"wp:featuredmedia":[{"embeddable":true,"href":"https:\/\/www.altechkachels.com\/de\/wp-json\/wp\/v2\/media\/3670"}],"wp:attachment":[{"href":"https:\/\/www.altechkachels.com\/de\/wp-json\/wp\/v2\/media?parent=6265"}],"wp:term":[{"taxonomy":"product_brand","embeddable":true,"href":"https:\/\/www.altechkachels.com\/de\/wp-json\/wp\/v2\/product_brand?post=6265"},{"taxonomy":"product_cat","embeddable":true,"href":"https:\/\/www.altechkachels.com\/de\/wp-json\/wp\/v2\/product_cat?post=6265"},{"taxonomy":"product_tag","embeddable":true,"href":"https:\/\/www.altechkachels.com\/de\/wp-json\/wp\/v2\/product_tag?post=6265"}],"curies":[{"name":"wp","href":"https:\/\/api.w.org\/{rel}","templated":true}]}}