{"id":6280,"date":"2022-06-10T08:32:18","date_gmt":"2022-06-10T06:32:18","guid":{"rendered":"https:\/\/www.altechkachels.com\/unkategorisiert\/max-h-pellet\/"},"modified":"2022-06-10T08:32:18","modified_gmt":"2022-06-10T06:32:18","slug":"max-h-pellet","status":"publish","type":"product","link":"https:\/\/www.altechkachels.com\/de\/pelletofen\/max-pellet-de\/max-h-pellet\/","title":{"rendered":"Max H pellet"},"content":{"rendered":"<p><strong>Altech Max H Pellet Plus<\/strong><br \/>\nDer Altech Max H Pellet ist ein Modell aus der beliebten Max-Serie von Altech. Der Max H Pellet Plus zeichnet sich, wie alle anderen Modelle dieser Serie, durch seinen Stahlrahmen und seine rechteckigen Formen aus. Diese Kombination macht den Max H Pellet zum schlanksten aller Altech-Speckstein\u00f6fen.<\/p>\n<p><strong>Geeignet f\u00fcr jeden Haushalt<\/strong><br \/>\nMit einer Leistung von 2 bis 10 kW eignet sich der Pelletofen Max H Pellet Plus sowohl f\u00fcr die Versorgung kleinerer R\u00e4ume als auch gr\u00f6\u00dferer Fl\u00e4chen mit herrlicher Infrarotw\u00e4rme. Das Feuer des eleganten Pelletofens Max H plus ist durch das gro\u00dfe Sichtfenster gut zu sehen. Und mit diesem Modell genie\u00dfen Sie nicht nur einen sch\u00f6nen Blick auf das Feuer. Nein, die wunderbare und gesunde Infrarotw\u00e4rme aus der dicken Specksteinschicht in Kombination mit der einfachen und effektiven Bedienung machen diese Pellet\u00f6fen noch beliebter.<\/p>\n<p><strong>Genie\u00dfen Sie ein sch\u00f6nes Feuer mit diesem stromlosen Pelletofen<\/strong><br \/>\nMit dem Pelletofen Altech Max H Pellet erzielen Sie ein sch\u00f6nes Flammenbild und genie\u00dfen die gesunde W\u00e4rme des Specksteins. Dieser Specksteinofen verbrennt mit Holzpellets und arbeitet nicht automatisch wie ein typischer Pelletofen, sondern mit einem Mikrovergasungssystem.<\/p>\n<p>Diese patentierte Technologie gew\u00e4hrleistet eine saubere Verbrennung und einen sehr hohen Wirkungsgrad. Dieses Modell (wie auch die anderen Holz- und Pelletofenmodelle aus Speckstein) funktioniert mit Sauerstoff aus dem Raum und dem nat\u00fcrlichen Zug im Schornstein. Dieses stromlose Verbrennungssystem macht den Einsatz von Ventilatoren \u00fcberfl\u00fcssig. Sie haben also weder Rauschen noch St\u00f6rungen. Und dank des einzigartigen Verbrennungssystems erreichen die Altech-Pellet\u00f6fen einen hohen Wirkungsgrad und einen minimalen Pelletverbrauch.<\/p>\n<p><strong>Mehrere Versionen des Max m\u00f6glich<\/strong><br \/>\nDie beliebte Max-Serie besteht aus mehreren Modellen und ist sowohl als Holz- als auch als Pelletofen erh\u00e4ltlich. Dieses Modell ist in nat\u00fcrlichem Speckstein mit anthrazitfarbenem Gusseisen oder in uni schwarzem Speckstein mit schwarzem Gusseisen erh\u00e4ltlich.<\/p>\n<h2>Genie\u00dfen Sie die wunderbare W\u00e4rme von Speckstein mit dem Altech Max H Pellet<\/h2>\n<p>Das Altech Max H-Pellet besteht zum gr\u00f6\u00dften Teil aus <a href=\"https:\/\/www.altechkachels.com\/kenniscentrum\/wat-is-speksteen\/\">Speckstein<\/a>. Das Besondere an diesem Material ist, dass Speckstein die W\u00e4rme speichert und gleichm\u00e4\u00dfig abstrahlt. Sie k\u00f6nnen diese W\u00e4rme mit der Infrarotw\u00e4rme der Sonne vergleichen. Infrarotw\u00e4rme ist die nat\u00fcrlichste W\u00e4rme, die es gibt, und erw\u00e4rmt die Gegenst\u00e4nde im Raum. Die W\u00e4rme umh\u00fcllt Sie wie eine Decke und w\u00e4rmt Ihren ganzen K\u00f6rper und Ihre Umgebung. <\/p>\n<p><strong>Erleben Sie den Pelletofen Altech Max H selbst<\/strong><br \/>\nNeugierig auf diesen Pelletofen?Erleben Sie den Pelletofen Altech Max B selbst Bewundern Sie es im Ausstellungsraum bei einem unserer <a href=\"http:\/\/www.haveverwarming.nl\/experiencecenter\" rel=\"noopener\">H\u00e4ndler<\/a> oder im HAV\u00c9 Heizungserlebniszentrum.<\/p>\n","protected":false},"excerpt":{"rendered":"<p>Ein noch nie dagewesenes schlankes Design, kombiniert mit der vertrauten W\u00e4rme des Specksteins, macht den Altech Max H zum Pelletofen der Zukunft&#8221;.<\/p>\n","protected":false},"featured_media":5919,"comment_status":"open","ping_status":"closed","template":"","meta":{"_acf_changed":false,"_et_pb_use_builder":"","_et_pb_old_content":"","_et_gb_content_width":"","inline_featured_image":false},"product_brand":[],"product_cat":[144,98],"product_tag":[],"class_list":{"0":"post-6280","1":"product","2":"type-product","3":"status-publish","4":"has-post-thumbnail","6":"product_cat-max-pellet-de","7":"product_cat-pelletofen","9":"first","10":"instock","11":"shipping-taxable","12":"product-type-simple"},"acf":[],"_links":{"self":[{"href":"https:\/\/www.altechkachels.com\/de\/wp-json\/wp\/v2\/product\/6280","targetHints":{"allow":["GET"]}}],"collection":[{"href":"https:\/\/www.altechkachels.com\/de\/wp-json\/wp\/v2\/product"}],"about":[{"href":"https:\/\/www.altechkachels.com\/de\/wp-json\/wp\/v2\/types\/product"}],"replies":[{"embeddable":true,"href":"https:\/\/www.altechkachels.com\/de\/wp-json\/wp\/v2\/comments?post=6280"}],"wp:featuredmedia":[{"embeddable":true,"href":"https:\/\/www.altechkachels.com\/de\/wp-json\/wp\/v2\/media\/5919"}],"wp:attachment":[{"href":"https:\/\/www.altechkachels.com\/de\/wp-json\/wp\/v2\/media?parent=6280"}],"wp:term":[{"taxonomy":"product_brand","embeddable":true,"href":"https:\/\/www.altechkachels.com\/de\/wp-json\/wp\/v2\/product_brand?post=6280"},{"taxonomy":"product_cat","embeddable":true,"href":"https:\/\/www.altechkachels.com\/de\/wp-json\/wp\/v2\/product_cat?post=6280"},{"taxonomy":"product_tag","embeddable":true,"href":"https:\/\/www.altechkachels.com\/de\/wp-json\/wp\/v2\/product_tag?post=6280"}],"curies":[{"name":"wp","href":"https:\/\/api.w.org\/{rel}","templated":true}]}}