{"id":6281,"date":"2022-06-09T10:02:33","date_gmt":"2022-06-09T08:02:33","guid":{"rendered":"https:\/\/www.altechkachels.com\/unkategorisiert\/max-h\/"},"modified":"2022-06-09T10:02:33","modified_gmt":"2022-06-09T08:02:33","slug":"max-h","status":"publish","type":"product","link":"https:\/\/www.altechkachels.com\/de\/holzofen\/max-de\/max-h\/","title":{"rendered":"Max H"},"content":{"rendered":"<p>Der Altech Max H Speckstein-Holzofen ist das Basismodell auf Beinen und eines der beliebtesten Modelle der Max-Serie. Der Max H zeichnet sich durch sein rechteckiges Design aus. Dank dieser Konstruktion bietet dieses Ger\u00e4t eine sch\u00f6ne, hohe Sicht auf das Feuer. Diese Eigenschaften in Verbindung mit seinem hohen Wirkungsgrad und der Verwendung von Speckstein in Kombination mit Stahl machen diesen Ofen sehr beliebt.<\/p>\n<h2>Der eleganteste Specksteinofen auf dem Markt<\/h2>\n<p>Zum ersten Mal in den 40 Jahren, in denen Altech Speckstein\u00f6fen herstellt, hat man sich entschieden, ein Modell mit einem Stahlrahmen auf den Markt zu bringen. Dieser Stahlrahmen und die eingelassenen Specksteine verleihen dem Altech Max das schlankste Design aller Speckstein\u00f6fen. <\/p>\n<p>Mit einer Leistung von 3 bis 8,5 kW kann der Max sowohl kleinere als auch gr\u00f6\u00dfere R\u00e4ume mit wohltuender Infrarotw\u00e4rme versorgen. Der Holzofen ist einfach zu bedienen \u2013 der integrierte T\u00fcrgriff und der L\u00fcftungsgriff k\u00f6nnen mit dem mitgelieferten Schl\u00fcssel bedient werden. Wie Sie es von Altech gewohnt sind, ist auch dieses Modell auf einem Holzstand erh\u00e4ltlich, sodass Sie einen noch besseren Blick auf das wundervolle Flammenspiel haben.<\/p>\n<h2>Genie\u00dfen Sie die wunderbare W\u00e4rme von Speckstein mit dem Altech Max H<\/h2>\n<p>Der Altech Max H besteht haupts\u00e4chlich aus <a href=\"https:\/\/www.altechkachels.com\/kenniscentrum\/wat-is-speksteen\/\">Speckstein<\/a>. Das Besondere an diesem Material ist, dass Speckstein die W\u00e4rme speichert und gleichm\u00e4\u00dfig abstrahlt. Sie k\u00f6nnen diese W\u00e4rme mit der Infrarotw\u00e4rme der Sonne vergleichen. Infrarotw\u00e4rme ist die nat\u00fcrlichste W\u00e4rme, die es gibt, und erw\u00e4rmt die Gegenst\u00e4nde im Raum. Die W\u00e4rme umh\u00fcllt Sie wie eine Decke und w\u00e4rmt Ihren ganzen K\u00f6rper und Ihre Umgebung. <\/p>\n<h2>Neugierig auf den Altech Max H Speckstein-Holzofen?<\/h2>\n<p>Erleben Sie die wunderbare W\u00e4rme und bewundern Sie diesen Ofen im Ausstellungsraum bei einem unserer <a href=\"https:\/\/www.altechkachels.com\/dealers\/\">H\u00e4ndler<\/a> oder im <a href=\"http:\/\/www.haveverwarming.nl\/experiencecenter\" rel=\"noopener\">HAV\u00c9 Heizungserlebniszentrum.<\/a><\/p>\n","protected":false},"excerpt":{"rendered":"<p>Ein beispiellos elegantes Design in Kombination mit der vertrauten Specksteinw\u00e4rme \u2013 das macht den Altech Max zum \u201eHolzofen der Zukunft\u201c.<\/p>\n","protected":false},"featured_media":5796,"comment_status":"open","ping_status":"closed","template":"","meta":{"_acf_changed":false,"_et_pb_use_builder":"","_et_pb_old_content":"","_et_gb_content_width":"","inline_featured_image":false},"product_brand":[],"product_cat":[97,143],"product_tag":[],"class_list":{"0":"post-6281","1":"product","2":"type-product","3":"status-publish","4":"has-post-thumbnail","6":"product_cat-holzofen","7":"product_cat-max-de","9":"first","10":"instock","11":"shipping-taxable","12":"product-type-simple"},"acf":[],"_links":{"self":[{"href":"https:\/\/www.altechkachels.com\/de\/wp-json\/wp\/v2\/product\/6281","targetHints":{"allow":["GET"]}}],"collection":[{"href":"https:\/\/www.altechkachels.com\/de\/wp-json\/wp\/v2\/product"}],"about":[{"href":"https:\/\/www.altechkachels.com\/de\/wp-json\/wp\/v2\/types\/product"}],"replies":[{"embeddable":true,"href":"https:\/\/www.altechkachels.com\/de\/wp-json\/wp\/v2\/comments?post=6281"}],"wp:featuredmedia":[{"embeddable":true,"href":"https:\/\/www.altechkachels.com\/de\/wp-json\/wp\/v2\/media\/5796"}],"wp:attachment":[{"href":"https:\/\/www.altechkachels.com\/de\/wp-json\/wp\/v2\/media?parent=6281"}],"wp:term":[{"taxonomy":"product_brand","embeddable":true,"href":"https:\/\/www.altechkachels.com\/de\/wp-json\/wp\/v2\/product_brand?post=6281"},{"taxonomy":"product_cat","embeddable":true,"href":"https:\/\/www.altechkachels.com\/de\/wp-json\/wp\/v2\/product_cat?post=6281"},{"taxonomy":"product_tag","embeddable":true,"href":"https:\/\/www.altechkachels.com\/de\/wp-json\/wp\/v2\/product_tag?post=6281"}],"curies":[{"name":"wp","href":"https:\/\/api.w.org\/{rel}","templated":true}]}}