{"id":6283,"date":"2022-06-09T11:08:16","date_gmt":"2022-06-09T09:08:16","guid":{"rendered":"https:\/\/www.altechkachels.com\/unkategorisiert\/max-h-depot\/"},"modified":"2022-06-09T11:08:16","modified_gmt":"2022-06-09T09:08:16","slug":"max-h-depot","status":"publish","type":"product","link":"https:\/\/www.altechkachels.com\/de\/holzofen\/max-de\/max-h-depot\/","title":{"rendered":"Max H depot"},"content":{"rendered":"<p><strong>Altech Max H Depot<\/strong><br \/>\nDas Max H Depot zeichnet sich, wie alle anderen Modelle dieser Serie, durch seinen Stahlrahmen und seine rechteckigen Formen aus. Diese Kombination macht den Max H Depot zum schlanksten aller Altech-Speckstein\u00f6fen.<\/p>\n<p>Mit einer Leistung von 3 bis 8,5 kW eignet sich der Max H Depot sowohl f\u00fcr die Versorgung kleinerer R\u00e4ume als auch gro\u00dfer Fl\u00e4chen mit seiner wunderbaren Infrarotw\u00e4rme. Der Holzofen ist einfach zu bedienen \u2013 der integrierte T\u00fcrgriff und der L\u00fcftungsgriff k\u00f6nnen mit dem mitgelieferten Schl\u00fcssel bedient werden. <\/p>\n<p><strong>Mehrere Versionen des Max m\u00f6glich<\/strong><br \/>\nDas Altech Max H Depot ist eines der Modelle der beliebten Max-Serie von Altech. Diese Version des Max H ist mit einem Holzdepot ausgestattet, so dass Sie einen noch besseren Blick auf das sch\u00f6ne Feuerspiel haben. Dar\u00fcber hinaus ist dieser Ofen in nat\u00fcrlichem Speckstein mit anthrazitfarbenem Gusseisen oder in uni schwarzem Speckstein mit schwarzem Gusseisen erh\u00e4ltlich.<\/p>\n<h2>Genie\u00dfen Sie die wunderbare W\u00e4rme von Speckstein mit dem Altech Max H-Depot<\/h2>\n<p>Der Altech Max B besteht haupts\u00e4chlich aus <a href=\"https:\/\/www.altechkachels.com\/kenniscentrum\/wat-is-speksteen\/\">Speckstein<\/a>. Das Besondere an diesem Material ist, dass Speckstein die W\u00e4rme speichert und gleichm\u00e4\u00dfig abstrahlt. Sie k\u00f6nnen diese W\u00e4rme mit der Infrarotw\u00e4rme der Sonne vergleichen. Infrarotw\u00e4rme ist die nat\u00fcrlichste W\u00e4rme, die es gibt, und erw\u00e4rmt die Gegenst\u00e4nde im Raum. Die W\u00e4rme umh\u00fcllt Sie wie eine Decke und w\u00e4rmt Ihren ganzen K\u00f6rper und Ihre Umgebung. <\/p>\n<p><strong>Erleben Sie das Altech Max H Depot selbst<\/strong><br \/>\nNeugierig auf diesen Kaminofen? Bewundern Sie es im Ausstellungsraum bei einem unserer <a href=\"https:\/\/www.altechkachels.com\/dealers\/\">H\u00e4ndler<\/a> oder im <a href=\"http:\/\/www.haveverwarming.nl\/experiencecenter\" rel=\"noopener\">HAV\u00c9 Heizungserlebniszentrum.<\/a><\/p>\n","protected":false},"excerpt":{"rendered":"<p>Ein beispiellos elegantes Design in Kombination mit der vertrauten Specksteinw\u00e4rme \u2013 das macht den Altech Max zum \u201eHolzofen der Zukunft\u201c.<\/p>\n","protected":false},"featured_media":6035,"comment_status":"open","ping_status":"closed","template":"","meta":{"_acf_changed":false,"_et_pb_use_builder":"","_et_pb_old_content":"","_et_gb_content_width":"","inline_featured_image":false},"product_brand":[],"product_cat":[97,143],"product_tag":[],"class_list":{"0":"post-6283","1":"product","2":"type-product","3":"status-publish","4":"has-post-thumbnail","6":"product_cat-holzofen","7":"product_cat-max-de","9":"first","10":"instock","11":"shipping-taxable","12":"product-type-simple"},"acf":[],"_links":{"self":[{"href":"https:\/\/www.altechkachels.com\/de\/wp-json\/wp\/v2\/product\/6283","targetHints":{"allow":["GET"]}}],"collection":[{"href":"https:\/\/www.altechkachels.com\/de\/wp-json\/wp\/v2\/product"}],"about":[{"href":"https:\/\/www.altechkachels.com\/de\/wp-json\/wp\/v2\/types\/product"}],"replies":[{"embeddable":true,"href":"https:\/\/www.altechkachels.com\/de\/wp-json\/wp\/v2\/comments?post=6283"}],"wp:featuredmedia":[{"embeddable":true,"href":"https:\/\/www.altechkachels.com\/de\/wp-json\/wp\/v2\/media\/6035"}],"wp:attachment":[{"href":"https:\/\/www.altechkachels.com\/de\/wp-json\/wp\/v2\/media?parent=6283"}],"wp:term":[{"taxonomy":"product_brand","embeddable":true,"href":"https:\/\/www.altechkachels.com\/de\/wp-json\/wp\/v2\/product_brand?post=6283"},{"taxonomy":"product_cat","embeddable":true,"href":"https:\/\/www.altechkachels.com\/de\/wp-json\/wp\/v2\/product_cat?post=6283"},{"taxonomy":"product_tag","embeddable":true,"href":"https:\/\/www.altechkachels.com\/de\/wp-json\/wp\/v2\/product_tag?post=6283"}],"curies":[{"name":"wp","href":"https:\/\/api.w.org\/{rel}","templated":true}]}}