{"id":7158,"date":"2024-08-08T12:12:20","date_gmt":"2024-08-08T10:12:20","guid":{"rendered":"https:\/\/www.altechkachels.com\/unkategorisiert\/max-massiv-w\/"},"modified":"2024-10-18T10:22:16","modified_gmt":"2024-10-18T08:22:16","slug":"max-massiv-w","status":"publish","type":"product","link":"https:\/\/www.altechkachels.com\/de\/holzofen\/max-massiv-de\/max-massiv-w\/","title":{"rendered":"Max Massiv W"},"content":{"rendered":"<h1>Altech Max Massiv W<\/h1>\n<p><span style=\"font-weight: 400;\">Der Name dieses Ofens ist Programm: Der Max Massiv W ist aus massiven <a href=\"https:\/\/www.altechkachels.com\/kracht-van-speksteen\/\">Specksteinbl\u00f6cken<\/a> gefertigt. Das sorgt f\u00fcr eine hervorragende W\u00e4rmespeicherung und eine lang anhaltende W\u00e4rmeabgabe, auch wenn das Feuer erloschen ist. Der Max Massiv W zeichnet sich durch seine gro\u00dfe, breite Sichtscheibe aus, die einen besseren Blick auf die Flammen erm\u00f6glicht! <\/span><\/p>\n<p><span style=\"font-weight: 400;\">Mit einer Leistung von 3 bis 8,5 kW bleiben Sie an kalten Wintertagen wohlig warm, ohne zu viel Holz zu verbrauchen. Neben wohliger W\u00e4rme und gem\u00fctlicher Atmosph\u00e4re ist der Max Massiv also auch gut f\u00fcr Ihren Geldbeutel. <\/span><\/p>\n<h2>Maximale W\u00e4rmespeicherung mit dem Altech Max Massiv W<\/h2>\n<p><span style=\"font-weight: 400;\">Die Altech-Kamin\u00f6fen bestehen aus einer gro\u00dfen Menge Speckstein, der die W\u00e4rme speichert und dann allm\u00e4hlich wieder abstrahlt. F\u00fcr eine noch bessere W\u00e4rmespeicherung ist es bei den \u00d6fen der Max Massiv-Serie sogar m\u00f6glich, zus\u00e4tzliche Specksteinschichten aufzutragen. So kann der Ofen jeden Raum optimal beheizen. <\/span><\/p>\n<h2>Neugierig auf den Altech Max Massiv W Speckstein-Holzofen?<\/h2>\n<p><span style=\"font-weight: 400;\">Erleben Sie die wunderbare W\u00e4rme und bewundern Sie diesen Ofen im Ausstellungsraum bei einem unserer<\/span><a href=\"https:\/\/www.altechkachels.com\/dealers\/\"><span style=\"font-weight: 400;\"> H\u00e4ndler<\/span><\/a><span style=\"font-weight: 400;\"> oder im das Heizungserlebniszentrum von <\/span><a href=\"http:\/\/www.haveverwarming.nl\/experiencecenter\" rel=\"noopener\"><span style=\"font-weight: 400;\">HAV\u00c9 Verwarming<\/span><\/a><span style=\"font-weight: 400;\">.<\/span><\/p>\n","protected":false},"excerpt":{"rendered":"<p><span style=\"font-weight: 400;\">Der Name dieses Ofens ist Programm: Der Max Massiv W ist aus massiven <a href=\"https:\/\/www.altechkachels.com\/kracht-van-speksteen\/\">Specksteinbl\u00f6cken<\/a> gefertigt. Das sorgt f\u00fcr eine hervorragende W\u00e4rmespeicherung und eine lang anhaltende W\u00e4rmeabgabe, auch wenn das Feuer erloschen ist. Der Max Massiv W zeichnet sich durch seine gro\u00dfe, breite Sichtscheibe aus, die einen besseren Blick auf die Flammen erm\u00f6glicht! <\/span><\/p>\n","protected":false},"featured_media":6949,"comment_status":"closed","ping_status":"closed","template":"","meta":{"_acf_changed":false,"_et_pb_use_builder":"","_et_pb_old_content":"","_et_gb_content_width":"","inline_featured_image":false},"product_brand":[],"product_cat":[97,159],"product_tag":[],"class_list":{"0":"post-7158","1":"product","2":"type-product","3":"status-publish","4":"has-post-thumbnail","6":"product_cat-holzofen","7":"product_cat-max-massiv-de","9":"first","10":"instock","11":"shipping-taxable","12":"product-type-simple"},"acf":[],"_links":{"self":[{"href":"https:\/\/www.altechkachels.com\/de\/wp-json\/wp\/v2\/product\/7158","targetHints":{"allow":["GET"]}}],"collection":[{"href":"https:\/\/www.altechkachels.com\/de\/wp-json\/wp\/v2\/product"}],"about":[{"href":"https:\/\/www.altechkachels.com\/de\/wp-json\/wp\/v2\/types\/product"}],"replies":[{"embeddable":true,"href":"https:\/\/www.altechkachels.com\/de\/wp-json\/wp\/v2\/comments?post=7158"}],"wp:featuredmedia":[{"embeddable":true,"href":"https:\/\/www.altechkachels.com\/de\/wp-json\/wp\/v2\/media\/6949"}],"wp:attachment":[{"href":"https:\/\/www.altechkachels.com\/de\/wp-json\/wp\/v2\/media?parent=7158"}],"wp:term":[{"taxonomy":"product_brand","embeddable":true,"href":"https:\/\/www.altechkachels.com\/de\/wp-json\/wp\/v2\/product_brand?post=7158"},{"taxonomy":"product_cat","embeddable":true,"href":"https:\/\/www.altechkachels.com\/de\/wp-json\/wp\/v2\/product_cat?post=7158"},{"taxonomy":"product_tag","embeddable":true,"href":"https:\/\/www.altechkachels.com\/de\/wp-json\/wp\/v2\/product_tag?post=7158"}],"curies":[{"name":"wp","href":"https:\/\/api.w.org\/{rel}","templated":true}]}}