{"id":3983,"date":"2021-10-08T09:34:29","date_gmt":"2021-10-08T07:34:29","guid":{"rendered":"https:\/\/www.altechkachels.com\/uncategorized\/grande-nobles-gourmet\/"},"modified":"2022-03-21T11:16:10","modified_gmt":"2022-03-21T09:16:10","slug":"grande-nobles-complet","status":"publish","type":"product","link":"https:\/\/www.altechkachels.com\/en\/wood-burning-stoves\/grande-nobles-en\/grande-nobles-complet\/","title":{"rendered":"Grande Nobl\u00e8s Complet"},"content":{"rendered":"<h3>Maximum enjoyment<\/h3>\n<p>The Altech Grande Nobl\u00e8s features a large window, offering you a lovely view of the flames. On top of that, the Grande Nobl\u00e8s features a flue gas channel, which means even more heat can be drawn from the wood. This stove has a 3 to 11 kW output, which means it can pleasantly heat a mid-sized to large living room.<\/p>\n<h3>The Grande Nobl\u00e8s is available in different varieties<\/h3>\n<p>The Grande Nobl\u00e8s series consists of 4 different models. All models have the same base, but feature a different appearance. For example, the Grande Nobl\u00e8s can be equipped with legs, a wood compartment and\/or an oven at the front of the stove. The Grande Nobl\u00e8s Complet features both a wood compartment and an oven. Each model features an easy-to-replace flue gas channel.<\/p>\n<h3>Curious about the Altech Grande Nobl\u00e8s Complet soapstone wood-burning stove?<\/h3>\n<p>Experience the delightful heat and take a look at this stove in the showroom of one of our dealers.<\/p>\n","protected":false},"excerpt":{"rendered":"<p>The Altech Grande Nobl\u00e8s Complet is a timeless, freestanding soapstone wood-burning stove featuring a significant mass of soapstone. Because of this, the stove will continue to release infra-red heat for hours after the fire is extinguished.  The Grande Nobl\u00e8s is the big brother of the Altech Nobl\u00e8s. It features a higher output, but shares its sibling&#8217;s appearance. The Grande Nobl\u00e8s Complet features both a wood compartment and an oven. Each model features an easy-to-replace flue gas channel.<\/p>\n","protected":false},"featured_media":4600,"comment_status":"open","ping_status":"closed","template":"","meta":{"_acf_changed":false,"_et_pb_use_builder":"","_et_pb_old_content":"","_et_gb_content_width":"","inline_featured_image":false},"product_brand":[],"product_cat":[69,66],"product_tag":[],"class_list":{"0":"post-3983","1":"product","2":"type-product","3":"status-publish","4":"has-post-thumbnail","6":"product_cat-grande-nobles-en","7":"product_cat-wood-burning-stoves","9":"first","10":"instock","11":"shipping-taxable","12":"product-type-simple"},"acf":[],"_links":{"self":[{"href":"https:\/\/www.altechkachels.com\/en\/wp-json\/wp\/v2\/product\/3983","targetHints":{"allow":["GET"]}}],"collection":[{"href":"https:\/\/www.altechkachels.com\/en\/wp-json\/wp\/v2\/product"}],"about":[{"href":"https:\/\/www.altechkachels.com\/en\/wp-json\/wp\/v2\/types\/product"}],"replies":[{"embeddable":true,"href":"https:\/\/www.altechkachels.com\/en\/wp-json\/wp\/v2\/comments?post=3983"}],"wp:featuredmedia":[{"embeddable":true,"href":"https:\/\/www.altechkachels.com\/en\/wp-json\/wp\/v2\/media\/4600"}],"wp:attachment":[{"href":"https:\/\/www.altechkachels.com\/en\/wp-json\/wp\/v2\/media?parent=3983"}],"wp:term":[{"taxonomy":"product_brand","embeddable":true,"href":"https:\/\/www.altechkachels.com\/en\/wp-json\/wp\/v2\/product_brand?post=3983"},{"taxonomy":"product_cat","embeddable":true,"href":"https:\/\/www.altechkachels.com\/en\/wp-json\/wp\/v2\/product_cat?post=3983"},{"taxonomy":"product_tag","embeddable":true,"href":"https:\/\/www.altechkachels.com\/en\/wp-json\/wp\/v2\/product_tag?post=3983"}],"curies":[{"name":"wp","href":"https:\/\/api.w.org\/{rel}","templated":true}]}}