{"id":3999,"date":"2021-10-08T09:53:09","date_gmt":"2021-10-08T07:53:09","guid":{"rendered":"https:\/\/www.altechkachels.com\/uncategorized\/grande-nobles-pellet\/"},"modified":"2023-11-01T09:35:12","modified_gmt":"2023-11-01T07:35:12","slug":"grande-nobles-pellet-basis","status":"publish","type":"product","link":"https:\/\/www.altechkachels.com\/en\/pellet-stoves\/grande-nobles-pellet-en\/grande-nobles-pellet-basis\/","title":{"rendered":"Grande Nobl\u00e8s Pellet"},"content":{"rendered":"<p>The Altech pellet stoves, including the Nobl\u00e8s Plus, are equipped with a patented micro-gasification system which ensures clean combustion and very high yields. The Altech pellet stoves (like wood-burning stoves) use oxygen from the space they are in and the natural airflow of the flue. This power-free combustion system means no fans are required. As a result, you won&#8217;t have to deal with noise or malfunctions.<\/p>\n<h3>Enjoy the flames to the fullest<\/h3>\n<p>In addition to the delightful, intense heat produced by the Altech Grande Nobl\u00e8s pellet stove, this stove also allows you to enjoy the wonderful flames to the fullest. The Grande Nobl\u00e8s pellet stove features a large window, which offers a great view of the fire. <\/p>\n<h3>Multiple colours and options available<\/h3>\n<p>The Altech Grande Nobl\u00e8s pellet stove is available in two colours: natural soapstone with anthracite cast iron and uniform black. Both the soapstone and the cast iron of the uniform black version are spray painted black. By default, the Grande Nobl\u00e8s is a front pellet stove featuring a 2.5-kilogram pellet burner. <\/p>\n<h3>Curious about the Altech Grande Nobl\u00e8s soapstone pellet stove?<\/h3>\n<p>Experience the delightful heat and take a look at this stove in the showroom of one of our dealers.<\/p>\n","protected":false},"excerpt":{"rendered":"<p>The Altech Grande Nobl\u00e8s pellet stove is the big brother of the Nobl\u00e8s pellet stove. It features all the properties you can expect of a soapstone stove. The Grande Nobl\u00e8s stove is highly suitable for insulated, modern houses. Thanks in part to the 5.5-cm soapstone exterior, you can enjoy delightful heat for hours after the fire has been extinguished. This means you can burn your pellets economically and responsibly!<\/p>\n","protected":false},"featured_media":4998,"comment_status":"open","ping_status":"closed","template":"","meta":{"_acf_changed":false,"_et_pb_use_builder":"","_et_pb_old_content":"","_et_gb_content_width":"","inline_featured_image":false},"product_brand":[],"product_cat":[77,75],"product_tag":[],"class_list":{"0":"post-3999","1":"product","2":"type-product","3":"status-publish","4":"has-post-thumbnail","6":"product_cat-grande-nobles-pellet-en","7":"product_cat-pellet-stoves","9":"first","10":"instock","11":"shipping-taxable","12":"product-type-simple"},"acf":[],"_links":{"self":[{"href":"https:\/\/www.altechkachels.com\/en\/wp-json\/wp\/v2\/product\/3999","targetHints":{"allow":["GET"]}}],"collection":[{"href":"https:\/\/www.altechkachels.com\/en\/wp-json\/wp\/v2\/product"}],"about":[{"href":"https:\/\/www.altechkachels.com\/en\/wp-json\/wp\/v2\/types\/product"}],"replies":[{"embeddable":true,"href":"https:\/\/www.altechkachels.com\/en\/wp-json\/wp\/v2\/comments?post=3999"}],"wp:featuredmedia":[{"embeddable":true,"href":"https:\/\/www.altechkachels.com\/en\/wp-json\/wp\/v2\/media\/4998"}],"wp:attachment":[{"href":"https:\/\/www.altechkachels.com\/en\/wp-json\/wp\/v2\/media?parent=3999"}],"wp:term":[{"taxonomy":"product_brand","embeddable":true,"href":"https:\/\/www.altechkachels.com\/en\/wp-json\/wp\/v2\/product_brand?post=3999"},{"taxonomy":"product_cat","embeddable":true,"href":"https:\/\/www.altechkachels.com\/en\/wp-json\/wp\/v2\/product_cat?post=3999"},{"taxonomy":"product_tag","embeddable":true,"href":"https:\/\/www.altechkachels.com\/en\/wp-json\/wp\/v2\/product_tag?post=3999"}],"curies":[{"name":"wp","href":"https:\/\/api.w.org\/{rel}","templated":true}]}}