{"id":4067,"date":"2021-12-07T11:11:26","date_gmt":"2021-12-07T09:11:26","guid":{"rendered":"https:\/\/www.altechkachels.com\/decouvrez-la-force-de-la-steatite\/"},"modified":"2022-03-02T15:28:24","modified_gmt":"2022-03-02T13:28:24","slug":"decouvrez-la-force-de-la-steatite","status":"publish","type":"page","link":"https:\/\/www.altechkachels.com\/fr\/decouvrez-la-force-de-la-steatite\/","title":{"rendered":"D\u00e9couvrez la force de la st\u00e9atite"},"content":{"rendered":"<p>[et_pb_section fb_built=&#8221;1&#8243; _builder_version=&#8221;4.14.1&#8243; _dynamic_attributes=&#8221;background_image&#8221; _module_preset=&#8221;default&#8221; background_image=&#8221;@ET-DC@eyJkeW5hbWljIjp0cnVlLCJjb250ZW50IjoicG9zdF9mZWF0dXJlZF9pbWFnZSIsInNldHRpbmdzIjp7fX0=@&#8221; custom_margin=&#8221;-15vh||0px||false|false&#8221; custom_padding=&#8221;0px||0px||true|false&#8221; bottom_divider_color=&#8221;#FFFFFF&#8221; bottom_divider_flip=&#8221;horizontal&#8221; background_last_edited=&#8221;off|tablet&#8221; parallax_tablet=&#8221;off&#8221; background_size_phone=&#8221;cover&#8221; background_position_tablet=&#8221;center&#8221; background_position_phone=&#8221;center&#8221; global_colors_info=&#8221;{}&#8221;][et_pb_row _builder_version=&#8221;4.14.2&#8243; _module_preset=&#8221;default&#8221; width=&#8221;100%&#8221; max_width=&#8221;100%&#8221; custom_margin=&#8221;0px||0px||true|false&#8221; custom_padding=&#8221;0px||0px||true|false&#8221; global_colors_info=&#8221;{}&#8221;][et_pb_column type=&#8221;4_4&#8243; _builder_version=&#8221;4.14.2&#8243; _module_preset=&#8221;default&#8221; global_colors_info=&#8221;{}&#8221;][et_pb_divider show_divider=&#8221;off&#8221; _builder_version=&#8221;4.14.2&#8243; _module_preset=&#8221;default&#8221; min_height=&#8221;60vh&#8221; min_height_tablet=&#8221;35vh&#8221; min_height_phone=&#8221;25vh&#8221; min_height_last_edited=&#8221;on|phone&#8221; custom_margin=&#8221;0px||0px||true|false&#8221; custom_padding=&#8221;0px||0px||true|false&#8221; global_colors_info=&#8221;{}&#8221;]<br \/>\n[\/et_pb_divider][et_pb_text _builder_version=&#8221;4.14.2&#8243; _module_preset=&#8221;default&#8221; header_3_font=&#8221;Open Sans|300|||||||&#8221; header_3_text_align=&#8221;center&#8221; header_3_text_color=&#8221;#ffffff&#8221; vertical_offset_tablet=&#8221;0&#8243; horizontal_offset_tablet=&#8221;0&#8243; custom_margin=&#8221;||20px||false|false&#8221; link_option_url=&#8221;#over-altech-informatie&#8221; header_3_font_size_tablet=&#8221;&#8221; header_3_font_size_phone=&#8221;18px&#8221; header_3_font_size_last_edited=&#8221;on|phone&#8221; z_index_tablet=&#8221;0&#8243; text_text_shadow_horizontal_length_tablet=&#8221;0px&#8221; text_text_shadow_vertical_length_tablet=&#8221;0px&#8221; text_text_shadow_blur_strength_tablet=&#8221;1px&#8221; link_text_shadow_horizontal_length_tablet=&#8221;0px&#8221; link_text_shadow_vertical_length_tablet=&#8221;0px&#8221; link_text_shadow_blur_strength_tablet=&#8221;1px&#8221; ul_text_shadow_horizontal_length_tablet=&#8221;0px&#8221; ul_text_shadow_vertical_length_tablet=&#8221;0px&#8221; ul_text_shadow_blur_strength_tablet=&#8221;1px&#8221; ol_text_shadow_horizontal_length_tablet=&#8221;0px&#8221; ol_text_shadow_vertical_length_tablet=&#8221;0px&#8221; ol_text_shadow_blur_strength_tablet=&#8221;1px&#8221; quote_text_shadow_horizontal_length_tablet=&#8221;0px&#8221; quote_text_shadow_vertical_length_tablet=&#8221;0px&#8221; quote_text_shadow_blur_strength_tablet=&#8221;1px&#8221; header_text_shadow_horizontal_length_tablet=&#8221;0px&#8221; header_text_shadow_vertical_length_tablet=&#8221;0px&#8221; header_text_shadow_blur_strength_tablet=&#8221;1px&#8221; header_2_text_shadow_horizontal_length_tablet=&#8221;0px&#8221; header_2_text_shadow_vertical_length_tablet=&#8221;0px&#8221; header_2_text_shadow_blur_strength_tablet=&#8221;1px&#8221; header_3_text_shadow_horizontal_length_tablet=&#8221;0px&#8221; header_3_text_shadow_vertical_length_tablet=&#8221;0px&#8221; header_3_text_shadow_blur_strength_tablet=&#8221;1px&#8221; header_4_text_shadow_horizontal_length_tablet=&#8221;0px&#8221; header_4_text_shadow_vertical_length_tablet=&#8221;0px&#8221; header_4_text_shadow_blur_strength_tablet=&#8221;1px&#8221; header_5_text_shadow_horizontal_length_tablet=&#8221;0px&#8221; header_5_text_shadow_vertical_length_tablet=&#8221;0px&#8221; header_5_text_shadow_blur_strength_tablet=&#8221;1px&#8221; header_6_text_shadow_horizontal_length_tablet=&#8221;0px&#8221; header_6_text_shadow_vertical_length_tablet=&#8221;0px&#8221; header_6_text_shadow_blur_strength_tablet=&#8221;1px&#8221; box_shadow_horizontal_tablet=&#8221;0px&#8221; box_shadow_vertical_tablet=&#8221;0px&#8221; box_shadow_blur_tablet=&#8221;40px&#8221; box_shadow_spread_tablet=&#8221;0px&#8221; global_colors_info=&#8221;{}&#8221;]<\/p>\n<h3>D\u00e9couvrez la force de la st\u00e9atite<\/h3>\n<p>[\/et_pb_text][et_pb_blurb use_icon=&#8221;on&#8221; font_icon=&#8221;&#x22;||divi||400&#8243; icon_color=&#8221;#FFFFFF&#8221; image_icon_width=&#8221;2vw&#8221; image_icon_width_tablet=&#8221;30px&#8221; image_icon_width_phone=&#8221;24px&#8221; image_icon_width_last_edited=&#8221;on|phone&#8221; module_class=&#8221;mp_m_blurb_pulse&#8221; _builder_version=&#8221;4.14.2&#8243; _module_preset=&#8221;default&#8221; module_alignment=&#8221;center&#8221; animation_direction=&#8221;top&#8221; animation=&#8221;off&#8221; link_option_url=&#8221;#over-altech-informatie&#8221; icon_font_size=&#8221;2vw&#8221; global_colors_info=&#8221;{}&#8221;][\/et_pb_blurb][\/et_pb_column][\/et_pb_row][\/et_pb_section][et_pb_section fb_built=&#8221;1&#8243; module_id=&#8221;over-altech-informatie&#8221; _builder_version=&#8221;4.14.1&#8243; _module_preset=&#8221;default&#8221; global_colors_info=&#8221;{}&#8221;][et_pb_row _builder_version=&#8221;4.14.1&#8243; _module_preset=&#8221;default&#8221; global_colors_info=&#8221;{}&#8221;][et_pb_column type=&#8221;4_4&#8243; _builder_version=&#8221;4.10.6&#8243; _module_preset=&#8221;default&#8221; global_colors_info=&#8221;{}&#8221;][et_pb_text _builder_version=&#8221;4.14.2&#8243; _module_preset=&#8221;default&#8221; header_text_color=&#8221;#000000&#8243; header_2_font=&#8221;Open Sans|600|||||||&#8221; header_2_text_color=&#8221;#FFFFFF&#8221; header_3_font=&#8221;Open Sans|600|||||||&#8221; header_4_font=&#8221;Open Sans|600|||||||&#8221; header_5_font=&#8221;Open Sans|600|||||||&#8221; header_6_font=&#8221;Open Sans|600|||||||&#8221; text_orientation=&#8221;center&#8221; custom_margin=&#8221;||10px||false|false&#8221; custom_padding=&#8221;||||false|false&#8221; header_3_font_size_tablet=&#8221;&#8221; header_3_font_size_phone=&#8221;18px&#8221; header_3_font_size_last_edited=&#8221;on|phone&#8221; global_colors_info=&#8221;{}&#8221;]<\/p>\n<h1>La chaleur unique de la st\u00e9atite<\/h1>\n<p>[\/et_pb_text][et_pb_text _builder_version=&#8221;4.14.2&#8243; _module_preset=&#8221;default&#8221; header_2_font=&#8221;|300|||||||&#8221; header_2_font_size=&#8221;24px&#8221; text_orientation=&#8221;center&#8221; custom_margin=&#8221;||20px||false|false&#8221; global_colors_info=&#8221;{}&#8221;]<\/p>\n<h2>Avec un po\u00eale en st\u00e9atite, vous profitez d&#8217;une chaleur saine et agr\u00e9able.<\/h2>\n<p>[\/et_pb_text][et_pb_text _builder_version=&#8221;4.14.8&#8243; _module_preset=&#8221;default&#8221; text_text_color=&#8221;#000000&#8243; header_2_font=&#8221;Open Sans|600|||||||&#8221; header_3_font=&#8221;Open Sans|600|||||||&#8221; header_4_font=&#8221;Open Sans|600|||||||&#8221; header_5_font=&#8221;Open Sans|600|||||||&#8221; header_6_font=&#8221;Open Sans|600|||||||&#8221; text_orientation=&#8221;justified&#8221; max_width=&#8221;80%&#8221; module_alignment=&#8221;center&#8221; custom_margin=&#8221;||0px||false|false&#8221; hover_enabled=&#8221;0&#8243; header_3_font_size_tablet=&#8221;&#8221; header_3_font_size_phone=&#8221;18px&#8221; header_3_font_size_last_edited=&#8221;on|phone&#8221; global_colors_info=&#8221;{}&#8221; sticky_enabled=&#8221;0&#8243;]<\/p>\n<p class=\"p3\">La st\u00e9atite emmagasine la chaleur et la rayonne de mani\u00e8re r\u00e9guli\u00e8re. Cette chaleur est comparable \u00e0 la chaleur infrarouge du soleil. La chaleur infrarouge est la chaleur la plus naturelle qui existe et chauffe les objets dans la pi\u00e8ce. La chaleur est comme une couette qui vous enveloppe et r\u00e9chauffe tout votre corps et l&#8217;environnement.   <span class=\"Apple-converted-space\"> <\/span><\/p>\n<p class=\"p4\"><strong>Un meilleur climat int\u00e9rieur<span class=\"Apple-converted-space\"> <\/span><\/strong><\/p>\n<p class=\"p3\">Un po\u00eale en st\u00e9atite cr\u00e9e un meilleur climat int\u00e9rieur dans l&#8217;habitation par rapport \u00e0 d&#8217;autres po\u00eales \u00e0 bois. En effet, avec un po\u00eale en st\u00e9atite, l&#8217;air circule moins. De ce fait, l&#8217;air se dess\u00e8che moins et l&#8217;ambiance g\u00e9n\u00e9rale n&#8217;est pas oppressante. De plus, la chaleur rayonnante du po\u00eale en st\u00e9atite a pour effet de \u00ab chauffer \u00bb les murs. Ainsi, l&#8217;humidit\u00e9 de l&#8217;air ne se condense pas et le taux d&#8217;humidit\u00e9 de l&#8217;air reste \u00e0 un niveau agr\u00e9able et sain.    <span class=\"Apple-converted-space\"> <\/span><\/p>\n<p class=\"p4\"><strong>Temp\u00e9rature de combustion \u00e9lev\u00e9e<span class=\"Apple-converted-space\"> <\/span><\/strong><\/p>\n<p class=\"p3\">Un po\u00eale en st\u00e9atite est \u00e9galement un excellent choix pour l&#8217;environnement. Gr\u00e2ce \u00e0 la temp\u00e9rature de combustion \u00e9lev\u00e9e, le po\u00eale offre un chauffage sain et \u00e9conomique. Ainsi, vous devez manipuler moins souvent votre po\u00eale pour ajouter du bois.  <span class=\"Apple-converted-space\"> <\/span><\/p>\n<p><img loading=\"lazy\" decoding=\"async\" class=\"alignnone wp-image-2088 size-large\" src=\"https:\/\/www.altechkachels.com\/wp-content\/uploads\/max-warmte-2-1024x640.jpg\" alt=\"\" width=\"1024\" height=\"640\" srcset=\"https:\/\/www.altechkachels.com\/wp-content\/uploads\/max-warmte-2-980x613.jpg 980w, https:\/\/www.altechkachels.com\/wp-content\/uploads\/max-warmte-2-480x300.jpg 480w\" sizes=\"auto, (min-width: 0px) and (max-width: 480px) 480px, (min-width: 481px) and (max-width: 980px) 980px, (min-width: 981px) 1024px, 100vw\" \/><\/p>\n<p class=\"p4\"><strong>Perte de ventilation r\u00e9duite<span class=\"Apple-converted-space\"> <\/span><\/strong><\/p>\n<p class=\"p3\">Gr\u00e2ce \u00e0 la chaleur rayonnante, la perte d&#8217;\u00e9nergie est moindre gr\u00e2ce \u00e0 la ventilation. Avec la chaleur de convection, comme un chauffage central, une grande quantit\u00e9 de chaleur s&#8217;\u00e9chappe par des fentes, l&#8217;ouverture de portes et par la ventilation n\u00e9cessaire. Avec la chaleur rayonnante d&#8217;un po\u00eale en st\u00e9atite, l&#8217;air est moins chauff\u00e9, mais la chaleur est emmagasin\u00e9e dans la masse du po\u00eale. Ainsi, la perte de chaleur est nettement moins importante.   <span class=\"Apple-converted-space\"> <\/span><\/p>\n<p><strong>D\u00e9couvrez par vous-m\u00eame l&#8217;agr\u00e9able chaleur de la st\u00e9atite.<\/strong><\/p>\n<p>Vous aussi \u00eates emball\u00e9(e) par la chaleur de la st\u00e9atite ? Dans ce cas, optez pour un <a href=\"https:\/\/www.altechkachels.com\/fr\/produit-categorie\/poeles-a-bois\/\">po\u00eale \u00e0 bois<\/a> ou <a href=\"https:\/\/www.altechkachels.com\/fr\/produit-categorie\/poeles-a-pellets\/\">\u00e0 pellets<\/a> en st\u00e9atite Altech. Rendez visite \u00e0 l&#8217;un de nos <a href=\"https:\/\/www.altechkachels.com\/fr\/revendeurs\/\">revendeurs<\/a> et d\u00e9couvrez par vous-m\u00eame cette agr\u00e9able chaleur.<\/p>\n<p><iframe loading=\"lazy\" title=\"Ontdek de kracht van speksteen - Altech Speksteenkachels\" width=\"1080\" height=\"608\" src=\"https:\/\/www.youtube.com\/embed\/tkuFzG3MlY8?feature=oembed\"  allow=\"accelerometer; autoplay; clipboard-write; encrypted-media; gyroscope; picture-in-picture\" allowfullscreen><\/iframe><\/p>\n<p>&nbsp;<\/p>\n<p>[\/et_pb_text][\/et_pb_column][\/et_pb_row][\/et_pb_section]<\/p>\n","protected":false},"excerpt":{"rendered":"<p>D\u00e9couvrez la force de la st\u00e9atiteLa chaleur unique de la st\u00e9atiteAvec un po\u00eale en st\u00e9atite, vous profitez d&#8217;une chaleur saine et agr\u00e9able.La st\u00e9atite emmagasine la chaleur et la rayonne de mani\u00e8re r\u00e9guli\u00e8re. Cette chaleur est comparable \u00e0 la chaleur infrarouge du soleil. La chaleur infrarouge est la chaleur la plus naturelle qui existe et chauffe [&hellip;]<\/p>\n","protected":false},"author":2,"featured_media":3235,"parent":0,"menu_order":0,"comment_status":"closed","ping_status":"closed","template":"","meta":{"_acf_changed":false,"_et_pb_use_builder":"on","_et_pb_old_content":"","_et_gb_content_width":"","inline_featured_image":false,"footnotes":""},"class_list":["post-4067","page","type-page","status-publish","has-post-thumbnail","hentry"],"acf":[],"_links":{"self":[{"href":"https:\/\/www.altechkachels.com\/fr\/wp-json\/wp\/v2\/pages\/4067","targetHints":{"allow":["GET"]}}],"collection":[{"href":"https:\/\/www.altechkachels.com\/fr\/wp-json\/wp\/v2\/pages"}],"about":[{"href":"https:\/\/www.altechkachels.com\/fr\/wp-json\/wp\/v2\/types\/page"}],"author":[{"embeddable":true,"href":"https:\/\/www.altechkachels.com\/fr\/wp-json\/wp\/v2\/users\/2"}],"replies":[{"embeddable":true,"href":"https:\/\/www.altechkachels.com\/fr\/wp-json\/wp\/v2\/comments?post=4067"}],"version-history":[{"count":5,"href":"https:\/\/www.altechkachels.com\/fr\/wp-json\/wp\/v2\/pages\/4067\/revisions"}],"predecessor-version":[{"id":4907,"href":"https:\/\/www.altechkachels.com\/fr\/wp-json\/wp\/v2\/pages\/4067\/revisions\/4907"}],"wp:featuredmedia":[{"embeddable":true,"href":"https:\/\/www.altechkachels.com\/fr\/wp-json\/wp\/v2\/media\/3235"}],"wp:attachment":[{"href":"https:\/\/www.altechkachels.com\/fr\/wp-json\/wp\/v2\/media?parent=4067"}],"curies":[{"name":"wp","href":"https:\/\/api.w.org\/{rel}","templated":true}]}}