{"id":4102,"date":"2021-11-22T17:11:08","date_gmt":"2021-11-22T15:11:08","guid":{"rendered":"https:\/\/www.altechkachels.com\/enregistrez-votre-poele\/"},"modified":"2022-02-25T12:11:17","modified_gmt":"2022-02-25T10:11:17","slug":"enregistrez-votre-poele","status":"publish","type":"page","link":"https:\/\/www.altechkachels.com\/fr\/enregistrez-votre-poele\/","title":{"rendered":"Enregistrez votre po\u00eale"},"content":{"rendered":"<p>[et_pb_section fb_built=&#8221;1&#8243; _builder_version=&#8221;4.14.7&#8243; _module_preset=&#8221;default&#8221; background_image=&#8221;https:\/\/www.altechkachels.com\/wp-content\/uploads\/kenniscentrum.jpg&#8221; custom_margin=&#8221;-15vh||0px||false|false&#8221; custom_padding=&#8221;0px||0px||true|false&#8221; bottom_divider_color=&#8221;#FFFFFF&#8221; bottom_divider_flip=&#8221;horizontal&#8221; hover_enabled=&#8221;0&#8243; background_last_edited=&#8221;off|tablet&#8221; parallax_tablet=&#8221;off&#8221; background_size_phone=&#8221;cover&#8221; background_position_tablet=&#8221;center&#8221; background_position_phone=&#8221;center&#8221; global_colors_info=&#8221;{}&#8221; title_text=&#8221;kenniscentrum&#8221; sticky_enabled=&#8221;0&#8243;][et_pb_row _builder_version=&#8221;4.9.4&#8243; _module_preset=&#8221;default&#8221; width=&#8221;100%&#8221; max_width=&#8221;100%&#8221; custom_margin=&#8221;0px||0px||true|false&#8221; custom_padding=&#8221;0px||0px||true|false&#8221; global_colors_info=&#8221;{}&#8221;][et_pb_column type=&#8221;4_4&#8243; _builder_version=&#8221;4.9.4&#8243; _module_preset=&#8221;default&#8221; global_colors_info=&#8221;{}&#8221;][et_pb_divider show_divider=&#8221;off&#8221; _builder_version=&#8221;4.10.6&#8243; _module_preset=&#8221;default&#8221; min_height=&#8221;50vh&#8221; custom_margin=&#8221;0px||0px||true|false&#8221; custom_padding=&#8221;0px||0px||true|false&#8221; global_colors_info=&#8221;{}&#8221;][\/et_pb_divider][et_pb_text _builder_version=&#8221;4.13.1&#8243; _module_preset=&#8221;default&#8221; header_3_font=&#8221;Open Sans|300|||||||&#8221; header_3_text_align=&#8221;center&#8221; header_3_text_color=&#8221;#FFFFFF&#8221; custom_margin=&#8221;||20px||false|false&#8221; link_option_url=&#8221;#kachelregistratieformulier&#8221; global_colors_info=&#8221;{}&#8221;]<\/p>\n<h3>Enregistrez votre po\u00eale<\/h3>\n<p>[\/et_pb_text][et_pb_blurb use_icon=&#8221;on&#8221; font_icon=&#8221;&#x22;||divi||400&#8243; icon_color=&#8221;#FFFFFF&#8221; image_icon_width=&#8221;2vw&#8221; module_class=&#8221;mp_m_blurb_pulse&#8221; _builder_version=&#8221;4.13.1&#8243; _module_preset=&#8221;default&#8221; module_alignment=&#8221;center&#8221; animation_direction=&#8221;top&#8221; animation=&#8221;off&#8221; link_option_url=&#8221;#kachelregistratieformulier&#8221; icon_font_size=&#8221;2vw&#8221; global_colors_info=&#8221;{}&#8221;][\/et_pb_blurb][\/et_pb_column][\/et_pb_row][\/et_pb_section][et_pb_section fb_built=&#8221;1&#8243; module_id=&#8221;kachelregistratieformulier&#8221; _builder_version=&#8221;4.13.1&#8243; _module_preset=&#8221;default&#8221; global_colors_info=&#8221;{}&#8221;][et_pb_row _builder_version=&#8221;4.13.1&#8243; _module_preset=&#8221;default&#8221; global_colors_info=&#8221;{}&#8221;][et_pb_column type=&#8221;4_4&#8243; _builder_version=&#8221;4.13.1&#8243; _module_preset=&#8221;default&#8221; global_colors_info=&#8221;{}&#8221;][et_pb_text _builder_version=&#8221;4.13.1&#8243; _module_preset=&#8221;default&#8221; global_colors_info=&#8221;{}&#8221;]<\/p>\n<p>Pour avoir recours \u00e0 la garantie de votre po\u00eale en st\u00e9atite Altech, il importe non seulement de suivre le processus de pr\u00e9-chauffage, mais \u00e9galement d&#8217;enregistrer le po\u00eale dans les 14 jours. Vous pouvez le faire facilement en ligne sur notre site Web. <\/p>\n<p>[\/et_pb_text][et_pb_code _builder_version=&#8221;4.13.1&#8243; _module_preset=&#8221;default&#8221; global_colors_info=&#8221;{}&#8221;]<div class=\"wpforms-container wpforms-container-full\" id=\"wpforms-1177\"><form id=\"wpforms-form-1177\" class=\"wpforms-validate wpforms-form\" data-formid=\"1177\" method=\"post\" enctype=\"multipart\/form-data\" action=\"\/fr\/wp-json\/wp\/v2\/pages\/4102\" data-token=\"81e911a3c07c485b6c6a26dd717f44d2\" data-token-time=\"1775430305\"><noscript class=\"wpforms-error-noscript\">Veuillez activer JavaScript dans votre navigateur pour remplir ce formulaire.<\/noscript><div class=\"wpforms-field-container\"><div id=\"wpforms-1177-field_0-container\" class=\"wpforms-field wpforms-field-name wpforms-one-third wpforms-first\" data-field-id=\"0\"><label class=\"wpforms-field-label\" for=\"wpforms-1177-field_0\">Nom <span class=\"wpforms-required-label\">*<\/span><\/label><input type=\"text\" id=\"wpforms-1177-field_0\" class=\"wpforms-field-large wpforms-field-required\" name=\"wpforms[fields][0]\" required><\/div><div id=\"wpforms-1177-field_1-container\" class=\"wpforms-field wpforms-field-email wpforms-one-third\" data-field-id=\"1\"><label class=\"wpforms-field-label\" for=\"wpforms-1177-field_1\">E-mail <span class=\"wpforms-required-label\">*<\/span><\/label><input type=\"email\" id=\"wpforms-1177-field_1\" class=\"wpforms-field-large wpforms-field-required\" name=\"wpforms[fields][1]\" spellcheck=\"false\" required><\/div><div id=\"wpforms-1177-field_7-container\" class=\"wpforms-field wpforms-field-text wpforms-one-third\" data-field-id=\"7\"><label class=\"wpforms-field-label\" for=\"wpforms-1177-field_7\">NUM\u00c9RO DE T\u00c9L\u00c9PHONE <span class=\"wpforms-required-label\">*<\/span><\/label><input type=\"text\" id=\"wpforms-1177-field_7\" class=\"wpforms-field-large wpforms-field-required\" name=\"wpforms[fields][7]\" required><\/div><div id=\"wpforms-1177-field_3-container\" class=\"wpforms-field wpforms-field-text wpforms-one-fourth wpforms-first\" data-field-id=\"3\"><label class=\"wpforms-field-label\" for=\"wpforms-1177-field_3\">ADRESSE <span class=\"wpforms-required-label\">*<\/span><\/label><input type=\"text\" id=\"wpforms-1177-field_3\" class=\"wpforms-field-large wpforms-field-required\" name=\"wpforms[fields][3]\" required><\/div><div id=\"wpforms-1177-field_4-container\" class=\"wpforms-field wpforms-field-text wpforms-one-fourth\" data-field-id=\"4\"><label class=\"wpforms-field-label\" for=\"wpforms-1177-field_4\">CODE POSTAL <span class=\"wpforms-required-label\">*<\/span><\/label><input type=\"text\" id=\"wpforms-1177-field_4\" class=\"wpforms-field-large wpforms-field-required\" name=\"wpforms[fields][4]\" required><\/div><div id=\"wpforms-1177-field_5-container\" class=\"wpforms-field wpforms-field-text wpforms-one-fourth\" data-field-id=\"5\"><label class=\"wpforms-field-label\" for=\"wpforms-1177-field_5\">Ville <span class=\"wpforms-required-label\">*<\/span><\/label><input type=\"text\" id=\"wpforms-1177-field_5\" class=\"wpforms-field-large wpforms-field-required\" name=\"wpforms[fields][5]\" required><\/div><div id=\"wpforms-1177-field_6-container\" class=\"wpforms-field wpforms-field-text wpforms-one-fourth\" data-field-id=\"6\"><label class=\"wpforms-field-label\" for=\"wpforms-1177-field_6\">Pays <span class=\"wpforms-required-label\">*<\/span><\/label><input type=\"text\" id=\"wpforms-1177-field_6\" class=\"wpforms-field-large wpforms-field-required\" name=\"wpforms[fields][6]\" required><\/div><div id=\"wpforms-1177-field_9-container\" class=\"wpforms-field wpforms-field-text wpforms-one-half wpforms-first\" data-field-id=\"9\"><label class=\"wpforms-field-label\" for=\"wpforms-1177-field_9\">Num\u00e9ro de s\u00e9rie <span class=\"wpforms-required-label\">*<\/span><\/label><input type=\"text\" id=\"wpforms-1177-field_9\" class=\"wpforms-field-large wpforms-field-required\" name=\"wpforms[fields][9]\" required><\/div><div id=\"wpforms-1177-field_10-container\" class=\"wpforms-field wpforms-field-text wpforms-one-half\" data-field-id=\"10\"><label class=\"wpforms-field-label\" for=\"wpforms-1177-field_10\">Code d&#039;article <span class=\"wpforms-required-label\">*<\/span><\/label><input type=\"text\" id=\"wpforms-1177-field_10\" class=\"wpforms-field-large wpforms-field-required\" name=\"wpforms[fields][10]\" required><\/div><div id=\"wpforms-1177-field_11-container\" class=\"wpforms-field wpforms-field-text wpforms-one-half wpforms-first\" data-field-id=\"11\"><label class=\"wpforms-field-label\" for=\"wpforms-1177-field_11\">Revendeur <span class=\"wpforms-required-label\">*<\/span><\/label><input type=\"text\" id=\"wpforms-1177-field_11\" class=\"wpforms-field-large wpforms-field-required\" name=\"wpforms[fields][11]\" required><\/div><div id=\"wpforms-1177-field_12-container\" class=\"wpforms-field wpforms-field-text wpforms-one-half\" data-field-id=\"12\"><label class=\"wpforms-field-label\" for=\"wpforms-1177-field_12\">Date d&#039;achat <span class=\"wpforms-required-label\">*<\/span><\/label><input type=\"text\" id=\"wpforms-1177-field_12\" class=\"wpforms-field-large wpforms-field-required\" name=\"wpforms[fields][12]\" required><\/div><div id=\"wpforms-1177-field_14-container\" class=\"wpforms-field wpforms-field-textarea\" data-field-id=\"14\"><label class=\"wpforms-field-label\" for=\"wpforms-1177-field_14\">Remarques (facultatif)<\/label><textarea id=\"wpforms-1177-field_14\" class=\"wpforms-field-medium\" name=\"wpforms[fields][14]\" ><\/textarea><\/div><\/div><!-- .wpforms-field-container --><div class=\"wpforms-field wpforms-field-hp\"><label for=\"wpforms-1177-field-hp\" class=\"wpforms-field-label\">Comment<\/label><input type=\"text\" name=\"wpforms[hp]\" id=\"wpforms-1177-field-hp\" class=\"wpforms-field-medium\"><\/div><div class=\"wpforms-recaptcha-container wpforms-is-recaptcha wpforms-is-recaptcha-type-v3\" ><input type=\"hidden\" name=\"wpforms[recaptcha]\" value=\"\"><\/div><div class=\"wpforms-submit-container\" ><input type=\"hidden\" name=\"wpforms[id]\" value=\"1177\"><input type=\"hidden\" name=\"page_title\" value=\"\"><input type=\"hidden\" name=\"page_url\" value=\"https:\/\/www.altechkachels.com\/fr\/wp-json\/wp\/v2\/pages\/4102\"><input type=\"hidden\" name=\"url_referer\" value=\"\"><button type=\"submit\" name=\"wpforms[submit]\" id=\"wpforms-submit-1177\" class=\"wpforms-submit\" data-alt-text=\"Exp\u00e9dition...\" data-submit-text=\"Exp\u00e9dition\" aria-live=\"assertive\" value=\"wpforms-submit\">Exp\u00e9dition<\/button><\/div><\/form><\/div>  <!-- .wpforms-container -->[\/et_pb_code][\/et_pb_column][\/et_pb_row][\/et_pb_section]<\/p>\n","protected":false},"excerpt":{"rendered":"<p>Enregistrez votre po\u00ealePour avoir recours \u00e0 la garantie de votre po\u00eale en st\u00e9atite Altech, il importe non seulement de suivre le processus de pr\u00e9-chauffage, mais \u00e9galement d&#8217;enregistrer le po\u00eale dans les 14 jours. Vous pouvez le faire facilement en ligne sur notre site Web. <div class=\"wpforms-container wpforms-container-full\" id=\"wpforms-1177\"><form id=\"wpforms-form-1177\" class=\"wpforms-validate wpforms-form\" data-formid=\"1177\" method=\"post\" enctype=\"multipart\/form-data\" action=\"\/fr\/wp-json\/wp\/v2\/pages\/4102\" data-token=\"81e911a3c07c485b6c6a26dd717f44d2\" data-token-time=\"1775430305\"><noscript class=\"wpforms-error-noscript\">Veuillez activer JavaScript dans votre navigateur pour remplir ce formulaire.<\/noscript><div class=\"wpforms-field-container\"><div id=\"wpforms-1177-field_0-container\" class=\"wpforms-field wpforms-field-name wpforms-one-third wpforms-first\" data-field-id=\"0\"><label class=\"wpforms-field-label\" for=\"wpforms-1177-field_0\">Nom <span class=\"wpforms-required-label\">*<\/span><\/label><input type=\"text\" id=\"wpforms-1177-field_0\" class=\"wpforms-field-large wpforms-field-required\" name=\"wpforms[fields][0]\" required><\/div><div id=\"wpforms-1177-field_1-container\" class=\"wpforms-field wpforms-field-email wpforms-one-third\" data-field-id=\"1\"><label class=\"wpforms-field-label\" for=\"wpforms-1177-field_1\">E-mail <span class=\"wpforms-required-label\">*<\/span><\/label><input type=\"email\" id=\"wpforms-1177-field_1\" class=\"wpforms-field-large wpforms-field-required\" name=\"wpforms[fields][1]\" spellcheck=\"false\" required><\/div><div id=\"wpforms-1177-field_7-container\" class=\"wpforms-field wpforms-field-text wpforms-one-third\" data-field-id=\"7\"><label class=\"wpforms-field-label\" for=\"wpforms-1177-field_7\">NUM\u00c9RO DE T\u00c9L\u00c9PHONE <span class=\"wpforms-required-label\">*<\/span><\/label><input type=\"text\" id=\"wpforms-1177-field_7\" class=\"wpforms-field-large wpforms-field-required\" name=\"wpforms[fields][7]\" required><\/div><div id=\"wpforms-1177-field_3-container\" class=\"wpforms-field wpforms-field-text wpforms-one-fourth wpforms-first\" data-field-id=\"3\"><label class=\"wpforms-field-label\" for=\"wpforms-1177-field_3\">ADRESSE <span class=\"wpforms-required-label\">*<\/span><\/label><input type=\"text\" id=\"wpforms-1177-field_3\" class=\"wpforms-field-large wpforms-field-required\" name=\"wpforms[fields][3]\" required><\/div><div id=\"wpforms-1177-field_4-container\" class=\"wpforms-field wpforms-field-text wpforms-one-fourth\" data-field-id=\"4\"><label class=\"wpforms-field-label\" for=\"wpforms-1177-field_4\">CODE POSTAL <span class=\"wpforms-required-label\">*<\/span><\/label><input type=\"text\" id=\"wpforms-1177-field_4\" class=\"wpforms-field-large wpforms-field-required\" name=\"wpforms[fields][4]\" required><\/div><div id=\"wpforms-1177-field_5-container\" class=\"wpforms-field wpforms-field-text wpforms-one-fourth\" data-field-id=\"5\"><label class=\"wpforms-field-label\" for=\"wpforms-1177-field_5\">Ville <span class=\"wpforms-required-label\">*<\/span><\/label><input type=\"text\" id=\"wpforms-1177-field_5\" class=\"wpforms-field-large wpforms-field-required\" name=\"wpforms[fields][5]\" required><\/div><div id=\"wpforms-1177-field_6-container\" class=\"wpforms-field wpforms-field-text wpforms-one-fourth\" data-field-id=\"6\"><label class=\"wpforms-field-label\" for=\"wpforms-1177-field_6\">Pays <span class=\"wpforms-required-label\">*<\/span><\/label><input type=\"text\" id=\"wpforms-1177-field_6\" class=\"wpforms-field-large wpforms-field-required\" name=\"wpforms[fields][6]\" required><\/div><div id=\"wpforms-1177-field_9-container\" class=\"wpforms-field wpforms-field-text wpforms-one-half wpforms-first\" data-field-id=\"9\"><label class=\"wpforms-field-label\" for=\"wpforms-1177-field_9\">Num\u00e9ro de s\u00e9rie <span class=\"wpforms-required-label\">*<\/span><\/label><input type=\"text\" id=\"wpforms-1177-field_9\" class=\"wpforms-field-large wpforms-field-required\" name=\"wpforms[fields][9]\" required><\/div><div id=\"wpforms-1177-field_10-container\" class=\"wpforms-field wpforms-field-text wpforms-one-half\" data-field-id=\"10\"><label class=\"wpforms-field-label\" for=\"wpforms-1177-field_10\">Code d&#039;article <span class=\"wpforms-required-label\">*<\/span><\/label><input type=\"text\" id=\"wpforms-1177-field_10\" class=\"wpforms-field-large wpforms-field-required\" name=\"wpforms[fields][10]\" required><\/div><div id=\"wpforms-1177-field_11-container\" class=\"wpforms-field wpforms-field-text wpforms-one-half wpforms-first\" data-field-id=\"11\"><label class=\"wpforms-field-label\" for=\"wpforms-1177-field_11\">Revendeur <span class=\"wpforms-required-label\">*<\/span><\/label><input type=\"text\" id=\"wpforms-1177-field_11\" class=\"wpforms-field-large wpforms-field-required\" name=\"wpforms[fields][11]\" required><\/div><div id=\"wpforms-1177-field_12-container\" class=\"wpforms-field wpforms-field-text wpforms-one-half\" data-field-id=\"12\"><label class=\"wpforms-field-label\" for=\"wpforms-1177-field_12\">Date d&#039;achat <span class=\"wpforms-required-label\">*<\/span><\/label><input type=\"text\" id=\"wpforms-1177-field_12\" class=\"wpforms-field-large wpforms-field-required\" name=\"wpforms[fields][12]\" required><\/div><div id=\"wpforms-1177-field_14-container\" class=\"wpforms-field wpforms-field-textarea\" data-field-id=\"14\"><label class=\"wpforms-field-label\" for=\"wpforms-1177-field_14\">Remarques (facultatif)<\/label><textarea id=\"wpforms-1177-field_14\" class=\"wpforms-field-medium\" name=\"wpforms[fields][14]\" ><\/textarea><\/div><\/div><!-- .wpforms-field-container --><div class=\"wpforms-field wpforms-field-hp\"><label for=\"wpforms-1177-field-hp\" class=\"wpforms-field-label\">Website<\/label><input type=\"text\" name=\"wpforms[hp]\" id=\"wpforms-1177-field-hp\" class=\"wpforms-field-medium\"><\/div><div class=\"wpforms-recaptcha-container wpforms-is-recaptcha wpforms-is-recaptcha-type-v3\" ><input type=\"hidden\" name=\"wpforms[recaptcha]\" value=\"\"><\/div><div class=\"wpforms-submit-container\" ><input type=\"hidden\" name=\"wpforms[id]\" value=\"1177\"><input type=\"hidden\" name=\"page_title\" value=\"\"><input type=\"hidden\" name=\"page_url\" value=\"https:\/\/www.altechkachels.com\/fr\/wp-json\/wp\/v2\/pages\/4102\"><input type=\"hidden\" name=\"url_referer\" value=\"\"><button type=\"submit\" name=\"wpforms[submit]\" id=\"wpforms-submit-1177\" class=\"wpforms-submit\" data-alt-text=\"Exp\u00e9dition...\" data-submit-text=\"Exp\u00e9dition\" aria-live=\"assertive\" value=\"wpforms-submit\">Exp\u00e9dition<\/button><\/div><\/form><\/div>  <!-- .wpforms-container --><\/p>\n","protected":false},"author":1,"featured_media":3373,"parent":0,"menu_order":0,"comment_status":"closed","ping_status":"closed","template":"","meta":{"_acf_changed":false,"_et_pb_use_builder":"on","_et_pb_old_content":"","_et_gb_content_width":"","inline_featured_image":false,"footnotes":""},"class_list":["post-4102","page","type-page","status-publish","has-post-thumbnail","hentry"],"acf":[],"_links":{"self":[{"href":"https:\/\/www.altechkachels.com\/fr\/wp-json\/wp\/v2\/pages\/4102","targetHints":{"allow":["GET"]}}],"collection":[{"href":"https:\/\/www.altechkachels.com\/fr\/wp-json\/wp\/v2\/pages"}],"about":[{"href":"https:\/\/www.altechkachels.com\/fr\/wp-json\/wp\/v2\/types\/page"}],"author":[{"embeddable":true,"href":"https:\/\/www.altechkachels.com\/fr\/wp-json\/wp\/v2\/users\/1"}],"replies":[{"embeddable":true,"href":"https:\/\/www.altechkachels.com\/fr\/wp-json\/wp\/v2\/comments?post=4102"}],"version-history":[{"count":2,"href":"https:\/\/www.altechkachels.com\/fr\/wp-json\/wp\/v2\/pages\/4102\/revisions"}],"predecessor-version":[{"id":4104,"href":"https:\/\/www.altechkachels.com\/fr\/wp-json\/wp\/v2\/pages\/4102\/revisions\/4104"}],"wp:featuredmedia":[{"embeddable":true,"href":"https:\/\/www.altechkachels.com\/fr\/wp-json\/wp\/v2\/media\/3373"}],"wp:attachment":[{"href":"https:\/\/www.altechkachels.com\/fr\/wp-json\/wp\/v2\/media?parent=4102"}],"curies":[{"name":"wp","href":"https:\/\/api.w.org\/{rel}","templated":true}]}}