{"id":4120,"date":"2021-10-08T09:37:03","date_gmt":"2021-10-08T07:37:03","guid":{"rendered":"https:\/\/www.altechkachels.com\/non%20class\u00e9\/eclips-gourmet\/"},"modified":"2022-03-21T09:58:59","modified_gmt":"2022-03-21T07:58:59","slug":"eclips-gourmet","status":"publish","type":"product","link":"https:\/\/www.altechkachels.com\/fr\/poeles-a-bois\/eclips-fr\/eclips-gourmet\/","title":{"rendered":"Eclips Gourmet"},"content":{"rendered":"<h3>Chauffage au bois efficace avec l&#8217;Eclips<\/h3>\n<p>Pour exploiter au maximum la chaleur produite en chauffant, Altech a d\u00e9velopp\u00e9 un syst\u00e8me unique de conduits des fum\u00e9es pour la s\u00e9rie Eclips.<\/p>\n<p>Pendant l&#8217;utilisation du po\u00eale, les gaz de combustion sont recueillis et achemin\u00e9s par un conduit d&#8217;\u00e9vacuation des gaz de combustion long de 2 m\u00e8tres. Ainsi, les gaz de combustion ont plus de temps pour transmettre leur chaleur \u00e0 la st\u00e9atite. C&#8217;est l&#8217;une des raisons qui explique le rendement tr\u00e8s \u00e9lev\u00e9 de l&#8217;Eclips. Et gr\u00e2ce \u00e0 cette technique, l&#8217;Eclips consomme \u00e9galement moins de bois.   <\/p>\n<h3>Eclips disponible en plusieurs versions<\/h3>\n<p>La s\u00e9rie Eclips est compos\u00e9e de 4 mod\u00e8les diff\u00e9rents. La base de tous les mod\u00e8les est la m\u00eame, mais la diff\u00e9rence se situe au niveau de leur aspect. Ainsi, l&#8217;Eclips peut \u00eatre r\u00e9alis\u00e9 avec des pieds ou un compartiment \u00e0 b\u00fbches, ainsi qu&#8217;avec un four sur le dessus. L&#8217;Altech Eclips Gourmet est \u00e9quip\u00e9 de pieds et d&#8217;un four.   <\/p>\n<p>L&#8217;Eclips Gourmet est disponible en st\u00e9atite naturelle avec fonte anthracite ou en st\u00e9atite noir uni avec fonte noire.<\/p>\n<h3>Vous souhaitez en savoir plus sur le po\u00eale \u00e0 bois en st\u00e9atite Altech Eclips Gourmet ?<\/h3>\n<p>Ressentez l&#8217;agr\u00e9able chaleur et admirez ce po\u00eale dans la salle d&#8217;exposition de l&#8217;un de nos revendeurs.<\/p>\n","protected":false},"excerpt":{"rendered":"<p>L&#8217;Altech Eclips Gourmet est un po\u00eale \u00e0 bois autonome en st\u00e9atite unique de la s\u00e9rie populaire Eclips d&#8217;Altech. La forme ovale conf\u00e8re \u00e0 l&#8217;Eclips Gourmet son aspect \u00e9l\u00e9gant et fantaisie. Et le four de la version Gourmet le rend non seulement plus imposant, mais \u00e9galement plus pratique. Car pendant que vous profitez de l&#8217;agr\u00e9able chaleur et du jeu de flammes de l&#8217;Eclips Gourmet, votre repas est chauff\u00e9 au feu de bois.   <\/p>\n<p>De plus, la vitre bomb\u00e9e garantit une superbe vue sur le feu. Sur le plan de la puissance, l&#8217;Eclips est parfait pour des pi\u00e8ces de petite \u00e0 moyenne taille et peut \u00eatre raccord\u00e9 par le haut ou l&#8217;arri\u00e8re au conduit des fum\u00e9es.<\/p>\n<p>L&#8217;absence de panneau de commande et les leviers int\u00e9gr\u00e9s cr\u00e9ent une ambiance sereine et montrent que cette s\u00e9rie a \u00e9t\u00e9 con\u00e7ue avec le souci du d\u00e9tail.<\/p>\n","protected":false},"featured_media":5075,"comment_status":"open","ping_status":"closed","template":"","meta":{"_acf_changed":false,"_et_pb_use_builder":"","_et_pb_old_content":"","_et_gb_content_width":"","inline_featured_image":false},"product_brand":[],"product_cat":[84,81],"product_tag":[],"class_list":{"0":"post-4120","1":"product","2":"type-product","3":"status-publish","4":"has-post-thumbnail","6":"product_cat-eclips-fr","7":"product_cat-poeles-a-bois","9":"first","10":"instock","11":"shipping-taxable","12":"product-type-simple"},"acf":[],"_links":{"self":[{"href":"https:\/\/www.altechkachels.com\/fr\/wp-json\/wp\/v2\/product\/4120","targetHints":{"allow":["GET"]}}],"collection":[{"href":"https:\/\/www.altechkachels.com\/fr\/wp-json\/wp\/v2\/product"}],"about":[{"href":"https:\/\/www.altechkachels.com\/fr\/wp-json\/wp\/v2\/types\/product"}],"replies":[{"embeddable":true,"href":"https:\/\/www.altechkachels.com\/fr\/wp-json\/wp\/v2\/comments?post=4120"}],"wp:featuredmedia":[{"embeddable":true,"href":"https:\/\/www.altechkachels.com\/fr\/wp-json\/wp\/v2\/media\/5075"}],"wp:attachment":[{"href":"https:\/\/www.altechkachels.com\/fr\/wp-json\/wp\/v2\/media?parent=4120"}],"wp:term":[{"taxonomy":"product_brand","embeddable":true,"href":"https:\/\/www.altechkachels.com\/fr\/wp-json\/wp\/v2\/product_brand?post=4120"},{"taxonomy":"product_cat","embeddable":true,"href":"https:\/\/www.altechkachels.com\/fr\/wp-json\/wp\/v2\/product_cat?post=4120"},{"taxonomy":"product_tag","embeddable":true,"href":"https:\/\/www.altechkachels.com\/fr\/wp-json\/wp\/v2\/product_tag?post=4120"}],"curies":[{"name":"wp","href":"https:\/\/api.w.org\/{rel}","templated":true}]}}