{"id":4122,"date":"2021-10-08T09:35:01","date_gmt":"2021-10-08T07:35:01","guid":{"rendered":"https:\/\/www.altechkachels.com\/non%20class\u00e9\/ecosy-basis\/"},"modified":"2022-03-21T10:55:02","modified_gmt":"2022-03-21T08:55:02","slug":"ecosy-basis","status":"publish","type":"product","link":"https:\/\/www.altechkachels.com\/fr\/poeles-a-bois\/ecosy-fr\/ecosy-basis\/","title":{"rendered":"Ecosy Basis"},"content":{"rendered":"<h3>Le po\u00eale \u00e0 bois (en st\u00e9atite) de r\u00e9f\u00e9rence de notre \u00e9poque<\/h3>\n<p>Gr\u00e2ce \u00e0 la technique moderne appliqu\u00e9e par Altech pour l&#8217;Ecosy, ce po\u00eale est facile \u00e0 commander avec 1 bouton. De plus, ce po\u00eale en st\u00e9atite dispose d&#8217;une grande chambre de combustion. Bref, l&#8217;Altech Ecosy a vraiment toutes les qualit\u00e9s : joli, pratique, durable et \u00e9conomique.<\/p>\n<h3>Ecosy disponible en plusieurs versions<\/h3>\n<p>La s\u00e9rie Ecosy est compos\u00e9e de 2 mod\u00e8les diff\u00e9rents. La base de chaque mod\u00e8le est la m\u00eame, mais leur aspect est diff\u00e9rent. Ainsi, l&#8217;Ecosy peut \u00eatre r\u00e9alis\u00e9 sur pieds ou \u00eatre \u00e9quip\u00e9 d&#8217;un compartiment \u00e0 b\u00fbches. L&#8217;Altech Ecosy Basis est dot\u00e9 de pieds en fonte et disponible en st\u00e9atite naturelle avec fonte anthracite ou en st\u00e9atite noir uni avec fonte noire.<\/p>\n<h3>Vous souhaitez en savoir plus sur le po\u00eale \u00e0 bois en st\u00e9atite Altech Ecosy ?<\/h3>\n<p>Ressentez l&#8217;agr\u00e9able chaleur et admirez ce po\u00eale dans la salle d&#8217;exposition de l&#8217;un de nos revendeurs.<\/p>\n","protected":false},"excerpt":{"rendered":"<p>L&#8217;Ecosy Basis d&#8217;Altech est un po\u00eale \u00e0 bois moderne, ovale et autonome en st\u00e9atite qui s&#8217;adapte \u00e0 presque tous les int\u00e9rieurs. Ecosy est la contraction des mots ecology et cosiness, qui signifient \u00e9cologique et confort. Et cela se voit nettement sur l&#8217;Ecosy, car ce po\u00eale a l&#8217;aspect discret qui cr\u00e9e une ambiance agr\u00e9able dans la maison. <\/p>\n","protected":false},"featured_media":5055,"comment_status":"open","ping_status":"closed","template":"","meta":{"_acf_changed":false,"_et_pb_use_builder":"","_et_pb_old_content":"","_et_gb_content_width":"","inline_featured_image":false},"product_brand":[],"product_cat":[85,81],"product_tag":[],"class_list":{"0":"post-4122","1":"product","2":"type-product","3":"status-publish","4":"has-post-thumbnail","6":"product_cat-ecosy-fr","7":"product_cat-poeles-a-bois","9":"first","10":"instock","11":"shipping-taxable","12":"product-type-simple"},"acf":[],"_links":{"self":[{"href":"https:\/\/www.altechkachels.com\/fr\/wp-json\/wp\/v2\/product\/4122","targetHints":{"allow":["GET"]}}],"collection":[{"href":"https:\/\/www.altechkachels.com\/fr\/wp-json\/wp\/v2\/product"}],"about":[{"href":"https:\/\/www.altechkachels.com\/fr\/wp-json\/wp\/v2\/types\/product"}],"replies":[{"embeddable":true,"href":"https:\/\/www.altechkachels.com\/fr\/wp-json\/wp\/v2\/comments?post=4122"}],"wp:featuredmedia":[{"embeddable":true,"href":"https:\/\/www.altechkachels.com\/fr\/wp-json\/wp\/v2\/media\/5055"}],"wp:attachment":[{"href":"https:\/\/www.altechkachels.com\/fr\/wp-json\/wp\/v2\/media?parent=4122"}],"wp:term":[{"taxonomy":"product_brand","embeddable":true,"href":"https:\/\/www.altechkachels.com\/fr\/wp-json\/wp\/v2\/product_brand?post=4122"},{"taxonomy":"product_cat","embeddable":true,"href":"https:\/\/www.altechkachels.com\/fr\/wp-json\/wp\/v2\/product_cat?post=4122"},{"taxonomy":"product_tag","embeddable":true,"href":"https:\/\/www.altechkachels.com\/fr\/wp-json\/wp\/v2\/product_tag?post=4122"}],"curies":[{"name":"wp","href":"https:\/\/api.w.org\/{rel}","templated":true}]}}