{"id":4128,"date":"2021-10-08T09:34:16","date_gmt":"2021-10-08T07:34:16","guid":{"rendered":"https:\/\/www.altechkachels.com\/non%20class\u00e9\/grande-nobles-depot\/"},"modified":"2022-03-21T11:40:37","modified_gmt":"2022-03-21T09:40:37","slug":"grande-nobles-depot","status":"publish","type":"product","link":"https:\/\/www.altechkachels.com\/fr\/poeles-a-bois\/grande-nobles-fr\/grande-nobles-depot\/","title":{"rendered":"Grande Nobl\u00e8s Depot"},"content":{"rendered":"<h3>En profiter pleinement<\/h3>\n<p>L&#8217;Altech Grande Nobl\u00e8s est dot\u00e9 d&#8217;une grande vitre qui offre une vue magnifique sur le jeu de flammes. De plus, le Grande Nobl\u00e8s est \u00e9quip\u00e9 d&#8217;un conduit des fum\u00e9es de combustion qui permet d&#8217;optimiser encore davantage le pouvoir calorifique du bois. Le po\u00eale a une puissance de 3 \u00e0 11 kW et peut donc chauffer agr\u00e9ablement un s\u00e9jour de taille moyenne \u00e0 grande.  <\/p>\n<h3>Grande Nobl\u00e8s disponible en plusieurs versions<\/h3>\n<p>La s\u00e9rie Grande Nobl\u00e8s est compos\u00e9e de 4 mod\u00e8les diff\u00e9rents. La base de chaque mod\u00e8le est la m\u00eame, mais leur aspect est diff\u00e9rent. Ainsi, le Grande Nobl\u00e8s peut \u00eatre r\u00e9alis\u00e9 sur pieds, avec un compartiment \u00e0 b\u00fbches et\/ou un four sur le dessus du po\u00eale. Le Grande Nobl\u00e8s Depot est dot\u00e9 d&#8217;un compartiment \u00e0 b\u00fbches pratique o\u00f9 le bois de chauffage peut \u00eatre stock\u00e9. Chaque Grande Nobl\u00e8s dispose d&#8217;une \u00e9vacuation des gaz de combustion facile \u00e0 changer.   <\/p>\n<h3>Vous souhaitez en savoir plus sur le po\u00eale \u00e0 bois en st\u00e9atite Altech Grande Nobl\u00e8s Depot ?<\/h3>\n<p>Ressentez l&#8217;agr\u00e9able chaleur et admirez ce po\u00eale dans la salle d&#8217;exposition de l&#8217;un de nos revendeurs.<\/p>\n","protected":false},"excerpt":{"rendered":"<p>L&#8217;Altech Grande Nobl\u00e8s Depot est un po\u00eale \u00e0 bois autonome en st\u00e9atite au look intemporel dot\u00e9 d&#8217;une importante masse de st\u00e9atite. Gr\u00e2ce \u00e0 cela, le po\u00eale \u00e9met encore de la chaleur infrarouge pendant des heures apr\u00e8s l&#8217;extinction du feu.  Le Grande Nobl\u00e8s est la grande version de l&#8217;Altech Nobl\u00e8s. Il est plus puissant, mais partage le m\u00eame aspect.<\/p>\n","protected":false},"featured_media":5043,"comment_status":"open","ping_status":"closed","template":"","meta":{"_acf_changed":false,"_et_pb_use_builder":"","_et_pb_old_content":"","_et_gb_content_width":"","inline_featured_image":false},"product_brand":[],"product_cat":[86,81],"product_tag":[],"class_list":{"0":"post-4128","1":"product","2":"type-product","3":"status-publish","4":"has-post-thumbnail","6":"product_cat-grande-nobles-fr","7":"product_cat-poeles-a-bois","9":"first","10":"instock","11":"shipping-taxable","12":"product-type-simple"},"acf":[],"_links":{"self":[{"href":"https:\/\/www.altechkachels.com\/fr\/wp-json\/wp\/v2\/product\/4128","targetHints":{"allow":["GET"]}}],"collection":[{"href":"https:\/\/www.altechkachels.com\/fr\/wp-json\/wp\/v2\/product"}],"about":[{"href":"https:\/\/www.altechkachels.com\/fr\/wp-json\/wp\/v2\/types\/product"}],"replies":[{"embeddable":true,"href":"https:\/\/www.altechkachels.com\/fr\/wp-json\/wp\/v2\/comments?post=4128"}],"wp:featuredmedia":[{"embeddable":true,"href":"https:\/\/www.altechkachels.com\/fr\/wp-json\/wp\/v2\/media\/5043"}],"wp:attachment":[{"href":"https:\/\/www.altechkachels.com\/fr\/wp-json\/wp\/v2\/media?parent=4128"}],"wp:term":[{"taxonomy":"product_brand","embeddable":true,"href":"https:\/\/www.altechkachels.com\/fr\/wp-json\/wp\/v2\/product_brand?post=4128"},{"taxonomy":"product_cat","embeddable":true,"href":"https:\/\/www.altechkachels.com\/fr\/wp-json\/wp\/v2\/product_cat?post=4128"},{"taxonomy":"product_tag","embeddable":true,"href":"https:\/\/www.altechkachels.com\/fr\/wp-json\/wp\/v2\/product_tag?post=4128"}],"curies":[{"name":"wp","href":"https:\/\/api.w.org\/{rel}","templated":true}]}}