{"id":4130,"date":"2021-10-08T09:46:56","date_gmt":"2021-10-08T07:46:56","guid":{"rendered":"https:\/\/www.altechkachels.com\/non%20class\u00e9\/massiv-basis\/"},"modified":"2022-03-02T13:35:07","modified_gmt":"2022-03-02T11:35:07","slug":"massiv-basis","status":"publish","type":"product","link":"https:\/\/www.altechkachels.com\/fr\/poeles-a-bois\/massiv-fr\/massiv-basis\/","title":{"rendered":"Massiv Basis"},"content":{"rendered":"<h3>Masse de st\u00e9atite pour une puissance thermique optimale<\/h3>\n<p>Le Massiv pr\u00e9sente une masse de plus de 900 kilos de st\u00e9atite. Cette st\u00e9atite assure une puissance thermique progressive, o\u00f9 le po\u00eale peut \u00e9mettre de la chaleur encore pendant des heures apr\u00e8s l&#8217;extinction du feu. <\/p>\n<p>Il est \u00e9galement possible de profiter encore plus longtemps de l&#8217;agr\u00e9able chaleur de la st\u00e9atite, car le Massiv peut \u00eatre am\u00e9lior\u00e9 avec une couche suppl\u00e9mentaire de st\u00e9atite. Plus la masse de st\u00e9atite d&#8217;un po\u00eale est \u00e9lev\u00e9e, plus la chaleur peut \u00eatre emmagasin\u00e9e et plus le po\u00eale en st\u00e9atite peut rayonner sa chaleur pendant longtemps. <\/p>\n<h3>Massiv disponible en plusieurs versions<\/h3>\n<p>La s\u00e9rie Massiv est compos\u00e9e de 2 mod\u00e8les diff\u00e9rents. La base des mod\u00e8les est la m\u00eame, mais la diff\u00e9rence se situe au niveau de leur aspect. En soi, le Grande Massiv est un po\u00eale en st\u00e9atite sobre, mais il peut \u00e9galement \u00eatre \u00e9tendu (moyennant un suppl\u00e9ment) avec un rebord \u00e0 cendres.  <\/p>\n<p>Le Massiv est disponible en st\u00e9atite naturelle avec fonte anthracite ou en st\u00e9atite noir uni avec fonte noire.<\/p>\n<h3>Vous souhaitez en savoir plus sur le po\u00eale \u00e0 bois en st\u00e9atite Altech Massiv ?<\/h3>\n<p>Ressentez l&#8217;agr\u00e9able chaleur et admirez ce po\u00eale dans la salle d&#8217;exposition de l&#8217;un de nos revendeurs.<\/p>\n","protected":false},"excerpt":{"rendered":"<p>L&#8217;Altech Massiv Basis est un po\u00eale \u00e0 bois autonome en st\u00e9atite unique de la s\u00e9rie populaire Massiv d&#8217;Altech. Ce po\u00eale est robuste d&#8217;aspect et capable d&#8217;emmagasiner autant de chaleur que les po\u00eales en st\u00e9atite massifs traditionnels. Et malgr\u00e9 son grand format, le po\u00eale occupe une surface au sol qui n&#8217;est pas beaucoup plus grande qu&#8217;un autre po\u00eale moyen.   Le Massiv peut donc \u00eatre install\u00e9 dans presque chaque habitation.<\/p>\n","protected":false},"featured_media":5015,"comment_status":"open","ping_status":"closed","template":"","meta":{"_acf_changed":false,"_et_pb_use_builder":"","_et_pb_old_content":"","_et_gb_content_width":"","inline_featured_image":false},"product_brand":[],"product_cat":[87,81],"product_tag":[],"class_list":{"0":"post-4130","1":"product","2":"type-product","3":"status-publish","4":"has-post-thumbnail","6":"product_cat-massiv-fr","7":"product_cat-poeles-a-bois","9":"first","10":"instock","11":"shipping-taxable","12":"product-type-simple"},"acf":[],"_links":{"self":[{"href":"https:\/\/www.altechkachels.com\/fr\/wp-json\/wp\/v2\/product\/4130","targetHints":{"allow":["GET"]}}],"collection":[{"href":"https:\/\/www.altechkachels.com\/fr\/wp-json\/wp\/v2\/product"}],"about":[{"href":"https:\/\/www.altechkachels.com\/fr\/wp-json\/wp\/v2\/types\/product"}],"replies":[{"embeddable":true,"href":"https:\/\/www.altechkachels.com\/fr\/wp-json\/wp\/v2\/comments?post=4130"}],"wp:featuredmedia":[{"embeddable":true,"href":"https:\/\/www.altechkachels.com\/fr\/wp-json\/wp\/v2\/media\/5015"}],"wp:attachment":[{"href":"https:\/\/www.altechkachels.com\/fr\/wp-json\/wp\/v2\/media?parent=4130"}],"wp:term":[{"taxonomy":"product_brand","embeddable":true,"href":"https:\/\/www.altechkachels.com\/fr\/wp-json\/wp\/v2\/product_brand?post=4130"},{"taxonomy":"product_cat","embeddable":true,"href":"https:\/\/www.altechkachels.com\/fr\/wp-json\/wp\/v2\/product_cat?post=4130"},{"taxonomy":"product_tag","embeddable":true,"href":"https:\/\/www.altechkachels.com\/fr\/wp-json\/wp\/v2\/product_tag?post=4130"}],"curies":[{"name":"wp","href":"https:\/\/api.w.org\/{rel}","templated":true}]}}