{"id":4133,"date":"2021-10-08T09:50:48","date_gmt":"2021-10-08T07:50:48","guid":{"rendered":"https:\/\/www.altechkachels.com\/non%20class\u00e9\/max-b-depot\/"},"modified":"2022-03-02T13:31:55","modified_gmt":"2022-03-02T11:31:55","slug":"max-b-depot","status":"publish","type":"product","link":"https:\/\/www.altechkachels.com\/fr\/poeles-a-bois\/max-fr\/max-b-depot\/","title":{"rendered":"Max B Depot"},"content":{"rendered":"<p>Pour la premi\u00e8re fois depuis les 40 ann\u00e9es o\u00f9 Altech fabrique des po\u00eales en st\u00e9atite, le choix a \u00e9t\u00e9 fait de commercialiser un mod\u00e8le avec un ch\u00e2ssis en acier. Gr\u00e2ce \u00e0 ce ch\u00e2ssis en acier et aux pierres de st\u00e9atite renfonc\u00e9es, l&#8217;Altech Max pr\u00e9sente le design le plus \u00e9pur\u00e9 de tous les po\u00eales en st\u00e9atite. <\/p>\n<p>D&#8217;une puissance de 3 \u00e0 8,5 kW, le Max est capable d&#8217;apporter une agr\u00e9able chaleur infrarouge dans de petites comme dans de grandes pi\u00e8ces. Le po\u00eale \u00e0 bois est facile \u00e0 utiliser, vous pouvez commander la poign\u00e9e de porte et la tirette d&#8217;air int\u00e9gr\u00e9es \u00e0 l&#8217;aide de la cl\u00e9 fournie. Comme vous en avez l&#8217;habitude de la part d&#8217;Altech, ce mod\u00e8le est livrable sur un compartiment \u00e0 b\u00fbches. Ainsi, vous avez encore une meilleure vue sur le magnifique jeu de flammes.  <\/p>\n<h3>Vous voulez en savoir plus sur le po\u00eale \u00e0 bois en st\u00e9atite Altech Max B Depot ?<\/h3>\n<p>Ressentez l&#8217;agr\u00e9able chaleur et admirez ce po\u00eale dans la salle d&#8217;exposition de l&#8217;un de nos revendeurs.<\/p>\n","protected":false},"excerpt":{"rendered":"<p>Un design \u00e9pur\u00e9 sans pr\u00e9c\u00e9dent associ\u00e9 \u00e0 la chaleur famili\u00e8re de la st\u00e9atite, c&#8217;est ce qui fait de l&#8217;Altech Max &#8216;le po\u00eale du futur&#8217;. Le Max B Depot est particuli\u00e8rement joli, car l&#8217;appareil est \u00e9quip\u00e9 d&#8217;un compartiment \u00e0 b\u00fbches.<\/p>\n","protected":false},"featured_media":6019,"comment_status":"open","ping_status":"closed","template":"","meta":{"_acf_changed":false,"_et_pb_use_builder":"","_et_pb_old_content":"","_et_gb_content_width":"","inline_featured_image":false},"product_brand":[],"product_cat":[145,81],"product_tag":[],"class_list":{"0":"post-4133","1":"product","2":"type-product","3":"status-publish","4":"has-post-thumbnail","6":"product_cat-max-fr","7":"product_cat-poeles-a-bois","9":"first","10":"instock","11":"shipping-taxable","12":"product-type-simple"},"acf":[],"_links":{"self":[{"href":"https:\/\/www.altechkachels.com\/fr\/wp-json\/wp\/v2\/product\/4133","targetHints":{"allow":["GET"]}}],"collection":[{"href":"https:\/\/www.altechkachels.com\/fr\/wp-json\/wp\/v2\/product"}],"about":[{"href":"https:\/\/www.altechkachels.com\/fr\/wp-json\/wp\/v2\/types\/product"}],"replies":[{"embeddable":true,"href":"https:\/\/www.altechkachels.com\/fr\/wp-json\/wp\/v2\/comments?post=4133"}],"wp:featuredmedia":[{"embeddable":true,"href":"https:\/\/www.altechkachels.com\/fr\/wp-json\/wp\/v2\/media\/6019"}],"wp:attachment":[{"href":"https:\/\/www.altechkachels.com\/fr\/wp-json\/wp\/v2\/media?parent=4133"}],"wp:term":[{"taxonomy":"product_brand","embeddable":true,"href":"https:\/\/www.altechkachels.com\/fr\/wp-json\/wp\/v2\/product_brand?post=4133"},{"taxonomy":"product_cat","embeddable":true,"href":"https:\/\/www.altechkachels.com\/fr\/wp-json\/wp\/v2\/product_cat?post=4133"},{"taxonomy":"product_tag","embeddable":true,"href":"https:\/\/www.altechkachels.com\/fr\/wp-json\/wp\/v2\/product_tag?post=4133"}],"curies":[{"name":"wp","href":"https:\/\/api.w.org\/{rel}","templated":true}]}}