{"id":4135,"date":"2021-10-08T09:35:57","date_gmt":"2021-10-08T07:35:57","guid":{"rendered":"https:\/\/www.altechkachels.com\/non%20class\u00e9\/torus-depot\/"},"modified":"2022-03-21T11:52:31","modified_gmt":"2022-03-21T09:52:31","slug":"torus-depot","status":"publish","type":"product","link":"https:\/\/www.altechkachels.com\/fr\/poeles-a-bois\/torus-fr\/torus-depot\/","title":{"rendered":"Torus Depot"},"content":{"rendered":"<h3>Facile \u00e0 r\u00e9gler<\/h3>\n<p>Profiter facilement d&#8217;une chaleur agr\u00e9able et intense, c&#8217;est possible avec l&#8217;Altech Torus. Le Torus est facile \u00e0 commander : d&#8217;une seule pression sur le bouton, r\u00e9glez le po\u00eale et gardez le contr\u00f4le du feu. Gr\u00e2ce \u00e0 la chambre de combustion haute et compacte, vous profitez d&#8217;un superbe jeu de flammes. La combustion est tr\u00e8s propre, car vous chauffez sur un fond en st\u00e9atite.   <\/p>\n<h3>Torus disponible en plusieurs versions<\/h3>\n<p>La s\u00e9rie Torus est compos\u00e9e de diff\u00e9rents mod\u00e8les. La base de tous les mod\u00e8les est la m\u00eame, mais la diff\u00e9rence se situe au niveau des d\u00e9tails. Ainsi, le Torus peut \u00eatre r\u00e9alis\u00e9 avec ou sans pieds ou \u00e9quip\u00e9 d&#8217;un compartiment \u00e0 b\u00fbches (avec ou sans porte).  <\/p>\n<p>L&#8217;Altech Torus Depot est \u00e9quip\u00e9 d&#8217;un compartiment \u00e0 b\u00fbches, l&#8217;endroit id\u00e9al pour stocker du bois. De plus, le Torus Depot est disponible en st\u00e9atite naturelle avec fonte anthracite ou en st\u00e9atite noir uni avec fonte noire. <\/p>\n<h3>Vous souhaitez en savoir plus sur le po\u00eale \u00e0 bois en st\u00e9atite Altech Torus Depot ?<\/h3>\n<p>Ressentez l&#8217;agr\u00e9able chaleur et admirez ce po\u00eale dans la salle d&#8217;exposition de l&#8217;un de nos revendeurs.<\/p>\n","protected":false},"excerpt":{"rendered":"<p>L&#8217;Altech Torus Depot est un po\u00eale \u00e0 bois autonome en st\u00e9atite qui est appr\u00e9ci\u00e9 depuis de nombreuses ann\u00e9es pour son look accessible. Avec ses lignes dures et sa face avant arrondie, le Torus attire vraiment tous les regards dans la maison.<\/p>\n","protected":false},"featured_media":4589,"comment_status":"open","ping_status":"closed","template":"","meta":{"_acf_changed":false,"_et_pb_use_builder":"","_et_pb_old_content":"","_et_gb_content_width":"","inline_featured_image":false},"product_brand":[],"product_cat":[81,90],"product_tag":[],"class_list":{"0":"post-4135","1":"product","2":"type-product","3":"status-publish","4":"has-post-thumbnail","6":"product_cat-poeles-a-bois","7":"product_cat-torus-fr","9":"first","10":"instock","11":"shipping-taxable","12":"product-type-simple"},"acf":[],"_links":{"self":[{"href":"https:\/\/www.altechkachels.com\/fr\/wp-json\/wp\/v2\/product\/4135","targetHints":{"allow":["GET"]}}],"collection":[{"href":"https:\/\/www.altechkachels.com\/fr\/wp-json\/wp\/v2\/product"}],"about":[{"href":"https:\/\/www.altechkachels.com\/fr\/wp-json\/wp\/v2\/types\/product"}],"replies":[{"embeddable":true,"href":"https:\/\/www.altechkachels.com\/fr\/wp-json\/wp\/v2\/comments?post=4135"}],"wp:featuredmedia":[{"embeddable":true,"href":"https:\/\/www.altechkachels.com\/fr\/wp-json\/wp\/v2\/media\/4589"}],"wp:attachment":[{"href":"https:\/\/www.altechkachels.com\/fr\/wp-json\/wp\/v2\/media?parent=4135"}],"wp:term":[{"taxonomy":"product_brand","embeddable":true,"href":"https:\/\/www.altechkachels.com\/fr\/wp-json\/wp\/v2\/product_brand?post=4135"},{"taxonomy":"product_cat","embeddable":true,"href":"https:\/\/www.altechkachels.com\/fr\/wp-json\/wp\/v2\/product_cat?post=4135"},{"taxonomy":"product_tag","embeddable":true,"href":"https:\/\/www.altechkachels.com\/fr\/wp-json\/wp\/v2\/product_tag?post=4135"}],"curies":[{"name":"wp","href":"https:\/\/api.w.org\/{rel}","templated":true}]}}