{"id":4137,"date":"2021-10-08T09:37:50","date_gmt":"2021-10-08T07:37:50","guid":{"rendered":"https:\/\/www.altechkachels.com\/non%20class\u00e9\/vision-cook\/"},"modified":"2022-03-21T11:02:46","modified_gmt":"2022-03-21T09:02:46","slug":"vision-cook","status":"publish","type":"product","link":"https:\/\/www.altechkachels.com\/fr\/poeles-a-bois\/vision-fr\/vision-cook\/","title":{"rendered":"Vision Cook"},"content":{"rendered":"<p>Ce Vision Cook est \u00e9quip\u00e9 d&#8217;une porte de chargement lat\u00e9rale pour faciliter encore davantage le chargement du po\u00eale. Autrefois, la plupart des po\u00eales \u00e0 bois avaient \u00e9galement une porte de chargement lat\u00e9rale. Gr\u00e2ce aux nouvelles technologies, elle n&#8217;est plus indispensable, mais beaucoup de personnes l&#8217;appr\u00e9cient.  <\/p>\n<p>L&#8217;Altech Vision n&#8217;est pas le plus grand mod\u00e8le d&#8217;Altech, mais il est vraiment puissant. Le Vision Cook est capable de chauffer rapidement des pi\u00e8ces et cr\u00e9e une ambiance tr\u00e8s chaleureuse, car sa grande vitre offre une vue magnifique sur la danse des flammes. L&#8217;impression de solidit\u00e9 d\u00e9gag\u00e9e par le Vision n&#8217;est pas exceptionnelle pour Altech. Depuis le d\u00e9but, cette entreprise ne fait que \u00e7a, et le Vision Basis fait partie des premiers mod\u00e8les commercialis\u00e9s par Altech et est encore toujours tr\u00e8s appr\u00e9ci\u00e9.   <\/p>\n<h3>Vision est disponible en plusieurs versions<\/h3>\n<p>La s\u00e9rie Vision est compos\u00e9e de 2 mod\u00e8les diff\u00e9rents. La base des mod\u00e8les est la m\u00eame, mais la diff\u00e9rence se situe au niveau de leur aspect. En effet, l&#8217;Altech Vision Basis est \u00e9galement disponible avec un four en option (Vision Cook).  <\/p>\n<p>Le Vision Basis est disponible en st\u00e9atite naturelle avec fonte anthracite ou en st\u00e9atite noir uni avec fonte noire.<\/p>\n<h3>Vous souhaitez en savoir plus sur le po\u00eale \u00e0 bois en st\u00e9atite Altech Vision Cook ?<\/h3>\n<p>Ressentez l&#8217;agr\u00e9able chaleur et admirez ce po\u00eale dans la salle d&#8217;exposition de l&#8217;un de nos revendeurs.<\/p>\n","protected":false},"excerpt":{"rendered":"<p>L&#8217;Altech Vision Cook est un po\u00eale \u00e0 bois autonome en st\u00e9atite authentique de la s\u00e9rie populaire Vision d&#8217;Altech. Cette s\u00e9rie est connue pour son authenticit\u00e9, sa robustesse et sa facilit\u00e9 d&#8217;utilisation. Le Vision Cook combine la technologie moderne d&#8217;Altech avec un look \u00e9l\u00e9gant et traditionnel. Le Vision Cook est \u00e9quip\u00e9 d&#8217;un four dans lequel vous pouvez pr\u00e9parer les meilleurs plats.    Il est \u00e9galement possible de br\u00fbler du bois dans le four pour pouvoir utiliser la plaque de cuisson en acier sur le dessus du po\u00eale.<\/p>\n","protected":false},"featured_media":4585,"comment_status":"open","ping_status":"closed","template":"","meta":{"_acf_changed":false,"_et_pb_use_builder":"","_et_pb_old_content":"","_et_gb_content_width":"","inline_featured_image":false},"product_brand":[],"product_cat":[81,91],"product_tag":[],"class_list":{"0":"post-4137","1":"product","2":"type-product","3":"status-publish","4":"has-post-thumbnail","6":"product_cat-poeles-a-bois","7":"product_cat-vision-fr","9":"first","10":"instock","11":"shipping-taxable","12":"product-type-simple"},"acf":[],"_links":{"self":[{"href":"https:\/\/www.altechkachels.com\/fr\/wp-json\/wp\/v2\/product\/4137","targetHints":{"allow":["GET"]}}],"collection":[{"href":"https:\/\/www.altechkachels.com\/fr\/wp-json\/wp\/v2\/product"}],"about":[{"href":"https:\/\/www.altechkachels.com\/fr\/wp-json\/wp\/v2\/types\/product"}],"replies":[{"embeddable":true,"href":"https:\/\/www.altechkachels.com\/fr\/wp-json\/wp\/v2\/comments?post=4137"}],"wp:featuredmedia":[{"embeddable":true,"href":"https:\/\/www.altechkachels.com\/fr\/wp-json\/wp\/v2\/media\/4585"}],"wp:attachment":[{"href":"https:\/\/www.altechkachels.com\/fr\/wp-json\/wp\/v2\/media?parent=4137"}],"wp:term":[{"taxonomy":"product_brand","embeddable":true,"href":"https:\/\/www.altechkachels.com\/fr\/wp-json\/wp\/v2\/product_brand?post=4137"},{"taxonomy":"product_cat","embeddable":true,"href":"https:\/\/www.altechkachels.com\/fr\/wp-json\/wp\/v2\/product_cat?post=4137"},{"taxonomy":"product_tag","embeddable":true,"href":"https:\/\/www.altechkachels.com\/fr\/wp-json\/wp\/v2\/product_tag?post=4137"}],"curies":[{"name":"wp","href":"https:\/\/api.w.org\/{rel}","templated":true}]}}