{"id":4138,"date":"2021-10-08T09:52:37","date_gmt":"2021-10-08T07:52:37","guid":{"rendered":"https:\/\/www.altechkachels.com\/non%20class\u00e9\/ecosy-pellet\/"},"modified":"2023-11-23T13:23:17","modified_gmt":"2023-11-23T11:23:17","slug":"ecosy-pellet-basis","status":"publish","type":"product","link":"https:\/\/www.altechkachels.com\/fr\/poeles-a-pellets\/ecosy-pellet-fr\/ecosy-pellet-basis\/","title":{"rendered":"Ecosy Pellet"},"content":{"rendered":"<h3>Profitez pleinement du jeu de flammes<\/h3>\n<p>Avec le po\u00eale \u00e0 pellets Altech Ecosy, vous profitez non seulement de sa chaleur agr\u00e9able et intense, mais \u00e9galement d&#8217;une large vue sur le joli jeu de flammes. En effet, gr\u00e2ce \u00e0 la vitre panoramique du po\u00eale \u00e0 pellets Ecosy, vous avez une bonne vision du feu.<\/p>\n<p>Le po\u00eale \u00e0 pellets Altech Ecosy est disponible en deux couleurs : st\u00e9atite naturelle avec fonte anthracite et noir uni. Pour l&#8217;option noir uni, tant la st\u00e9atite que la fonte sont laqu\u00e9s en noir. L&#8217;Ecosy est en standard un po\u00eale \u00e0 pellets frontal \u00e9quip\u00e9 d&#8217;un br\u00fbleur \u00e0 pellets de 4 kilos.<\/p>\n<h3>Vous souhaitez en savoir plus sur le po\u00eale \u00e0 pellets Altech Ecosy ?<\/h3>\n<p>Ressentez l&#8217;agr\u00e9able chaleur et admirez ce po\u00eale dans la salle d&#8217;exposition de l&#8217;un de nos revendeurs.<\/p>\n","protected":false},"excerpt":{"rendered":"<p>Le po\u00eale \u00e0 pellets Altech Ecosy est un po\u00eale \u00e0 pellets autonome \u00e9pur\u00e9 aux formes rondes. La particularit\u00e9 de ce po\u00eale \u00e0 pellets est qu&#8217;il fonctionne sans courant. En effet, l&#8217;Ecosy dispose d&#8217;un br\u00fbleur \u00e0 pellets dot\u00e9 d&#8217;une a\u00e9ration primaire et secondaire. Gr\u00e2ce \u00e0 cette a\u00e9ration, les gaz de combustion des pellets sont br\u00fbl\u00e9s juste au niveau du r\u00e9servoir, ce qui cr\u00e9e un magnifique jeu de flammes. Les a\u00e9rations sont enti\u00e8rement naturelles, et il n&#8217;y a pas de ventilateurs dans ce po\u00eale \u00e0 pellets. De ce fait, le po\u00eale \u00e0 pellets Altech Ecosy est sans courant, ultra silencieux et n&#8217;est pas sensible aux pannes.<\/p>\n","protected":false},"featured_media":7689,"comment_status":"open","ping_status":"closed","template":"","meta":{"_acf_changed":false,"_et_pb_use_builder":"","_et_pb_old_content":"","_et_gb_content_width":"","inline_featured_image":false},"product_brand":[],"product_cat":[92,82],"product_tag":[],"class_list":{"0":"post-4138","1":"product","2":"type-product","3":"status-publish","4":"has-post-thumbnail","6":"product_cat-ecosy-pellet-fr","7":"product_cat-poeles-a-pellets","9":"first","10":"instock","11":"shipping-taxable","12":"product-type-simple"},"acf":[],"_links":{"self":[{"href":"https:\/\/www.altechkachels.com\/fr\/wp-json\/wp\/v2\/product\/4138","targetHints":{"allow":["GET"]}}],"collection":[{"href":"https:\/\/www.altechkachels.com\/fr\/wp-json\/wp\/v2\/product"}],"about":[{"href":"https:\/\/www.altechkachels.com\/fr\/wp-json\/wp\/v2\/types\/product"}],"replies":[{"embeddable":true,"href":"https:\/\/www.altechkachels.com\/fr\/wp-json\/wp\/v2\/comments?post=4138"}],"wp:featuredmedia":[{"embeddable":true,"href":"https:\/\/www.altechkachels.com\/fr\/wp-json\/wp\/v2\/media\/7689"}],"wp:attachment":[{"href":"https:\/\/www.altechkachels.com\/fr\/wp-json\/wp\/v2\/media?parent=4138"}],"wp:term":[{"taxonomy":"product_brand","embeddable":true,"href":"https:\/\/www.altechkachels.com\/fr\/wp-json\/wp\/v2\/product_brand?post=4138"},{"taxonomy":"product_cat","embeddable":true,"href":"https:\/\/www.altechkachels.com\/fr\/wp-json\/wp\/v2\/product_cat?post=4138"},{"taxonomy":"product_tag","embeddable":true,"href":"https:\/\/www.altechkachels.com\/fr\/wp-json\/wp\/v2\/product_tag?post=4138"}],"curies":[{"name":"wp","href":"https:\/\/api.w.org\/{rel}","templated":true}]}}