{"id":4140,"date":"2021-10-08T09:53:09","date_gmt":"2021-10-08T07:53:09","guid":{"rendered":"https:\/\/www.altechkachels.com\/non%20class\u00e9\/grande-nobles-pellet\/"},"modified":"2023-11-23T13:19:51","modified_gmt":"2023-11-23T11:19:51","slug":"grande-nobles-pellet-basis","status":"publish","type":"product","link":"https:\/\/www.altechkachels.com\/fr\/poeles-a-pellets\/grande-nobles-pellet-fr\/grande-nobles-pellet-basis\/","title":{"rendered":"Grande Nobl\u00e8s Pellet"},"content":{"rendered":"<p>Les po\u00eales \u00e0 pellets d&#8217;Altech, dont le Nobl\u00e8s Plus, sont dot\u00e9s d&#8217;un syst\u00e8me de micro-gaz\u00e9ification brevet\u00e9 qui assure une combustion propre et un rendement tr\u00e8s \u00e9lev\u00e9. Les po\u00eales \u00e0 pellets Altech fonctionnent (tout comme les po\u00eales \u00e0 bois) \u00e0 partir de l&#8217;oxyg\u00e8ne ambiant et du tirage naturel dans le conduit des fum\u00e9es. Ce syst\u00e8me de combustion sans courant ne n\u00e9cessite aucun ventilateur. Vous n&#8217;\u00eates donc pas g\u00ean\u00e9(e) par du bruit ou des pannes.<\/p>\n<h3>Profitez pleinement du jeu de flammes<\/h3>\n<p>Avec le po\u00eale \u00e0 pellets Altech Grande Nobl\u00e8s, vous profitez non seulement de sa chaleur agr\u00e9able et intense, mais \u00e9galement d&#8217;une large vue sur le joli jeu de flammes. En effet, gr\u00e2ce \u00e0 la vitre panoramique du po\u00eale \u00e0 pellets Grande Nobl\u00e8s, vous avez une bonne vision du feu.<\/p>\n<h3>Plusieurs couleurs et options possibles<\/h3>\n<p>Le po\u00eale \u00e0 pellets Altech Grande Nobl\u00e8s est disponible en deux couleurs : st\u00e9atite naturelle avec fonte anthracite et noir uni. Pour l&#8217;option noir uni, tant la st\u00e9atite que la fonte sont pulv\u00e9ris\u00e9es en noir. Le Grande Nobl\u00e8s est en standard un po\u00eale \u00e0 pellets frontal \u00e9quip\u00e9 d&#8217;un br\u00fbleur \u00e0 pellets de 2,5 kilos. <\/p>\n<h3>Vous souhaitez en savoir plus sur le po\u00eale \u00e0 pellets en st\u00e9atite Altech Grande Nobl\u00e8s ?<\/h3>\n<p>Ressentez l&#8217;agr\u00e9able chaleur et admirez ce po\u00eale dans la salle d&#8217;exposition de l&#8217;un de nos revendeurs.<\/p>\n","protected":false},"excerpt":{"rendered":"<p>Le po\u00eale \u00e0 pellets Altech Grande Nobl\u00e8s est la grande version du po\u00eale \u00e0 pellets Nobl\u00e8s et poss\u00e8de toutes les caract\u00e9ristiques que vous pouvez attendre d&#8217;un po\u00eale en st\u00e9atite. Le Grande Nobl\u00e8s est sobre d&#8217;aspect et particuli\u00e8rement adapt\u00e9 aux maisons isol\u00e9es et modernes. Notamment gr\u00e2ce au rev\u00eatement en st\u00e9atite de 5,5 cm d&#8217;\u00e9paisseur, vous profitez m\u00eame encore pendant des heures apr\u00e8s l&#8217;extinction du feu d&#8217;une agr\u00e9able et douce chaleur. C&#8217;est \u00e7a, le chauffage aux pellets \u00e9conomique et responsable !   C&#8217;est \u00e7a, le chauffage aux pellets \u00e9conomique et responsable !<\/p>\n","protected":false},"featured_media":4999,"comment_status":"open","ping_status":"closed","template":"","meta":{"_acf_changed":false,"_et_pb_use_builder":"","_et_pb_old_content":"","_et_gb_content_width":"","inline_featured_image":false},"product_brand":[],"product_cat":[93,82],"product_tag":[],"class_list":{"0":"post-4140","1":"product","2":"type-product","3":"status-publish","4":"has-post-thumbnail","6":"product_cat-grande-nobles-pellet-fr","7":"product_cat-poeles-a-pellets","9":"first","10":"instock","11":"shipping-taxable","12":"product-type-simple"},"acf":[],"_links":{"self":[{"href":"https:\/\/www.altechkachels.com\/fr\/wp-json\/wp\/v2\/product\/4140","targetHints":{"allow":["GET"]}}],"collection":[{"href":"https:\/\/www.altechkachels.com\/fr\/wp-json\/wp\/v2\/product"}],"about":[{"href":"https:\/\/www.altechkachels.com\/fr\/wp-json\/wp\/v2\/types\/product"}],"replies":[{"embeddable":true,"href":"https:\/\/www.altechkachels.com\/fr\/wp-json\/wp\/v2\/comments?post=4140"}],"wp:featuredmedia":[{"embeddable":true,"href":"https:\/\/www.altechkachels.com\/fr\/wp-json\/wp\/v2\/media\/4999"}],"wp:attachment":[{"href":"https:\/\/www.altechkachels.com\/fr\/wp-json\/wp\/v2\/media?parent=4140"}],"wp:term":[{"taxonomy":"product_brand","embeddable":true,"href":"https:\/\/www.altechkachels.com\/fr\/wp-json\/wp\/v2\/product_brand?post=4140"},{"taxonomy":"product_cat","embeddable":true,"href":"https:\/\/www.altechkachels.com\/fr\/wp-json\/wp\/v2\/product_cat?post=4140"},{"taxonomy":"product_tag","embeddable":true,"href":"https:\/\/www.altechkachels.com\/fr\/wp-json\/wp\/v2\/product_tag?post=4140"}],"curies":[{"name":"wp","href":"https:\/\/api.w.org\/{rel}","templated":true}]}}