{"id":4143,"date":"2021-10-08T09:54:12","date_gmt":"2021-10-08T07:54:12","guid":{"rendered":"https:\/\/www.altechkachels.com\/non%20class\u00e9\/nobles-pellet-plus\/"},"modified":"2023-11-23T13:15:40","modified_gmt":"2023-11-23T11:15:40","slug":"nobles-pellet-plus","status":"publish","type":"product","link":"https:\/\/www.altechkachels.com\/fr\/poeles-a-pellets\/nobles-pellet-fr\/nobles-pellet-plus\/","title":{"rendered":"Nobl\u00e8s Pellet Plus"},"content":{"rendered":"<p>Les po\u00eales \u00e0 pellets d&#8217;Altech, dont le Nobl\u00e8s Plus, sont dot\u00e9s d&#8217;un syst\u00e8me de micro-gaz\u00e9ification brevet\u00e9 qui assure une combustion propre et un rendement tr\u00e8s \u00e9lev\u00e9. Les po\u00eales \u00e0 pellets Altech fonctionnent (tout comme les po\u00eales \u00e0 bois) \u00e0 partir de l&#8217;oxyg\u00e8ne ambiant et du tirage naturel dans le conduit des fum\u00e9es. Ce syst\u00e8me de combustion sans courant ne n\u00e9cessite aucun ventilateur. Vous n&#8217;\u00eates donc pas g\u00ean\u00e9(e) par du bruit ou des pannes.   <\/p>\n","protected":false},"excerpt":{"rendered":"<p>Le po\u00eale \u00e0 pellets Altech Nobl\u00e8s Plus est la grande version du po\u00eale \u00e0 pellets Nobl\u00e8s et poss\u00e8de toutes les caract\u00e9ristiques que vous pouvez attendre d&#8217;un po\u00eale en st\u00e9atite. Le po\u00eale \u00e0 pellets Nobl\u00e8s Plus est particuli\u00e8rement adapt\u00e9 aux maisons isol\u00e9es et modernes. Notamment gr\u00e2ce au rev\u00eatement en st\u00e9atite de 5,5 cm d&#8217;\u00e9paisseur, vous profitez m\u00eame encore pendant des heures apr\u00e8s l&#8217;extinction du feu d&#8217;une agr\u00e9able et douce chaleur. C&#8217;est \u00e7a, le chauffage aux pellets \u00e9conomique et responsable !   <\/p>\n<h2>Profitez pleinement du jeu de flammes<\/h2>\n<p>Le po\u00eale \u00e0 granul\u00e9s Nobles Plus d&#8217;Altech fournit non seulement une chaleur merveilleuse et intense, mais vous permet \u00e9galement de profiter pleinement du magnifique jeu de flammes. Le po\u00eale \u00e0 granul\u00e9s Nobl\u00e8s est dot\u00e9 d&#8217;une grande fen\u00eatre qui vous permet de bien voir le feu. <\/p>\n<h2>Plusieurs couleurs et options possibles<\/h2>\n<p>Le po\u00eale \u00e0 granul\u00e9s Nobles Plus d&#8217;Altech est disponible en deux couleurs : pierre ollaire naturelle avec fonte anthracite et en noir uni. Avec le choix du noir uni, la pierre ollaire et la fonte sont toutes deux peintes en noir. Le Nobles est un po\u00eale \u00e0 granul\u00e9s \u00e0 chargement frontal standard et est \u00e9quip\u00e9 d&#8217;un br\u00fbleur \u00e0 granul\u00e9s de 2,5 kg.<\/p>\n","protected":false},"featured_media":4624,"comment_status":"open","ping_status":"closed","template":"","meta":{"_acf_changed":false,"_et_pb_use_builder":"","_et_pb_old_content":"","_et_gb_content_width":"","inline_featured_image":false},"product_brand":[],"product_cat":[94,82],"product_tag":[],"class_list":{"0":"post-4143","1":"product","2":"type-product","3":"status-publish","4":"has-post-thumbnail","6":"product_cat-nobles-pellet-fr","7":"product_cat-poeles-a-pellets","9":"first","10":"instock","11":"shipping-taxable","12":"product-type-simple"},"acf":[],"_links":{"self":[{"href":"https:\/\/www.altechkachels.com\/fr\/wp-json\/wp\/v2\/product\/4143","targetHints":{"allow":["GET"]}}],"collection":[{"href":"https:\/\/www.altechkachels.com\/fr\/wp-json\/wp\/v2\/product"}],"about":[{"href":"https:\/\/www.altechkachels.com\/fr\/wp-json\/wp\/v2\/types\/product"}],"replies":[{"embeddable":true,"href":"https:\/\/www.altechkachels.com\/fr\/wp-json\/wp\/v2\/comments?post=4143"}],"wp:featuredmedia":[{"embeddable":true,"href":"https:\/\/www.altechkachels.com\/fr\/wp-json\/wp\/v2\/media\/4624"}],"wp:attachment":[{"href":"https:\/\/www.altechkachels.com\/fr\/wp-json\/wp\/v2\/media?parent=4143"}],"wp:term":[{"taxonomy":"product_brand","embeddable":true,"href":"https:\/\/www.altechkachels.com\/fr\/wp-json\/wp\/v2\/product_brand?post=4143"},{"taxonomy":"product_cat","embeddable":true,"href":"https:\/\/www.altechkachels.com\/fr\/wp-json\/wp\/v2\/product_cat?post=4143"},{"taxonomy":"product_tag","embeddable":true,"href":"https:\/\/www.altechkachels.com\/fr\/wp-json\/wp\/v2\/product_tag?post=4143"}],"curies":[{"name":"wp","href":"https:\/\/api.w.org\/{rel}","templated":true}]}}