{"id":4177,"date":"2021-09-23T19:39:15","date_gmt":"2021-09-23T17:39:15","guid":{"rendered":"https:\/\/www.altechkachels.com\/non%20class\u00e9\/nobles-depot\/"},"modified":"2022-03-02T18:02:58","modified_gmt":"2022-03-02T16:02:58","slug":"nobles-depot","status":"publish","type":"product","link":"https:\/\/www.altechkachels.com\/fr\/poeles-a-bois\/nobles-fr\/nobles-depot\/","title":{"rendered":"Nobl\u00e8s Depot"},"content":{"rendered":"<h3>Profitez pleinement du jeu de flammes<\/h3>\n<p>Avec l&#8217;Altech Nobl\u00e8s, vous profitez non seulement de sa chaleur agr\u00e9able et intense, mais \u00e9galement d&#8217;une large vue sur le joli jeu de flammes. En effet, gr\u00e2ce \u00e0 sa vitre panoramique, le Nobl\u00e8s offre une bonne vision du feu. Et avec le Nobl\u00e8s Depot, dot\u00e9 d&#8217;un compartiment \u00e0 b\u00fbches, profitez encore plus du jeu de flammes fascinant.<\/p>\n<h3>Facile \u00e0 utiliser<\/h3>\n<p>Le Nobl\u00e8s est tr\u00e8s facile \u00e0 r\u00e9gler au moyen de la commande pratique \u00e0 1 bouton. De plus, ce mod\u00e8le est notamment \u00e9quip\u00e9 de s\u00e9rie d&#8217;un raccordement \u00e0 l&#8217;air ext\u00e9rieur et d&#8217;un tiroir \u00e0 cendres. Son superbe design est intemporel et adapt\u00e9 \u00e0 chaque type d&#8217;int\u00e9rieur.<\/p>\n<h3>Plusieurs couleurs et options possibles<\/h3>\n<p>L&#8217;Altech Nobl\u00e8s est disponible en deux couleurs : st\u00e9atite naturelle avec fonte anthracite et noir uni. Pour l&#8217;option noir uni, tant la st\u00e9atite que la fonte sont laqu\u00e9s en noir. La tablette \u00e0 cendres et les pieds sur\u00e9lev\u00e9s sont en option et livr\u00e9s comme pi\u00e8ce d\u00e9tach\u00e9e.<\/p>\n<h3>Vous souhaitez en savoir plus sur le po\u00eale \u00e0 bois en st\u00e9atite Altech Nobl\u00e8s Depot ?<\/h3>\n<p>Ressentez l&#8217;agr\u00e9able chaleur et admirez ce po\u00eale dans la salle d&#8217;exposition de l&#8217;un de nos revendeurs.<\/p>\n","protected":false},"excerpt":{"rendered":"<p>Le Nobles Depot fait partie des plus petits po\u00eales \u00e0 bois en st\u00e9atite de la famille Altech, ce qui ne se voit pas dans ses performances. Car malgr\u00e9 son format compact, cet appareil poss\u00e8de toutes les caract\u00e9ristiques que vous pouvez attendre d&#8217;un v\u00e9ritable po\u00eale en st\u00e9atite. Le Nobl\u00e8s est particuli\u00e8rement adapt\u00e9 aux maisons isol\u00e9es et modernes. Notamment gr\u00e2ce auxparois en st\u00e9atite massive de 5,5 cm d\u2019\u00e9paisseur, vous profitez encore pendant des heures apr\u00e8s l&#8217;extinction du feu d&#8217;une agr\u00e9able et douce chaleur. C&#8217;est \u00e7a, le chauffage \u00e9conomique et responsable !<\/p>\n","protected":false},"featured_media":4593,"comment_status":"open","ping_status":"closed","template":"","meta":{"_acf_changed":false,"_et_pb_use_builder":"","_et_pb_old_content":"","_et_gb_content_width":"","inline_featured_image":false},"product_brand":[],"product_cat":[89,81],"product_tag":[],"class_list":{"0":"post-4177","1":"product","2":"type-product","3":"status-publish","4":"has-post-thumbnail","6":"product_cat-nobles-fr","7":"product_cat-poeles-a-bois","9":"first","10":"instock","11":"shipping-taxable","12":"product-type-simple"},"acf":[],"_links":{"self":[{"href":"https:\/\/www.altechkachels.com\/fr\/wp-json\/wp\/v2\/product\/4177","targetHints":{"allow":["GET"]}}],"collection":[{"href":"https:\/\/www.altechkachels.com\/fr\/wp-json\/wp\/v2\/product"}],"about":[{"href":"https:\/\/www.altechkachels.com\/fr\/wp-json\/wp\/v2\/types\/product"}],"replies":[{"embeddable":true,"href":"https:\/\/www.altechkachels.com\/fr\/wp-json\/wp\/v2\/comments?post=4177"}],"wp:featuredmedia":[{"embeddable":true,"href":"https:\/\/www.altechkachels.com\/fr\/wp-json\/wp\/v2\/media\/4593"}],"wp:attachment":[{"href":"https:\/\/www.altechkachels.com\/fr\/wp-json\/wp\/v2\/media?parent=4177"}],"wp:term":[{"taxonomy":"product_brand","embeddable":true,"href":"https:\/\/www.altechkachels.com\/fr\/wp-json\/wp\/v2\/product_brand?post=4177"},{"taxonomy":"product_cat","embeddable":true,"href":"https:\/\/www.altechkachels.com\/fr\/wp-json\/wp\/v2\/product_cat?post=4177"},{"taxonomy":"product_tag","embeddable":true,"href":"https:\/\/www.altechkachels.com\/fr\/wp-json\/wp\/v2\/product_tag?post=4177"}],"curies":[{"name":"wp","href":"https:\/\/api.w.org\/{rel}","templated":true}]}}