{"id":6264,"date":"2021-11-09T17:19:39","date_gmt":"2021-11-09T15:19:39","guid":{"rendered":"https:\/\/www.altechkachels.com\/non class\u00e9\/vision-basis\/"},"modified":"2021-11-09T17:19:39","modified_gmt":"2021-11-09T15:19:39","slug":"vision-basis","status":"publish","type":"product","link":"https:\/\/www.altechkachels.com\/fr\/poeles-a-bois\/vision-fr\/vision-basis\/","title":{"rendered":"Vision Basis"},"content":{"rendered":"<p>Cette base Vision est \u00e9quip\u00e9e d&#8217;une porte de remplissage sur le c\u00f4t\u00e9 pour faciliter encore plus le remplissage du po\u00eale. Dans le pass\u00e9, la plupart des po\u00eales \u00e0 bois \u00e9taient \u00e9galement \u00e9quip\u00e9s d&#8217;une porte de remplissage sur le c\u00f4t\u00e9. Avec la technologie moderne, ce n&#8217;est plus une obligation, mais c&#8217;est toujours appr\u00e9ci\u00e9 par de nombreuses personnes.  <\/p>\n<p>Le Vision d&#8217;Altech est un v\u00e9ritable concentr\u00e9 de puissance. Capable de chauffer des pi\u00e8ces rapidement, le Vision Basis offre une atmosph\u00e8re agr\u00e9able gr\u00e2ce \u00e0 sa grande fen\u00eatre qui offre une belle vue sur les flammes dansantes. La solidit\u00e9 que d\u00e9gage le Vision n&#8217;est pas une exclusivit\u00e9 d&#8217;Altech. Depuis le d\u00e9but, cette soci\u00e9t\u00e9 ne fait pas autre chose, le Vision Basis \u00e9tant l&#8217;un des premiers mod\u00e8les qu&#8217;Altech a mis sur le march\u00e9 et il est toujours tr\u00e8s demand\u00e9.   <\/p>\n<h3>Vision est disponible en plusieurs versions<\/h3>\n<p>La s\u00e9rie Vision se compose de 2 mod\u00e8les diff\u00e9rents. Les mod\u00e8les sont fondamentalement les m\u00eames, mais au niveau des d\u00e9tails, ils diff\u00e8rent en apparence. En effet, le Vision Basis d&#8217;Altech est \u00e9galement disponible avec l&#8217;option d&#8217;un four de cuisson (Vision Cook).  <\/p>\n<p>Le Vision Basis est disponible en st\u00e9atite naturelle avec fonte anthracite ou en st\u00e9atite noir uni avec fonte noire.<\/p>\n<h3>Vous souhaitez en savoir plus sur le po\u00eale \u00e0 bois en st\u00e9atite Altech Vision Basis ?<\/h3>\n<p>Ressentez l&#8217;agr\u00e9able chaleur et admirez ce po\u00eale dans la salle d&#8217;exposition de l&#8217;un de nos revendeurs.<\/p>\n","protected":false},"excerpt":{"rendered":"<p>Le Vision Basis d&#8217;Altech est un authentique po\u00eale \u00e0 bois autoportant en st\u00e9atite de la populaire s\u00e9rie Vision d&#8217;Altech. Cette s\u00e9rie est connue pour son authenticit\u00e9, sa robustesse et sa convivialit\u00e9. Le mod\u00e8le Vision Basis allie la technologie moderne d&#8217;Altech \u00e0 un look \u00e9l\u00e9gant et traditionnel.  <\/p>\n","protected":false},"featured_media":3669,"comment_status":"open","ping_status":"closed","template":"","meta":{"_acf_changed":false,"_et_pb_use_builder":"","_et_pb_old_content":"","_et_gb_content_width":"","inline_featured_image":false},"product_brand":[],"product_cat":[81,91],"product_tag":[],"class_list":{"0":"post-6264","1":"product","2":"type-product","3":"status-publish","4":"has-post-thumbnail","6":"product_cat-poeles-a-bois","7":"product_cat-vision-fr","9":"first","10":"instock","11":"shipping-taxable","12":"product-type-simple"},"acf":[],"_links":{"self":[{"href":"https:\/\/www.altechkachels.com\/fr\/wp-json\/wp\/v2\/product\/6264","targetHints":{"allow":["GET"]}}],"collection":[{"href":"https:\/\/www.altechkachels.com\/fr\/wp-json\/wp\/v2\/product"}],"about":[{"href":"https:\/\/www.altechkachels.com\/fr\/wp-json\/wp\/v2\/types\/product"}],"replies":[{"embeddable":true,"href":"https:\/\/www.altechkachels.com\/fr\/wp-json\/wp\/v2\/comments?post=6264"}],"wp:featuredmedia":[{"embeddable":true,"href":"https:\/\/www.altechkachels.com\/fr\/wp-json\/wp\/v2\/media\/3669"}],"wp:attachment":[{"href":"https:\/\/www.altechkachels.com\/fr\/wp-json\/wp\/v2\/media?parent=6264"}],"wp:term":[{"taxonomy":"product_brand","embeddable":true,"href":"https:\/\/www.altechkachels.com\/fr\/wp-json\/wp\/v2\/product_brand?post=6264"},{"taxonomy":"product_cat","embeddable":true,"href":"https:\/\/www.altechkachels.com\/fr\/wp-json\/wp\/v2\/product_cat?post=6264"},{"taxonomy":"product_tag","embeddable":true,"href":"https:\/\/www.altechkachels.com\/fr\/wp-json\/wp\/v2\/product_tag?post=6264"}],"curies":[{"name":"wp","href":"https:\/\/api.w.org\/{rel}","templated":true}]}}