{"id":6286,"date":"2022-06-09T13:25:53","date_gmt":"2022-06-09T11:25:53","guid":{"rendered":"https:\/\/www.altechkachels.com\/non class\u00e9\/max-w-depot\/"},"modified":"2022-06-09T13:25:53","modified_gmt":"2022-06-09T11:25:53","slug":"max-w-depot","status":"publish","type":"product","link":"https:\/\/www.altechkachels.com\/fr\/poeles-a-bois\/max-fr\/max-w-depot\/","title":{"rendered":"Max W depot"},"content":{"rendered":"<p>Le po\u00eale \u00e0 bois en pierre ollaire Altech Max W Depot est l&#8217;un des mod\u00e8les populaires de la s\u00e9rie Max. Le d\u00e9p\u00f4t Max W se caract\u00e9rise par sa forme ovale. Gr\u00e2ce \u00e0 cette conception, cet appareil offre une belle et large vue sur le feu. Ces caract\u00e9ristiques, combin\u00e9es \u00e0 son rendement \u00e9lev\u00e9 et \u00e0 l&#8217;utilisation de la pierre ollaire associ\u00e9e \u00e0 l&#8217;acier, rendent ce po\u00eale tr\u00e8s populaire.<\/p>\n<h2>Le po\u00eale en pierre ollaire le plus \u00e9l\u00e9gant du march\u00e9<\/h2>\n<p>Pour la premi\u00e8re fois en 40 ans de fabrication de po\u00eales en st\u00e9atite par Altech, le choix a \u00e9t\u00e9 fait de commercialiser un mod\u00e8le avec un cadre en acier. Ce cadre en acier et les pierres \u00e0 savon encastr\u00e9es donnent \u00e0 l&#8217;Altech Max le design le plus \u00e9l\u00e9gant de tous les po\u00eales en pierre \u00e0 savon. <\/p>\n<p>Avec une puissance de 3 \u00e0 8,5 kW, le Max convient aussi bien pour les petites pi\u00e8ces que pour les grands espaces. Le po\u00eale \u00e0 bois est facile \u00e0 utiliser, vous pouvez actionner la poign\u00e9e de porte int\u00e9gr\u00e9e et le levier d&#8217;air \u00e0 l&#8217;aide de la cl\u00e9 fournie. Le mod\u00e8le de base est \u00e9quip\u00e9 de pieds, le d\u00e9p\u00f4t Max W se tient un peu plus haut gr\u00e2ce \u00e0 <\/p>\n<h2>Profitez de la merveilleuse chaleur de la pierre ollaire avec le granul\u00e9 Max B d&#8217;Altech.<\/h2>\n<p>L&#8217;Altexh Max B est principalement constitu\u00e9 <a href=\"https:\/\/www.altechkachels.com\/kenniscentrum\/wat-is-speksteen\/\">de st\u00e9atite.<\/a> La particularit\u00e9 de ce type de mat\u00e9riau est que la pierre ollaire emmagasine la chaleur et la diffuse de mani\u00e8re uniforme. Vous pouvez comparer cette chaleur \u00e0 la chaleur infrarouge du soleil. La chaleur infrarouge est la chaleur la plus naturelle qui soit et r\u00e9chauffe les objets dans l&#8217;espace. La chaleur est comme une couverture qui vous enveloppe et r\u00e9chauffe tout votre corps et votre environnement. <\/p>\n<h2>Profitez de la merveilleuse chaleur de la pierre ollaire avec le d\u00e9p\u00f4t Altech Max W<\/h2>\n<p>Le d\u00e9p\u00f4t Altech Max W est principalement constitu\u00e9 <a href=\"https:\/\/www.altechkachels.com\/kenniscentrum\/wat-is-speksteen\/\">de st\u00e9atite.<\/a> La particularit\u00e9 de ce type de mat\u00e9riau est que la pierre ollaire emmagasine la chaleur et la diffuse de mani\u00e8re uniforme. Deze warmte kun je vergelijken met de infraroodwarmte van de zon. La chaleur infrarouge est la chaleur la plus naturelle qui soit et r\u00e9chauffe les objets dans l&#8217;espace. La chaleur est comme une couverture qui vous enveloppe et r\u00e9chauffe tout votre corps et votre environnement. <\/p>\n<h2>Curieux de conna\u00eetre le po\u00eale \u00e0 bois en st\u00e9atite Altech Max W depot ?<\/h2>\n<p>D\u00e9couvrez la merveilleuse chaleur et admirez ce po\u00eale dans la salle d&#8217;exposition de l&#8217;un de nos <a href=\"https:\/\/www.altechkachels.com\/dealers\/\">revendeurs<\/a> ou dans le centre d&#8217;exp\u00e9rience de <a href=\"http:\/\/www.haveverwarming.nl\/experiencecenter\" rel=\"noopener\">HAV\u00c9 Heating.<\/a><\/p>\n","protected":false},"excerpt":{"rendered":"<p>Un design \u00e9pur\u00e9 sans pr\u00e9c\u00e9dent associ\u00e9 \u00e0 la chaleur famili\u00e8re de la st\u00e9atite, c&#8217;est ce qui fait de l&#8217;Altech Max &#8216;le po\u00eale \u00e0 bois du futur&#8217;.<\/p>\n","protected":false},"featured_media":5988,"comment_status":"open","ping_status":"closed","template":"","meta":{"_acf_changed":false,"_et_pb_use_builder":"","_et_pb_old_content":"","_et_gb_content_width":"","inline_featured_image":false},"product_brand":[],"product_cat":[145,81],"product_tag":[],"class_list":{"0":"post-6286","1":"product","2":"type-product","3":"status-publish","4":"has-post-thumbnail","6":"product_cat-max-fr","7":"product_cat-poeles-a-bois","9":"first","10":"instock","11":"shipping-taxable","12":"product-type-simple"},"acf":[],"_links":{"self":[{"href":"https:\/\/www.altechkachels.com\/fr\/wp-json\/wp\/v2\/product\/6286","targetHints":{"allow":["GET"]}}],"collection":[{"href":"https:\/\/www.altechkachels.com\/fr\/wp-json\/wp\/v2\/product"}],"about":[{"href":"https:\/\/www.altechkachels.com\/fr\/wp-json\/wp\/v2\/types\/product"}],"replies":[{"embeddable":true,"href":"https:\/\/www.altechkachels.com\/fr\/wp-json\/wp\/v2\/comments?post=6286"}],"wp:featuredmedia":[{"embeddable":true,"href":"https:\/\/www.altechkachels.com\/fr\/wp-json\/wp\/v2\/media\/5988"}],"wp:attachment":[{"href":"https:\/\/www.altechkachels.com\/fr\/wp-json\/wp\/v2\/media?parent=6286"}],"wp:term":[{"taxonomy":"product_brand","embeddable":true,"href":"https:\/\/www.altechkachels.com\/fr\/wp-json\/wp\/v2\/product_brand?post=6286"},{"taxonomy":"product_cat","embeddable":true,"href":"https:\/\/www.altechkachels.com\/fr\/wp-json\/wp\/v2\/product_cat?post=6286"},{"taxonomy":"product_tag","embeddable":true,"href":"https:\/\/www.altechkachels.com\/fr\/wp-json\/wp\/v2\/product_tag?post=6286"}],"curies":[{"name":"wp","href":"https:\/\/api.w.org\/{rel}","templated":true}]}}