{"id":6289,"date":"2022-06-10T08:32:18","date_gmt":"2022-06-10T06:32:18","guid":{"rendered":"https:\/\/www.altechkachels.com\/non%20class\u00e9\/max-h-pellet\/"},"modified":"2023-11-23T13:03:23","modified_gmt":"2023-11-23T11:03:23","slug":"max-h-pellet","status":"publish","type":"product","link":"https:\/\/www.altechkachels.com\/fr\/poeles-a-pellets\/max-pellet-fr\/max-h-pellet\/","title":{"rendered":"Max H pellet"},"content":{"rendered":"<p><strong>Altech Max H Pellet Plus<\/strong><br \/>\nLe Max H Pellet d&#8217;Altech est un mod\u00e8le de la s\u00e9rie populaire Max d&#8217;Altech. Le Max H Pellet Plus, comme tous les autres mod\u00e8les de cette s\u00e9rie, se caract\u00e9rise par son cadre en acier et ses formes rectangulaires. Cette combinaison fait du Max H Pellet le design le plus \u00e9l\u00e9gant de tous les po\u00eales en st\u00e9atite Altech.<\/p>\n<p><strong>Convient \u00e0 tous les m\u00e9nages<\/strong><br \/>\nAvec une puissance de 2 \u00e0 10 kW, le po\u00eale \u00e0 granul\u00e9s Max H Pellet Plus est adapt\u00e9 pour fournir aux petites pi\u00e8ces comme aux grands espaces une merveilleuse chaleur infrarouge. Le feu de l&#8217;\u00e9l\u00e9gant po\u00eale \u00e0 granul\u00e9s Max H plus est facile \u00e0 admirer \u00e0 travers sa grande fen\u00eatre. Et avec ce mod\u00e8le, vous ne profiterez pas seulement d&#8217;une belle vue sur le feu. Non, la chaleur infrarouge merveilleuse et saine provenant de l&#8217;\u00e9paisse couche de pierre ollaire, combin\u00e9e \u00e0 un fonctionnement simple et efficace, rend ces po\u00eales \u00e0 granul\u00e9s encore plus populaires.<\/p>\n<p><strong>Profitez d&#8217;un magnifique feu avec ce po\u00eale \u00e0 granul\u00e9s sans courant.<\/strong><br \/>\nAvec le po\u00eale \u00e0 granul\u00e9s Max H Pellet d&#8217;Altech, vous obtiendrez un magnifique motif de flammes et profiterez de la chaleur saine de la pierre ollaire. Ce po\u00eale en pierre ollaire br\u00fble des granul\u00e9s de bois et ne fonctionne pas de mani\u00e8re automatis\u00e9e comme un po\u00eale \u00e0 granul\u00e9s typique, mais avec un syst\u00e8me de micro-gaz\u00e9ification.<\/p>\n<p>Cette technologie brevet\u00e9e garantit une combustion propre et un rendement tr\u00e8s \u00e9lev\u00e9. Ce mod\u00e8le (comme les autres mod\u00e8les de po\u00eales \u00e0 bois et \u00e0 granul\u00e9s en st\u00e9atite) fonctionne gr\u00e2ce \u00e0 l&#8217;oxyg\u00e8ne de la pi\u00e8ce et au tirage naturel du conduit de fum\u00e9e. Ce syst\u00e8me de combustion sans courant ne n\u00e9cessite aucun ventilateur. Vous n&#8217;\u00eates donc pas g\u00ean\u00e9(e) par du bruit ou des pannes. Et gr\u00e2ce au syst\u00e8me de combustion unique, les po\u00eales \u00e0 granul\u00e9s Altech atteignent une haute efficacit\u00e9 et une consommation minimale de granul\u00e9s.<\/p>\n<p><strong>Plusieurs versions du Max possibles<\/strong><br \/>\nLa gamme Max, tr\u00e8s populaire, se compose de plusieurs mod\u00e8les et est disponible en tant que po\u00eale \u00e0 bois ou po\u00eale \u00e0 granul\u00e9s. Ce mod\u00e8le est disponible en pierre ollaire naturelle avec une fonte anthracite ou en pierre ollaire uni noire avec une fonte noire.<\/p>\n<h2>Profitez de la merveilleuse chaleur de la pierre ollaire avec les pellets Altech Max H.<\/h2>\n<p>Le granul\u00e9 Altech Max H est compos\u00e9 en grande partie <a href=\"https:\/\/www.altechkachels.com\/kenniscentrum\/wat-is-speksteen\/\">de st\u00e9atite.<\/a> La particularit\u00e9 de ce mat\u00e9riau est que la pierre ollaire emmagasine la chaleur et la diffuse de mani\u00e8re uniforme. Vous pouvez comparer cette chaleur \u00e0 la chaleur infrarouge du soleil. La chaleur infrarouge est la chaleur la plus naturelle qui soit et r\u00e9chauffe les objets dans la pi\u00e8ce. La chaleur est comme une couverture qui vous enveloppe et r\u00e9chauffe tout votre corps et votre environnement. <\/p>\n<p><strong>D\u00e9couvrez le po\u00eale \u00e0 granul\u00e9s Max H d&#8217;Altech par vous-m\u00eame.<\/strong><br \/>\nCe po\u00eale \u00e0 granul\u00e9s vous intrigue ? Admirez-la dans la salle d&#8217;exposition de l&#8217;un de nos <a href=\"http:\/\/www.haveverwarming.nl\/experiencecenter\" rel=\"noopener\">revendeurs<\/a> ou dans le centre d&#8217;exp\u00e9rience de HAV\u00c9 Heating.<\/p>\n","protected":false},"excerpt":{"rendered":"<p>Un design \u00e9pur\u00e9 sans pr\u00e9c\u00e9dent combin\u00e9 \u00e0 la chaleur famili\u00e8re de la pierre ollaire, qui fait de l&#8217;Altech Max H &#8221; le po\u00eale \u00e0 granul\u00e9s du futur &#8220;.<\/p>\n","protected":false},"featured_media":5918,"comment_status":"open","ping_status":"closed","template":"","meta":{"_acf_changed":false,"_et_pb_use_builder":"","_et_pb_old_content":"","_et_gb_content_width":"","inline_featured_image":false},"product_brand":[],"product_cat":[146,82],"product_tag":[],"class_list":{"0":"post-6289","1":"product","2":"type-product","3":"status-publish","4":"has-post-thumbnail","6":"product_cat-max-pellet-fr","7":"product_cat-poeles-a-pellets","9":"first","10":"instock","11":"shipping-taxable","12":"product-type-simple"},"acf":[],"_links":{"self":[{"href":"https:\/\/www.altechkachels.com\/fr\/wp-json\/wp\/v2\/product\/6289","targetHints":{"allow":["GET"]}}],"collection":[{"href":"https:\/\/www.altechkachels.com\/fr\/wp-json\/wp\/v2\/product"}],"about":[{"href":"https:\/\/www.altechkachels.com\/fr\/wp-json\/wp\/v2\/types\/product"}],"replies":[{"embeddable":true,"href":"https:\/\/www.altechkachels.com\/fr\/wp-json\/wp\/v2\/comments?post=6289"}],"wp:featuredmedia":[{"embeddable":true,"href":"https:\/\/www.altechkachels.com\/fr\/wp-json\/wp\/v2\/media\/5918"}],"wp:attachment":[{"href":"https:\/\/www.altechkachels.com\/fr\/wp-json\/wp\/v2\/media?parent=6289"}],"wp:term":[{"taxonomy":"product_brand","embeddable":true,"href":"https:\/\/www.altechkachels.com\/fr\/wp-json\/wp\/v2\/product_brand?post=6289"},{"taxonomy":"product_cat","embeddable":true,"href":"https:\/\/www.altechkachels.com\/fr\/wp-json\/wp\/v2\/product_cat?post=6289"},{"taxonomy":"product_tag","embeddable":true,"href":"https:\/\/www.altechkachels.com\/fr\/wp-json\/wp\/v2\/product_tag?post=6289"}],"curies":[{"name":"wp","href":"https:\/\/api.w.org\/{rel}","templated":true}]}}