{"id":6291,"date":"2022-06-09T11:08:16","date_gmt":"2022-06-09T09:08:16","guid":{"rendered":"https:\/\/www.altechkachels.com\/non class\u00e9\/max-b\/"},"modified":"2022-06-09T11:08:16","modified_gmt":"2022-06-09T09:08:16","slug":"max-b","status":"publish","type":"product","link":"https:\/\/www.altechkachels.com\/fr\/poeles-a-bois\/max-fr\/max-b\/","title":{"rendered":"Max B"},"content":{"rendered":"<h2>Le po\u00eale en pierre ollaire le plus \u00e9l\u00e9gant du march\u00e9<\/h2>\n<p>Un design \u00e9pur\u00e9 sans pr\u00e9c\u00e9dent associ\u00e9 \u00e0 la chaleur famili\u00e8re de la st\u00e9atite, c&#8217;est ce qui fait de l&#8217;Altech Max &#8216;le po\u00eale \u00e0 bois du futur&#8217;.<br \/>\nPour la premi\u00e8re fois en 40 ans de fabrication de po\u00eales en st\u00e9atite par Altech, le choix a \u00e9t\u00e9 fait de commercialiser un mod\u00e8le avec un cadre en acier. Ce cadre en acier et les pierres \u00e0 savon encastr\u00e9es donnent \u00e0 l&#8217;Altech Max le design le plus \u00e9l\u00e9gant de tous les po\u00eales en pierre \u00e0 savon.<br \/>\nAvec une puissance de 3 \u00e0 8,5 kW, le Max convient aussi bien pour les petites pi\u00e8ces que pour les grands espaces. Le po\u00eale \u00e0 bois est facile \u00e0 utiliser, vous pouvez actionner la poign\u00e9e de porte int\u00e9gr\u00e9e et le levier d&#8217;air \u00e0 l&#8217;aide de la cl\u00e9 fournie. Comme vous l&#8217;attendez d&#8217;Altech, ce mod\u00e8le est disponible sur une terrasse en bois, ce qui vous permet d&#8217;avoir une vue encore meilleure sur les magnifiques flammes. <\/p>\n<p>\u200b\u200b<\/p>\n<h2>Appr\u00e9ciez la merveilleuse chaleur de la pierre ollaire avec l&#8217;Altech Max B<\/h2>\n<p>L&#8217;Altexh Max B est principalement constitu\u00e9 <a href=\"https:\/\/www.altechkachels.com\/kenniscentrum\/wat-is-speksteen\/\">de st\u00e9atite.<\/a> La particularit\u00e9 de ce type de mat\u00e9riau est que la pierre ollaire emmagasine la chaleur et la diffuse de mani\u00e8re uniforme. Vous pouvez comparer cette chaleur \u00e0 la chaleur infrarouge du soleil. La chaleur infrarouge est la chaleur la plus naturelle qui soit et r\u00e9chauffe les objets dans la pi\u00e8ce. La chaleur est comme une couverture qui vous enveloppe et r\u00e9chauffe tout votre corps et votre environnement. <\/p>\n<p>\u200b\u200b<\/p>\n<h2>Vous \u00eates curieux de savoir ce qu&#8217;est le po\u00eale \u00e0 bois en pierre ollaire Altech Max B ?<\/h2>\n<p>D\u00e9couvrez la merveilleuse chaleur et admirez ce po\u00eale dans la salle d&#8217;exposition de l&#8217;un de nos <a href=\"https:\/\/www.altechkachels.com\/dealers\/\">revendeurs<\/a> ou dans le centre d&#8217;exp\u00e9rience de <a href=\"http:\/\/www.haveverwarming.nl\/experiencecenter\" rel=\"noopener\">HAV\u00c9 Heating.<\/a><\/p>\n","protected":false},"excerpt":{"rendered":"<p>Un design \u00e9pur\u00e9 sans pr\u00e9c\u00e9dent combin\u00e9 \u00e0 la chaleur famili\u00e8re de la pierre ollaire qui fait de l&#8217;Altech Max B &#8220;le po\u00eale du futur&#8221;. <\/p>\n","protected":false},"featured_media":5999,"comment_status":"open","ping_status":"closed","template":"","meta":{"_acf_changed":false,"_et_pb_use_builder":"","_et_pb_old_content":"","_et_gb_content_width":"","inline_featured_image":false},"product_brand":[],"product_cat":[145,81],"product_tag":[],"class_list":{"0":"post-6291","1":"product","2":"type-product","3":"status-publish","4":"has-post-thumbnail","6":"product_cat-max-fr","7":"product_cat-poeles-a-bois","9":"first","10":"instock","11":"shipping-taxable","12":"product-type-simple"},"acf":[],"_links":{"self":[{"href":"https:\/\/www.altechkachels.com\/fr\/wp-json\/wp\/v2\/product\/6291","targetHints":{"allow":["GET"]}}],"collection":[{"href":"https:\/\/www.altechkachels.com\/fr\/wp-json\/wp\/v2\/product"}],"about":[{"href":"https:\/\/www.altechkachels.com\/fr\/wp-json\/wp\/v2\/types\/product"}],"replies":[{"embeddable":true,"href":"https:\/\/www.altechkachels.com\/fr\/wp-json\/wp\/v2\/comments?post=6291"}],"wp:featuredmedia":[{"embeddable":true,"href":"https:\/\/www.altechkachels.com\/fr\/wp-json\/wp\/v2\/media\/5999"}],"wp:attachment":[{"href":"https:\/\/www.altechkachels.com\/fr\/wp-json\/wp\/v2\/media?parent=6291"}],"wp:term":[{"taxonomy":"product_brand","embeddable":true,"href":"https:\/\/www.altechkachels.com\/fr\/wp-json\/wp\/v2\/product_brand?post=6291"},{"taxonomy":"product_cat","embeddable":true,"href":"https:\/\/www.altechkachels.com\/fr\/wp-json\/wp\/v2\/product_cat?post=6291"},{"taxonomy":"product_tag","embeddable":true,"href":"https:\/\/www.altechkachels.com\/fr\/wp-json\/wp\/v2\/product_tag?post=6291"}],"curies":[{"name":"wp","href":"https:\/\/api.w.org\/{rel}","templated":true}]}}