{"id":6292,"date":"2022-06-09T11:08:16","date_gmt":"2022-06-09T09:08:16","guid":{"rendered":"https:\/\/www.altechkachels.com\/non class\u00e9\/max-h-depot\/"},"modified":"2022-06-09T11:08:16","modified_gmt":"2022-06-09T09:08:16","slug":"max-h-depot","status":"publish","type":"product","link":"https:\/\/www.altechkachels.com\/fr\/poeles-a-bois\/max-fr\/max-h-depot\/","title":{"rendered":"Max H depot"},"content":{"rendered":"<p><strong>Altech Max H Depot<\/strong><br \/>\nLe d\u00e9p\u00f4t Max H, comme tous les autres mod\u00e8les de cette s\u00e9rie, se caract\u00e9rise par son cadre en acier et ses formes rectangulaires. Cette combinaison fait du Max H Depot le design le plus \u00e9l\u00e9gant de tous les po\u00eales en st\u00e9atite Altech.<\/p>\n<p>Avec une puissance de 3 \u00e0 8,5 kW, le Max H Depot convient aussi bien aux petites pi\u00e8ces qu&#8217;aux grands espaces pour leur apporter une merveilleuse chaleur infrarouge. Le po\u00eale \u00e0 bois est facile \u00e0 utiliser, vous pouvez actionner la poign\u00e9e de porte int\u00e9gr\u00e9e et le levier d&#8217;air \u00e0 l&#8217;aide de la cl\u00e9 fournie. <\/p>\n<p><strong>Plusieurs versions du Max possibles<\/strong><br \/>\nLe d\u00e9p\u00f4t Max H d&#8217;Altech est l&#8217;un des mod\u00e8les de la populaire s\u00e9rie Max d&#8217;Altech. Cette version de la Max H est \u00e9quip\u00e9e d&#8217;un d\u00e9p\u00f4t de bois, ce qui vous permet d&#8217;avoir une vue encore meilleure sur les magnifiques jeux de feu. Et pour couronner le tout, ce po\u00eale est disponible en pierre ollaire naturelle avec de la fonte anthracite ou en pierre ollaire noire uni avec de la fonte noire.<\/p>\n<h2>Profitez de la merveilleuse chaleur de la pierre ollaire avec le d\u00e9p\u00f4t Altech Max H<\/h2>\n<p>L&#8217;Altech Max B est principalement constitu\u00e9 de <a href=\"https:\/\/www.altechkachels.com\/kenniscentrum\/wat-is-speksteen\/\">pierre ollaire.<\/a> La particularit\u00e9 de ce type de mat\u00e9riau est que la pierre ollaire emmagasine la chaleur et la diffuse de mani\u00e8re uniforme. Deze warmte kun je vergelijken met de infraroodwarmte van de zon. La chaleur infrarouge est la chaleur la plus naturelle qui soit et r\u00e9chauffe les objets dans la pi\u00e8ce. La chaleur est comme une couverture qui vous enveloppe et r\u00e9chauffe tout votre corps et votre environnement. <\/p>\n<p><strong>D\u00e9couvrez le d\u00e9p\u00f4t Max H d&#8217;Altech par vous-m\u00eame<\/strong><br \/>\nCe po\u00eale \u00e0 bois vous intrigue ? Admirez-la dans la salle d&#8217;exposition de l&#8217;un de nos <a href=\"https:\/\/www.altechkachels.com\/dealers\/\">revendeurs<\/a> ou dans le centre d&#8217;exp\u00e9rience de <a href=\"http:\/\/www.haveverwarming.nl\/experiencecenter\" rel=\"noopener\">HAV\u00c9 Heating.<\/a><\/p>\n","protected":false},"excerpt":{"rendered":"<p>Un design \u00e9pur\u00e9 sans pr\u00e9c\u00e9dent associ\u00e9 \u00e0 la chaleur famili\u00e8re de la st\u00e9atite, c&#8217;est ce qui fait de l&#8217;Altech Max &#8216;le po\u00eale \u00e0 bois du futur&#8217;.<\/p>\n","protected":false},"featured_media":6034,"comment_status":"open","ping_status":"closed","template":"","meta":{"_acf_changed":false,"_et_pb_use_builder":"","_et_pb_old_content":"","_et_gb_content_width":"","inline_featured_image":false},"product_brand":[],"product_cat":[145,81],"product_tag":[],"class_list":{"0":"post-6292","1":"product","2":"type-product","3":"status-publish","4":"has-post-thumbnail","6":"product_cat-max-fr","7":"product_cat-poeles-a-bois","9":"first","10":"instock","11":"shipping-taxable","12":"product-type-simple"},"acf":[],"_links":{"self":[{"href":"https:\/\/www.altechkachels.com\/fr\/wp-json\/wp\/v2\/product\/6292","targetHints":{"allow":["GET"]}}],"collection":[{"href":"https:\/\/www.altechkachels.com\/fr\/wp-json\/wp\/v2\/product"}],"about":[{"href":"https:\/\/www.altechkachels.com\/fr\/wp-json\/wp\/v2\/types\/product"}],"replies":[{"embeddable":true,"href":"https:\/\/www.altechkachels.com\/fr\/wp-json\/wp\/v2\/comments?post=6292"}],"wp:featuredmedia":[{"embeddable":true,"href":"https:\/\/www.altechkachels.com\/fr\/wp-json\/wp\/v2\/media\/6034"}],"wp:attachment":[{"href":"https:\/\/www.altechkachels.com\/fr\/wp-json\/wp\/v2\/media?parent=6292"}],"wp:term":[{"taxonomy":"product_brand","embeddable":true,"href":"https:\/\/www.altechkachels.com\/fr\/wp-json\/wp\/v2\/product_brand?post=6292"},{"taxonomy":"product_cat","embeddable":true,"href":"https:\/\/www.altechkachels.com\/fr\/wp-json\/wp\/v2\/product_cat?post=6292"},{"taxonomy":"product_tag","embeddable":true,"href":"https:\/\/www.altechkachels.com\/fr\/wp-json\/wp\/v2\/product_tag?post=6292"}],"curies":[{"name":"wp","href":"https:\/\/api.w.org\/{rel}","templated":true}]}}