{"id":7093,"date":"2024-08-08T11:54:17","date_gmt":"2024-08-08T09:54:17","guid":{"rendered":"https:\/\/www.altechkachels.com\/non%20class\u00e9\/max-massiv-h\/"},"modified":"2024-10-23T16:13:18","modified_gmt":"2024-10-23T14:13:18","slug":"max-massiv-h","status":"publish","type":"product","link":"https:\/\/www.altechkachels.com\/fr\/poeles-a-bois\/max-massiv-fr\/max-massiv-h\/","title":{"rendered":"Max Massiv H"},"content":{"rendered":"<h1>Max Massiv H<\/h1>\n<p><span style=\"font-weight: 400;\">Le nom de ce po\u00eale en dit long : le Max Massiv H est constitu\u00e9 de blocs de <a href=\"https:\/\/www.altechkachels.com\/kracht-van-speksteen\/\">pierre ollaire<\/a> massifs. Cela garantit un excellent stockage de la chaleur et une \u00e9mission de chaleur durable, m\u00eame apr\u00e8s que le feu se soit \u00e9teint. Le Max Massiv H est dot\u00e9 d&#8217;une vitre tr\u00e8s haute qui offre une vue magnifique sur les flammes. <\/span><\/p>\n<p><span style=\"font-weight: 400;\">Avec une puissance de 3 \u00e0 8,5 kW, vous restez confortablement au chaud pendant les froides journ\u00e9es d&#8217;hiver, sans consommer trop de bois. En plus d&#8217;une chaleur et d&#8217;une atmosph\u00e8re agr\u00e9ables, le Max Massiv est \u00e9galement bon pour votre portefeuille. <\/span><\/p>\n<h2>Stockage maximal de la chaleur avec l&#8217;Altech Max Massiv H<\/h2>\n<p><span style=\"font-weight: 400;\">Les po\u00eales Altech sont constitu\u00e9s d\u2019une grande quantit\u00e9 de pierre ollaire, dans laquelle ils accumulent la chaleur pour la restituer progressivement. Pour accumuler encore plus de chaleur, les po\u00eales de la s\u00e9rie Max Massiv peuvent m\u00eame \u00eatre \u00e9quip\u00e9s de rang\u00e9es suppl\u00e9mentaires de pierre ollaire. Ainsi, le po\u00eale peut chauffer n\u2019importe quelle pi\u00e8ce de mani\u00e8re optimale. <\/span><\/p>\n<h2>Curieux de conna\u00eetre le po\u00eale \u00e0 bois Altech Max Massiv H en pierre ollaire ?<\/h2>\n<p><span style=\"font-weight: 400;\">D\u00e9couvrez la merveilleuse chaleur et admirez ce po\u00eale dans la salle d&#8217;exposition de l&#8217;un de nos<\/span> <a href=\"https:\/\/www.altechkachels.com\/dealers\/\"><span style=\"font-weight: 400;\">revendeurs <\/span><\/a><span style=\"font-weight: 400;\">ou dans le centre d&#8217;exp\u00e9rience de<\/span> <span style=\"font-weight: 400;\"><a href=\"http:\/\/www.haveverwarming.nl\/experiencecenter\" rel=\"noopener\">HAV\u00c9 Verwarming<\/a><\/span><span style=\"font-weight: 400;\">.<\/span><\/p>\n","protected":false},"excerpt":{"rendered":"<p><span style=\"font-weight: 400;\">Le nom de ce po\u00eale en dit long : le Max Massiv H est constitu\u00e9 de blocs de <a href=\"https:\/\/www.altechkachels.com\/kracht-van-speksteen\/\">pierre ollaire<\/a> massifs. Cela garantit un excellent stockage de la chaleur et une \u00e9mission de chaleur durable, m\u00eame apr\u00e8s que le feu se soit \u00e9teint. <\/span><\/p>\n","protected":false},"featured_media":6927,"comment_status":"closed","ping_status":"closed","template":"","meta":{"_acf_changed":false,"_et_pb_use_builder":"","_et_pb_old_content":"","_et_gb_content_width":"","inline_featured_image":false},"product_brand":[],"product_cat":[158,81],"product_tag":[],"class_list":{"0":"post-7093","1":"product","2":"type-product","3":"status-publish","4":"has-post-thumbnail","6":"product_cat-max-massiv-fr","7":"product_cat-poeles-a-bois","9":"first","10":"instock","11":"shipping-taxable","12":"product-type-simple"},"acf":[],"_links":{"self":[{"href":"https:\/\/www.altechkachels.com\/fr\/wp-json\/wp\/v2\/product\/7093","targetHints":{"allow":["GET"]}}],"collection":[{"href":"https:\/\/www.altechkachels.com\/fr\/wp-json\/wp\/v2\/product"}],"about":[{"href":"https:\/\/www.altechkachels.com\/fr\/wp-json\/wp\/v2\/types\/product"}],"replies":[{"embeddable":true,"href":"https:\/\/www.altechkachels.com\/fr\/wp-json\/wp\/v2\/comments?post=7093"}],"wp:featuredmedia":[{"embeddable":true,"href":"https:\/\/www.altechkachels.com\/fr\/wp-json\/wp\/v2\/media\/6927"}],"wp:attachment":[{"href":"https:\/\/www.altechkachels.com\/fr\/wp-json\/wp\/v2\/media?parent=7093"}],"wp:term":[{"taxonomy":"product_brand","embeddable":true,"href":"https:\/\/www.altechkachels.com\/fr\/wp-json\/wp\/v2\/product_brand?post=7093"},{"taxonomy":"product_cat","embeddable":true,"href":"https:\/\/www.altechkachels.com\/fr\/wp-json\/wp\/v2\/product_cat?post=7093"},{"taxonomy":"product_tag","embeddable":true,"href":"https:\/\/www.altechkachels.com\/fr\/wp-json\/wp\/v2\/product_tag?post=7093"}],"curies":[{"name":"wp","href":"https:\/\/api.w.org\/{rel}","templated":true}]}}