{"id":5164,"date":"2021-12-07T11:11:26","date_gmt":"2021-12-07T09:11:26","guid":{"rendered":"https:\/\/www.altechkachels.com\/il-potere-della-pietra-ollare\/"},"modified":"2022-03-16T17:50:34","modified_gmt":"2022-03-16T15:50:34","slug":"il-potere-della-pietra-ollare","status":"publish","type":"page","link":"https:\/\/www.altechkachels.com\/it\/il-potere-della-pietra-ollare\/","title":{"rendered":"Il potere della pietra ollare"},"content":{"rendered":"<p>[et_pb_section fb_built=&#8221;1&#8243; _builder_version=&#8221;4.14.1&#8243; _dynamic_attributes=&#8221;background_image&#8221; _module_preset=&#8221;default&#8221; background_image=&#8221;@ET-DC@eyJkeW5hbWljIjp0cnVlLCJjb250ZW50IjoicG9zdF9mZWF0dXJlZF9pbWFnZSIsInNldHRpbmdzIjp7fX0=@&#8221; custom_margin=&#8221;-15vh||0px||false|false&#8221; custom_padding=&#8221;0px||0px||true|false&#8221; bottom_divider_color=&#8221;#FFFFFF&#8221; bottom_divider_flip=&#8221;horizontal&#8221; background_last_edited=&#8221;off|tablet&#8221; parallax_tablet=&#8221;off&#8221; background_size_phone=&#8221;cover&#8221; background_position_tablet=&#8221;center&#8221; background_position_phone=&#8221;center&#8221; global_colors_info=&#8221;{}&#8221;][et_pb_row _builder_version=&#8221;4.14.2&#8243; _module_preset=&#8221;default&#8221; width=&#8221;100%&#8221; max_width=&#8221;100%&#8221; custom_margin=&#8221;0px||0px||true|false&#8221; custom_padding=&#8221;0px||0px||true|false&#8221; global_colors_info=&#8221;{}&#8221;][et_pb_column type=&#8221;4_4&#8243; _builder_version=&#8221;4.14.2&#8243; _module_preset=&#8221;default&#8221; global_colors_info=&#8221;{}&#8221;][et_pb_divider show_divider=&#8221;off&#8221; _builder_version=&#8221;4.14.2&#8243; _module_preset=&#8221;default&#8221; min_height=&#8221;60vh&#8221; min_height_tablet=&#8221;35vh&#8221; min_height_phone=&#8221;25vh&#8221; min_height_last_edited=&#8221;on|phone&#8221; custom_margin=&#8221;0px||0px||true|false&#8221; custom_padding=&#8221;0px||0px||true|false&#8221; global_colors_info=&#8221;{}&#8221;]<br \/>\n[\/et_pb_divider][et_pb_text _builder_version=&#8221;4.14.2&#8243; _module_preset=&#8221;default&#8221; header_3_font=&#8221;Open Sans|300|||||||&#8221; header_3_text_align=&#8221;center&#8221; header_3_text_color=&#8221;#ffffff&#8221; vertical_offset_tablet=&#8221;0&#8243; horizontal_offset_tablet=&#8221;0&#8243; custom_margin=&#8221;||20px||false|false&#8221; link_option_url=&#8221;#over-altech-informatie&#8221; header_3_font_size_tablet=&#8221;&#8221; header_3_font_size_phone=&#8221;18px&#8221; header_3_font_size_last_edited=&#8221;on|phone&#8221; z_index_tablet=&#8221;0&#8243; text_text_shadow_horizontal_length_tablet=&#8221;0px&#8221; text_text_shadow_vertical_length_tablet=&#8221;0px&#8221; text_text_shadow_blur_strength_tablet=&#8221;1px&#8221; link_text_shadow_horizontal_length_tablet=&#8221;0px&#8221; link_text_shadow_vertical_length_tablet=&#8221;0px&#8221; link_text_shadow_blur_strength_tablet=&#8221;1px&#8221; ul_text_shadow_horizontal_length_tablet=&#8221;0px&#8221; ul_text_shadow_vertical_length_tablet=&#8221;0px&#8221; ul_text_shadow_blur_strength_tablet=&#8221;1px&#8221; ol_text_shadow_horizontal_length_tablet=&#8221;0px&#8221; ol_text_shadow_vertical_length_tablet=&#8221;0px&#8221; ol_text_shadow_blur_strength_tablet=&#8221;1px&#8221; quote_text_shadow_horizontal_length_tablet=&#8221;0px&#8221; quote_text_shadow_vertical_length_tablet=&#8221;0px&#8221; quote_text_shadow_blur_strength_tablet=&#8221;1px&#8221; header_text_shadow_horizontal_length_tablet=&#8221;0px&#8221; header_text_shadow_vertical_length_tablet=&#8221;0px&#8221; header_text_shadow_blur_strength_tablet=&#8221;1px&#8221; header_2_text_shadow_horizontal_length_tablet=&#8221;0px&#8221; header_2_text_shadow_vertical_length_tablet=&#8221;0px&#8221; header_2_text_shadow_blur_strength_tablet=&#8221;1px&#8221; header_3_text_shadow_horizontal_length_tablet=&#8221;0px&#8221; header_3_text_shadow_vertical_length_tablet=&#8221;0px&#8221; header_3_text_shadow_blur_strength_tablet=&#8221;1px&#8221; header_4_text_shadow_horizontal_length_tablet=&#8221;0px&#8221; header_4_text_shadow_vertical_length_tablet=&#8221;0px&#8221; header_4_text_shadow_blur_strength_tablet=&#8221;1px&#8221; header_5_text_shadow_horizontal_length_tablet=&#8221;0px&#8221; header_5_text_shadow_vertical_length_tablet=&#8221;0px&#8221; header_5_text_shadow_blur_strength_tablet=&#8221;1px&#8221; header_6_text_shadow_horizontal_length_tablet=&#8221;0px&#8221; header_6_text_shadow_vertical_length_tablet=&#8221;0px&#8221; header_6_text_shadow_blur_strength_tablet=&#8221;1px&#8221; box_shadow_horizontal_tablet=&#8221;0px&#8221; box_shadow_vertical_tablet=&#8221;0px&#8221; box_shadow_blur_tablet=&#8221;40px&#8221; box_shadow_spread_tablet=&#8221;0px&#8221; global_colors_info=&#8221;{}&#8221;]<\/p>\n<h3>Scoprire il potere della pietra ollare<\/h3>\n<p>[\/et_pb_text][et_pb_blurb use_icon=&#8221;on&#8221; font_icon=&#8221;&#x22;||divi||400&#8243; icon_color=&#8221;#FFFFFF&#8221; image_icon_width=&#8221;2vw&#8221; image_icon_width_tablet=&#8221;30px&#8221; image_icon_width_phone=&#8221;24px&#8221; image_icon_width_last_edited=&#8221;on|phone&#8221; module_class=&#8221;mp_m_blurb_pulse&#8221; _builder_version=&#8221;4.14.2&#8243; _module_preset=&#8221;default&#8221; module_alignment=&#8221;center&#8221; animation_direction=&#8221;top&#8221; animation=&#8221;off&#8221; link_option_url=&#8221;#over-altech-informatie&#8221; icon_font_size=&#8221;2vw&#8221; global_colors_info=&#8221;{}&#8221;][\/et_pb_blurb][\/et_pb_column][\/et_pb_row][\/et_pb_section][et_pb_section fb_built=&#8221;1&#8243; module_id=&#8221;over-altech-informatie&#8221; _builder_version=&#8221;4.14.1&#8243; _module_preset=&#8221;default&#8221; global_colors_info=&#8221;{}&#8221;][et_pb_row _builder_version=&#8221;4.14.1&#8243; _module_preset=&#8221;default&#8221; global_colors_info=&#8221;{}&#8221;][et_pb_column type=&#8221;4_4&#8243; _builder_version=&#8221;4.10.6&#8243; _module_preset=&#8221;default&#8221; global_colors_info=&#8221;{}&#8221;][et_pb_text _builder_version=&#8221;4.14.2&#8243; _module_preset=&#8221;default&#8221; header_text_color=&#8221;#000000&#8243; header_2_font=&#8221;Open Sans|600|||||||&#8221; header_2_text_color=&#8221;#FFFFFF&#8221; header_3_font=&#8221;Open Sans|600|||||||&#8221; header_4_font=&#8221;Open Sans|600|||||||&#8221; header_5_font=&#8221;Open Sans|600|||||||&#8221; header_6_font=&#8221;Open Sans|600|||||||&#8221; text_orientation=&#8221;center&#8221; custom_margin=&#8221;||10px||false|false&#8221; custom_padding=&#8221;||||false|false&#8221; header_3_font_size_tablet=&#8221;&#8221; header_3_font_size_phone=&#8221;18px&#8221; header_3_font_size_last_edited=&#8221;on|phone&#8221; global_colors_info=&#8221;{}&#8221;]<\/p>\n<h1>Il calore unico della pietra ollare<\/h1>\n<p>[\/et_pb_text][et_pb_text _builder_version=&#8221;4.14.2&#8243; _module_preset=&#8221;default&#8221; header_2_font=&#8221;|300|||||||&#8221; header_2_font_size=&#8221;24px&#8221; text_orientation=&#8221;center&#8221; custom_margin=&#8221;||20px||false|false&#8221; global_colors_info=&#8221;{}&#8221;]<\/p>\n<h2>Con una stufa in pietra ollare, si beneficia di un calore rilassante e sano.<\/h2>\n<p>[\/et_pb_text][et_pb_text _builder_version=&#8221;4.14.8&#8243; _module_preset=&#8221;default&#8221; text_text_color=&#8221;#000000&#8243; header_2_font=&#8221;Open Sans|600|||||||&#8221; header_3_font=&#8221;Open Sans|600|||||||&#8221; header_4_font=&#8221;Open Sans|600|||||||&#8221; header_5_font=&#8221;Open Sans|600|||||||&#8221; header_6_font=&#8221;Open Sans|600|||||||&#8221; text_orientation=&#8221;justified&#8221; max_width=&#8221;80%&#8221; module_alignment=&#8221;center&#8221; custom_margin=&#8221;||0px||false|false&#8221; hover_enabled=&#8221;0&#8243; header_3_font_size_tablet=&#8221;&#8221; header_3_font_size_phone=&#8221;18px&#8221; header_3_font_size_last_edited=&#8221;on|phone&#8221; global_colors_info=&#8221;{}&#8221; sticky_enabled=&#8221;0&#8243;]<\/p>\n<p class=\"p3\">La pietra ollare immagazzina il calore e poi lo irraggia uniformemente. Questo calore \u00e8 paragonabile al calore infrarosso del sole. Il calore infrarosso \u00e8 il calore pi\u00f9 naturale e riscalda gli elementi solidi. Il calore ricorda la piacevole sensazione di una coperta intorno al corpo.   <span class=\"Apple-converted-space\"> <\/span><\/p>\n<p class=\"p4\"><strong>Migliore clima interno<span class=\"Apple-converted-space\"> <\/span><\/strong><\/p>\n<p class=\"p3\">Con una stufa in pietra ollare, il clima interno \u00e8 migliore rispetto ad altre stufe a legna. Questo perch\u00e9, con una stufa in pietra ollare, c&#8217;\u00e8 meno circolazione d&#8217;aria. Ci\u00f2 significa che l&#8217;aria si asciuga meno e non ci si sente soffocare. Inoltre, il calore radiante della stufa in pietra ollare fa s\u00ec che anche le pareti diventino calde. L&#8217;umidit\u00e0 dell&#8217;aria non si condensa e rimanendo ad un livello piacevole e sano.    <span class=\"Apple-converted-space\"> <\/span><\/p>\n<p class=\"p4\"><strong>Alta temperatura di combustione<span class=\"Apple-converted-space\"> <\/span><\/strong><\/p>\n<p class=\"p3\">Una stufa in pietra ollare \u00e8 anche un&#8217;ottima scelta per l&#8217;ambiente. Grazie all&#8217;alta temperatura di combustione, la stufa brucia in modo pulito ed economico riducendo notevolmente il consumo.  <span class=\"Apple-converted-space\"> <\/span><\/p>\n<p><img loading=\"lazy\" decoding=\"async\" class=\"alignnone wp-image-2088 size-large\" src=\"https:\/\/www.altechkachels.com\/wp-content\/uploads\/max-warmte-2-1024x640.jpg\" alt=\"\" width=\"1024\" height=\"640\" srcset=\"https:\/\/www.altechkachels.com\/wp-content\/uploads\/max-warmte-2-980x613.jpg 980w, https:\/\/www.altechkachels.com\/wp-content\/uploads\/max-warmte-2-480x300.jpg 480w\" sizes=\"auto, (min-width: 0px) and (max-width: 480px) 480px, (min-width: 481px) and (max-width: 980px) 980px, (min-width: 981px) 1024px, 100vw\" \/><\/p>\n<p class=\"p4\"><strong>Meno perdite per convezione<span class=\"Apple-converted-space\"> <\/span><\/strong><\/p>\n<p class=\"p3\">Grazie al calore radiante, c&#8217;\u00e8 meno perdita di calore attraverso la ventilazione. Con il calore per convezione (come con il riscaldamento centrale), molto calore si perde attraverso le fessure, l&#8217;apertura delle porte e la necessaria ventilazione. Il calore radiante di una stufa in pietra ollare non altera l\u2018aria:- il calore \u00e8 immagazzinato nella massa di pietra della stufa. Di conseguenza, la perdita dovuta alla convezione \u00e8 molto pi\u00f9 bassa.   <span class=\"Apple-converted-space\"> <\/span><\/p>\n<p><strong>Provate voi stessi il calore rilassante della pietra ollare<\/strong><\/p>\n<p>Ora siete anche voi entusiasti del calore della pietra ollare? Allora optate per una stufa <a href=\"https:\/\/www.altechkachels.com\/it\/prodotto-categoria\/stufe-a-legna\/\">a legna<\/a> o <a href=\"https:\/\/www.altechkachels.com\/it\/prodotto-categoria\/stufe-a-pellet\/\">a pellet<\/a> Altech.  Visitate uno dei nostri <a href=\"https:\/\/www.altechkachels.com\/it\/rivenditori\/\">rivenditori<\/a> e provate voi stessi questo meraviglioso calore.<\/p>\n<p><iframe loading=\"lazy\" title=\"Ontdek de kracht van speksteen - Altech Speksteenkachels\" width=\"1080\" height=\"608\" src=\"https:\/\/www.youtube.com\/embed\/tkuFzG3MlY8?feature=oembed\"  allow=\"accelerometer; autoplay; clipboard-write; encrypted-media; gyroscope; picture-in-picture\" allowfullscreen><\/iframe><\/p>\n<p>&nbsp;<\/p>\n<p>[\/et_pb_text][\/et_pb_column][\/et_pb_row][\/et_pb_section]<\/p>\n","protected":false},"excerpt":{"rendered":"<p>Scoprire il potere della pietra ollareIl calore unico della pietra ollareCon una stufa in pietra ollare, si beneficia di un calore rilassante e sano.La pietra ollare immagazzina il calore e poi lo irraggia uniformemente. Questo calore \u00e8 paragonabile al calore infrarosso del sole. Il calore infrarosso \u00e8 il calore pi\u00f9 naturale e riscalda gli elementi [&hellip;]<\/p>\n","protected":false},"author":2,"featured_media":3237,"parent":0,"menu_order":0,"comment_status":"closed","ping_status":"closed","template":"","meta":{"_acf_changed":false,"_et_pb_use_builder":"on","_et_pb_old_content":"","_et_gb_content_width":"","inline_featured_image":false,"footnotes":""},"class_list":["post-5164","page","type-page","status-publish","has-post-thumbnail","hentry"],"acf":[],"_links":{"self":[{"href":"https:\/\/www.altechkachels.com\/it\/wp-json\/wp\/v2\/pages\/5164","targetHints":{"allow":["GET"]}}],"collection":[{"href":"https:\/\/www.altechkachels.com\/it\/wp-json\/wp\/v2\/pages"}],"about":[{"href":"https:\/\/www.altechkachels.com\/it\/wp-json\/wp\/v2\/types\/page"}],"author":[{"embeddable":true,"href":"https:\/\/www.altechkachels.com\/it\/wp-json\/wp\/v2\/users\/2"}],"replies":[{"embeddable":true,"href":"https:\/\/www.altechkachels.com\/it\/wp-json\/wp\/v2\/comments?post=5164"}],"version-history":[{"count":2,"href":"https:\/\/www.altechkachels.com\/it\/wp-json\/wp\/v2\/pages\/5164\/revisions"}],"predecessor-version":[{"id":5166,"href":"https:\/\/www.altechkachels.com\/it\/wp-json\/wp\/v2\/pages\/5164\/revisions\/5166"}],"wp:featuredmedia":[{"embeddable":true,"href":"https:\/\/www.altechkachels.com\/it\/wp-json\/wp\/v2\/media\/3237"}],"wp:attachment":[{"href":"https:\/\/www.altechkachels.com\/it\/wp-json\/wp\/v2\/media?parent=5164"}],"curies":[{"name":"wp","href":"https:\/\/api.w.org\/{rel}","templated":true}]}}