{"id":5240,"date":"2021-10-08T09:50:48","date_gmt":"2021-10-08T07:50:48","guid":{"rendered":"https:\/\/www.altechkachels.com\/senza-categoria\/max-b-depot\/"},"modified":"2021-10-08T09:50:48","modified_gmt":"2021-10-08T07:50:48","slug":"max-b-depot-2","status":"publish","type":"product","link":"https:\/\/www.altechkachels.com\/it\/stufe-a-legna\/max-it\/max-b-depot-2\/","title":{"rendered":"Max B Depot"},"content":{"rendered":"<p>Per la prima volta in 40 anni di produzione di stufe in pietra ollare, Altech ha deciso di lanciare un modello con un telaio in acciaio. Questo telaio in acciaio e la pietra ollare incastonata danno alla Altech Max il design pi\u00f9 elegante tra le stufe della nostra produzione. <\/p>\n<p>Con una potenza da 3 a 8,5 kW, Max pu\u00f2 fornire sia agli ambienti pi\u00f9 piccoli che a quelli pi\u00f9 grandi un rilassante calore infrarosso. La stufa a legna \u00e8 facile da usare: il registro integrato nella porta e la regolazione dell\u2019aria possono essere azionati con la chiave in dotazione. Come siete abituati da Altech, questo modello \u00e8 anche disponibile su un porta legna in modo da avere una visione ancora migliore del meraviglioso gioco delle fiamme.  <\/p>\n<p>\u200b\u200b<\/p>\n<h3>Curioso di conoscere la stufa a legna in pietra ollare Altech Max B Depot?<\/h3>\n<p>Provate voi stessi il meraviglioso calore e ammirate questa stufa nello showroom di uno dei nostri rivenditori.<\/p>\n","protected":false},"excerpt":{"rendered":"<p>Un design elegante senza precedenti combinato con il familiare calore della pietra ollare: questo rende Altech Max la &#8220;stufa del futuro&#8221;. MAX B Depot ha un tocco di luminosit\u00e0 in pi\u00f9 perch\u00e9 questa stufa \u00e8 dotata di un pratico scomparto per la legna. <\/p>\n","protected":false},"featured_media":6021,"comment_status":"open","ping_status":"closed","template":"","meta":{"_acf_changed":false,"_et_pb_use_builder":"","_et_pb_old_content":"","_et_gb_content_width":"","inline_featured_image":false},"product_brand":[],"product_cat":[141,120],"product_tag":[],"class_list":{"0":"post-5240","1":"product","2":"type-product","3":"status-publish","4":"has-post-thumbnail","6":"product_cat-max-it","7":"product_cat-stufe-a-legna","9":"first","10":"instock","11":"shipping-taxable","12":"product-type-simple"},"acf":[],"_links":{"self":[{"href":"https:\/\/www.altechkachels.com\/it\/wp-json\/wp\/v2\/product\/5240","targetHints":{"allow":["GET"]}}],"collection":[{"href":"https:\/\/www.altechkachels.com\/it\/wp-json\/wp\/v2\/product"}],"about":[{"href":"https:\/\/www.altechkachels.com\/it\/wp-json\/wp\/v2\/types\/product"}],"replies":[{"embeddable":true,"href":"https:\/\/www.altechkachels.com\/it\/wp-json\/wp\/v2\/comments?post=5240"}],"wp:featuredmedia":[{"embeddable":true,"href":"https:\/\/www.altechkachels.com\/it\/wp-json\/wp\/v2\/media\/6021"}],"wp:attachment":[{"href":"https:\/\/www.altechkachels.com\/it\/wp-json\/wp\/v2\/media?parent=5240"}],"wp:term":[{"taxonomy":"product_brand","embeddable":true,"href":"https:\/\/www.altechkachels.com\/it\/wp-json\/wp\/v2\/product_brand?post=5240"},{"taxonomy":"product_cat","embeddable":true,"href":"https:\/\/www.altechkachels.com\/it\/wp-json\/wp\/v2\/product_cat?post=5240"},{"taxonomy":"product_tag","embeddable":true,"href":"https:\/\/www.altechkachels.com\/it\/wp-json\/wp\/v2\/product_tag?post=5240"}],"curies":[{"name":"wp","href":"https:\/\/api.w.org\/{rel}","templated":true}]}}