{"id":5242,"date":"2021-09-23T19:39:15","date_gmt":"2021-09-23T17:39:15","guid":{"rendered":"https:\/\/www.altechkachels.com\/senza-categoria\/nobles-depot\/"},"modified":"2021-09-23T19:39:15","modified_gmt":"2021-09-23T17:39:15","slug":"nobles-depot-2","status":"publish","type":"product","link":"https:\/\/www.altechkachels.com\/it\/stufe-a-legna\/nobles-it\/nobles-depot-2\/","title":{"rendered":"Nobl\u00e8s Depot"},"content":{"rendered":"<h3>Godetevi il gioco delle fiamme al massimo<\/h3>\n<p>Oltre al calore rilassante e intenso di Nobl\u00e8s, con questo modello si pu\u00f2 anche godere appieno del bellissimo gioco delle fiamme. Nobl\u00e8s ha una grande porta, che assicura una buona visione del fuoco. Con Nobl\u00e9s Depot, dotata di un port legna, l&#8217;affascinante gioco delle fiamme pu\u00f2 essere osservato ancora meglio.<\/p>\n<h3>Funzionamento semplice<\/h3>\n<p>L&#8217;utilizzo di Nobl\u00e8s \u00e8 molto semplice grazie al funzionamento con un solo registro. Inoltre, questo modello \u00e8 dotato di una connessione per l&#8217;aria esterna e di un cassetto per la cenere come standard. Il design pulito \u00e8 senza tempo e si adatta a qualsiasi stile interno.<\/p>\n<h3>Diversi colori e opzioni disponibili<\/h3>\n<p>Nobl\u00e8s \u00e8 disponibile in due colori: pietra ollare naturale con ghisa color antracite e in nero semplice. Nell&#8217;opzione nera monocromatica, sia la pietra ollare che la ghisa sono state colorate in nero. La mensola per le ceneri e i piedini rialzati sono opzioni e vengono forniti come parti singole.<\/p>\n<h3>Curioso di conoscere la stufa a legna in pietra ollare Altech Nobl\u00e8s Depot?<\/h3>\n<p>Provate voi stessi il meraviglioso calore e ammirate questa stufa nello showroom di uno dei nostri rivenditori.<\/p>\n","protected":false},"excerpt":{"rendered":"<p>La Nobl\u00e8s Depot \u00e8 una delle pi\u00f9 piccole stufe a legna in pietra ollare della famiglia Altech, ma in termini di prestazioni non si nota. Nonostante le sue dimensioni compatte, questa stufa ha tutte le caratteristiche che ci si aspetta da una stufa in pietra ollare. Nobl\u00e8s \u00e8 ideale per una casa moderna ben isolata. Grazie al mantello in pietra ollare di 5,5 cm di spessore, si pu\u00f2 godere di un dolce calore per ore dopo che il fuoco si \u00e8 spento. Ecco come funziona il riscaldamento economico e responsabile!<\/p>\n","protected":false},"featured_media":5116,"comment_status":"open","ping_status":"closed","template":"","meta":{"_acf_changed":false,"_et_pb_use_builder":"","_et_pb_old_content":"","_et_gb_content_width":"","inline_featured_image":false},"product_brand":[],"product_cat":[127,120],"product_tag":[],"class_list":{"0":"post-5242","1":"product","2":"type-product","3":"status-publish","4":"has-post-thumbnail","6":"product_cat-nobles-it","7":"product_cat-stufe-a-legna","9":"first","10":"instock","11":"shipping-taxable","12":"product-type-simple"},"acf":[],"_links":{"self":[{"href":"https:\/\/www.altechkachels.com\/it\/wp-json\/wp\/v2\/product\/5242","targetHints":{"allow":["GET"]}}],"collection":[{"href":"https:\/\/www.altechkachels.com\/it\/wp-json\/wp\/v2\/product"}],"about":[{"href":"https:\/\/www.altechkachels.com\/it\/wp-json\/wp\/v2\/types\/product"}],"replies":[{"embeddable":true,"href":"https:\/\/www.altechkachels.com\/it\/wp-json\/wp\/v2\/comments?post=5242"}],"wp:featuredmedia":[{"embeddable":true,"href":"https:\/\/www.altechkachels.com\/it\/wp-json\/wp\/v2\/media\/5116"}],"wp:attachment":[{"href":"https:\/\/www.altechkachels.com\/it\/wp-json\/wp\/v2\/media?parent=5242"}],"wp:term":[{"taxonomy":"product_brand","embeddable":true,"href":"https:\/\/www.altechkachels.com\/it\/wp-json\/wp\/v2\/product_brand?post=5242"},{"taxonomy":"product_cat","embeddable":true,"href":"https:\/\/www.altechkachels.com\/it\/wp-json\/wp\/v2\/product_cat?post=5242"},{"taxonomy":"product_tag","embeddable":true,"href":"https:\/\/www.altechkachels.com\/it\/wp-json\/wp\/v2\/product_tag?post=5242"}],"curies":[{"name":"wp","href":"https:\/\/api.w.org\/{rel}","templated":true}]}}