{"id":5246,"date":"2021-10-08T09:34:21","date_gmt":"2021-10-08T07:34:21","guid":{"rendered":"https:\/\/www.altechkachels.com\/senza-categoria\/grande-nobles-gourmet\/"},"modified":"2021-10-08T09:34:21","modified_gmt":"2021-10-08T07:34:21","slug":"grande-nobles-gourmet-2","status":"publish","type":"product","link":"https:\/\/www.altechkachels.com\/it\/stufe-a-legna\/grande-nobles-it\/grande-nobles-gourmet-2\/","title":{"rendered":"Grande Nobl\u00e8s Gourmet"},"content":{"rendered":"<h3>Massimo piacere<\/h3>\n<p>Grande Nobl\u00e8s \u00e8 dotato di una grande superficie vetrata che offre una bella vista sul gioco delle fiamme. Inoltre, Grande Nobl\u00e8s \u00e8 dotata di un canale fumi che estrae ancora pi\u00f9 calore dalla legna, il che migliora la capacit\u00e0 di riscaldamento. La stufa ha una potenza da 3 a 11 kW e pu\u00f2 quindi riscaldare comodamente grandi ambienti.<\/p>\n<h3>Grande Nobl\u00e8s disponibile in diverse versioni<\/h3>\n<p>La serie Grande Nobl\u00e8s \u00e8 composta da 4 modelli diversi. Ogni modello \u00e8 fondamentalmente lo stesso, differente solo per aspetto estetico. Per esempio, Grande Nobl\u00e8s pu\u00f2 essere posizionata su dei piedini, su uno scomparto per la legna o essere dotata di un forno sulla parte superiore della stufa. Grande Nobl\u00e8s Depot \u00e8 dotato di un pratico scomparto per la legna che offre spazio per la legna da ardere. Ogni versione ha una canna fumaria facilmente posizionabile (top\/retro).<\/p>\n<h3>Curioso di conoscere la stufa a legna in pietra ollare Altech Grande Nobl\u00e8s Gourmet?<\/h3>\n<p>Provate voi stessi il meraviglioso calore e ammirate questa stufa nello showroom di uno dei nostri rivenditori.<\/p>\n","protected":false},"excerpt":{"rendered":"<p>Grande Nobl\u00e8s Gourmet \u00e8 una stufa a legna in pietra ollare con un look senza tempo e uno spesso strato di pietra ollare. Questo significa che la stufa irraggia calore anche dopo che il fuoco si \u00e8 spento. Il Grande Nobl\u00e8s \u00e8 il fratello maggiore dell&#8217;Altech Nobl\u00e8s. Questo modello ha pi\u00f9 potenza &#8211; ma non cambia nulla in termini di aspetto.<br \/>\n     Con l&#8217;edizione Gourmet della Grande Nobles, non solo si pu\u00f2 godere di un calore delizioso, ma si pu\u00f2 anche cuocere. <\/p>\n","protected":false},"featured_media":5145,"comment_status":"open","ping_status":"closed","template":"","meta":{"_acf_changed":false,"_et_pb_use_builder":"","_et_pb_old_content":"","_et_gb_content_width":"","inline_featured_image":false},"product_brand":[],"product_cat":[124,120],"product_tag":[],"class_list":{"0":"post-5246","1":"product","2":"type-product","3":"status-publish","4":"has-post-thumbnail","6":"product_cat-grande-nobles-it","7":"product_cat-stufe-a-legna","9":"first","10":"instock","11":"shipping-taxable","12":"product-type-simple"},"acf":[],"_links":{"self":[{"href":"https:\/\/www.altechkachels.com\/it\/wp-json\/wp\/v2\/product\/5246","targetHints":{"allow":["GET"]}}],"collection":[{"href":"https:\/\/www.altechkachels.com\/it\/wp-json\/wp\/v2\/product"}],"about":[{"href":"https:\/\/www.altechkachels.com\/it\/wp-json\/wp\/v2\/types\/product"}],"replies":[{"embeddable":true,"href":"https:\/\/www.altechkachels.com\/it\/wp-json\/wp\/v2\/comments?post=5246"}],"wp:featuredmedia":[{"embeddable":true,"href":"https:\/\/www.altechkachels.com\/it\/wp-json\/wp\/v2\/media\/5145"}],"wp:attachment":[{"href":"https:\/\/www.altechkachels.com\/it\/wp-json\/wp\/v2\/media?parent=5246"}],"wp:term":[{"taxonomy":"product_brand","embeddable":true,"href":"https:\/\/www.altechkachels.com\/it\/wp-json\/wp\/v2\/product_brand?post=5246"},{"taxonomy":"product_cat","embeddable":true,"href":"https:\/\/www.altechkachels.com\/it\/wp-json\/wp\/v2\/product_cat?post=5246"},{"taxonomy":"product_tag","embeddable":true,"href":"https:\/\/www.altechkachels.com\/it\/wp-json\/wp\/v2\/product_tag?post=5246"}],"curies":[{"name":"wp","href":"https:\/\/api.w.org\/{rel}","templated":true}]}}