{"id":5248,"date":"2021-10-08T09:35:10","date_gmt":"2021-10-08T07:35:10","guid":{"rendered":"https:\/\/www.altechkachels.com\/senza-categoria\/ecosy-depot\/"},"modified":"2022-03-21T11:59:27","modified_gmt":"2022-03-21T09:59:27","slug":"ecosy-depot-2","status":"publish","type":"product","link":"https:\/\/www.altechkachels.com\/it\/stufe-a-legna\/ecosy-it\/ecosy-depot-2\/","title":{"rendered":"Ecosy Depot"},"content":{"rendered":"<h3>La stufa a legna del nostro tempo<\/h3>\n<p>Grazie alla moderna tecnologia che Altech ha applicato alla Ecosy, questa stufa \u00e8 facile da usare grazie ad un solo registro. Inoltre, questa stufa in pietra ollare ha una grande camera di combustione. In breve, l&#8217;Altech Ecosy \u00e8 un vero tuttofare:-bella, comoda, resistente ed economica.<\/p>\n<h3>Diverse versioni di Ecosy disponibili<\/h3>\n<p>La serie Ecosy \u00e8 composta da diverse versioni. Entrambi i modelli sono fondamentalmente gli stessi, solo l&#8217;aspetto differisce. Per esempio, Ecosy pu\u00f2 essere fornito su dei piedini o con uno scomparto per la legna. L&#8217;Altech Ecosy Depot \u00e8 dotato di un pratico deposito di legno. \u00c8 anche disponibile in pietra ollare naturale con ghisa antracite o in pietra ollare nera uni con ghisa nera.<\/p>\n<h3>Curioso di conoscere la stufa a legna in pietra ollare Altech Ecosy Depot?<\/h3>\n<p>Provate voi stessi il meraviglioso calore e ammirate questa stufa nello showroom di uno dei nostri rivenditori.<\/p>\n","protected":false},"excerpt":{"rendered":"<p>La Altech Ecosy Depot \u00e8 una moderna stufa a legna in pietra ollare, di forma ovale, che si adatta praticamente a qualsiasi interno della casa. Il nome Ecosy \u00e8 una combinazione di &#8220;ecology e cossiness&#8221;, che in inglese significa ecologia e socievolezza. E lo si pu\u00f2 vedere chiaramente: Ecosy ha un&#8217;aura familiare che crea immediatamente un&#8217;atmosfera accogliente a casa.  <\/p>\n","protected":false},"featured_media":7006,"comment_status":"open","ping_status":"closed","template":"","meta":{"_acf_changed":false,"_et_pb_use_builder":"","_et_pb_old_content":"","_et_gb_content_width":"","inline_featured_image":false},"product_brand":[],"product_cat":[128,120],"product_tag":[],"class_list":{"0":"post-5248","1":"product","2":"type-product","3":"status-publish","4":"has-post-thumbnail","6":"product_cat-ecosy-it","7":"product_cat-stufe-a-legna","9":"first","10":"instock","11":"shipping-taxable","12":"product-type-simple"},"acf":[],"_links":{"self":[{"href":"https:\/\/www.altechkachels.com\/it\/wp-json\/wp\/v2\/product\/5248","targetHints":{"allow":["GET"]}}],"collection":[{"href":"https:\/\/www.altechkachels.com\/it\/wp-json\/wp\/v2\/product"}],"about":[{"href":"https:\/\/www.altechkachels.com\/it\/wp-json\/wp\/v2\/types\/product"}],"replies":[{"embeddable":true,"href":"https:\/\/www.altechkachels.com\/it\/wp-json\/wp\/v2\/comments?post=5248"}],"wp:featuredmedia":[{"embeddable":true,"href":"https:\/\/www.altechkachels.com\/it\/wp-json\/wp\/v2\/media\/7006"}],"wp:attachment":[{"href":"https:\/\/www.altechkachels.com\/it\/wp-json\/wp\/v2\/media?parent=5248"}],"wp:term":[{"taxonomy":"product_brand","embeddable":true,"href":"https:\/\/www.altechkachels.com\/it\/wp-json\/wp\/v2\/product_brand?post=5248"},{"taxonomy":"product_cat","embeddable":true,"href":"https:\/\/www.altechkachels.com\/it\/wp-json\/wp\/v2\/product_cat?post=5248"},{"taxonomy":"product_tag","embeddable":true,"href":"https:\/\/www.altechkachels.com\/it\/wp-json\/wp\/v2\/product_tag?post=5248"}],"curies":[{"name":"wp","href":"https:\/\/api.w.org\/{rel}","templated":true}]}}