{"id":5250,"date":"2021-10-08T09:35:57","date_gmt":"2021-10-08T07:35:57","guid":{"rendered":"https:\/\/www.altechkachels.com\/senza-categoria\/torus-depot\/"},"modified":"2022-03-21T11:54:43","modified_gmt":"2022-03-21T09:54:43","slug":"torus-depot-2","status":"publish","type":"product","link":"https:\/\/www.altechkachels.com\/it\/stufe-a-legna\/torus-it\/torus-depot-2\/","title":{"rendered":"Torus Depot"},"content":{"rendered":"<h3>Facile da regolare<\/h3>\n<p>Godere di un calore rilassante e intenso \u00e8 semplice: questo \u00e8 ci\u00f2 che fa Torus. La stufa \u00e8 facile da usare: con una sola pressione sul registro \u00e8 possibile regolare la stufa e controllare il fuoco. Grazie alla camera di combustione alta e compatta, si gode di un entusiasmante gioco di fiamme. Dato che la combustione avviene su un piano in pietra ollare e letto di cenere \u00e8 estremamente pulita.<\/p>\n<h3>Diverse versioni del Torus disponibili<\/h3>\n<p>La serie Torus \u00e8 composta da diversi modelli. Fondamentalmente, tutti i modelli sono uguali, ma differiscono nei dettagli. Per esempio, Torus \u00e8 dotato di piedini come standard, ma si pu\u00f2 anche optare per uno scomparto aggiuntivo porta legna, con o senza porta.<\/p>\n<p>Torus Depot \u00e8 dotato di uno scomparto per la legna: un posto ideale per conservarla prima di fare fuoco. Inoltre, Torus Depot \u00e8 disponibile in pietra ollare naturale con ghisa antracite o verniciata nera. <\/p>\n<h3>Curioso di conoscere la stufa a legna in pietra ollare Altech Torus Depot?<\/h3>\n<p>Provate voi stessi il meraviglioso calore e ammirate questa stufa nello showroom di uno dei nostri rivenditori.<\/p>\n","protected":false},"excerpt":{"rendered":"<p>Torus Depot \u00e8 una stufa a legna in pietra ollare che \u00e8 stata molto popolare per anni grazie al suo aspetto lineare. Con le sue linee dure e il frontale arrotondato, il Torus \u00e8 un vero e proprio eye-catcher in qualsiasi casa <\/p>\n","protected":false},"featured_media":5115,"comment_status":"open","ping_status":"closed","template":"","meta":{"_acf_changed":false,"_et_pb_use_builder":"","_et_pb_old_content":"","_et_gb_content_width":"","inline_featured_image":false},"product_brand":[],"product_cat":[120,126],"product_tag":[],"class_list":{"0":"post-5250","1":"product","2":"type-product","3":"status-publish","4":"has-post-thumbnail","6":"product_cat-stufe-a-legna","7":"product_cat-torus-it","9":"first","10":"instock","11":"shipping-taxable","12":"product-type-simple"},"acf":[],"_links":{"self":[{"href":"https:\/\/www.altechkachels.com\/it\/wp-json\/wp\/v2\/product\/5250","targetHints":{"allow":["GET"]}}],"collection":[{"href":"https:\/\/www.altechkachels.com\/it\/wp-json\/wp\/v2\/product"}],"about":[{"href":"https:\/\/www.altechkachels.com\/it\/wp-json\/wp\/v2\/types\/product"}],"replies":[{"embeddable":true,"href":"https:\/\/www.altechkachels.com\/it\/wp-json\/wp\/v2\/comments?post=5250"}],"wp:featuredmedia":[{"embeddable":true,"href":"https:\/\/www.altechkachels.com\/it\/wp-json\/wp\/v2\/media\/5115"}],"wp:attachment":[{"href":"https:\/\/www.altechkachels.com\/it\/wp-json\/wp\/v2\/media?parent=5250"}],"wp:term":[{"taxonomy":"product_brand","embeddable":true,"href":"https:\/\/www.altechkachels.com\/it\/wp-json\/wp\/v2\/product_brand?post=5250"},{"taxonomy":"product_cat","embeddable":true,"href":"https:\/\/www.altechkachels.com\/it\/wp-json\/wp\/v2\/product_cat?post=5250"},{"taxonomy":"product_tag","embeddable":true,"href":"https:\/\/www.altechkachels.com\/it\/wp-json\/wp\/v2\/product_tag?post=5250"}],"curies":[{"name":"wp","href":"https:\/\/api.w.org\/{rel}","templated":true}]}}