{"id":5252,"date":"2021-10-08T09:36:45","date_gmt":"2021-10-08T07:36:45","guid":{"rendered":"https:\/\/www.altechkachels.com\/senza-categoria\/eclips-depot\/"},"modified":"2022-03-21T11:56:50","modified_gmt":"2022-03-21T09:56:50","slug":"eclips-depot-2","status":"publish","type":"product","link":"https:\/\/www.altechkachels.com\/it\/stufe-a-legna\/eclips-it\/eclips-depot-2\/","title":{"rendered":"Eclips Depot"},"content":{"rendered":"<h3>Combustione efficiente della legna con Eclips<\/h3>\n<p>Per sfruttare al meglio il calore generato durante la combustione, Altech ha sviluppato un sistema unico di controllo del fumo per la serie Eclips.<\/p>\n<p>Quando la stufa viene accesa, i gas di scarico vengono raccolti e diretti attraverso un condotto dei fumi lungo 2 metri. Questo permette ai gas di scarico di trasferire il calore alla pietra ollare pi\u00f9 a lungo. Questo \u00e8 uno dei tanti motivi per cui la Eclips ha un&#8217;efficienza molto alta. E grazie a questa tecnologia, la Eclips utilizza anche meno legna!   <\/p>\n<h3>Diverse versioni di Eclips disponibili<\/h3>\n<p>La serie Eclips \u00e8 composta da 4 modelli diversi. Fondamentalmente, tutti i modelli sono uguali, ma differiscono in termini di aspetto nei dettagli. Per esempio, i modelli Eclips possono essere dotati di piedini o di uno scomparto per la legna, oltre che essere dotati di un forno.<\/p>\n<p>Eclips Depot non poggia su dei piedini ma \u00e8 dotata di uno scomparto per la legna. Il vano non \u00e8 solo pratico, ma d\u00e0 anche ad Eclips un ulteriore elemento visivo. L&#8217;Eclips Depot \u00e8 disponibile in pietra ollare naturale con ghisa antracite o verniciata nera.<\/p>\n<h3>Curioso di conoscere la stufa a legna in pietra ollare Altech Eclips Depot?<\/h3>\n<p>Provate voi stessi il meraviglioso calore e ammirate questa stufa nello showroom di uno dei nostri rivenditori.<\/p>\n","protected":false},"excerpt":{"rendered":"<p>Eclips Depot \u00e8 un&#8217;unica stufa a legna in pietra ollare indipendente della popolare serie Eclips. Grazie alla sua forma ovale Eclips Depot ha un aspetto elegante e moderno: il vano porta legna aggiunge un ulteriore tocco finale. <\/p>\n<p>E in pi\u00f9, il vetro curvo garantisce un\u2019eccezionale vista sul fuoco. In termini di potenza Eclips \u00e8 adatta a qualsiasi ambiente e pu\u00f2 essere collegata alla canna fumaria da sopra o da dietro. <\/p>\n<p>L&#8217;assenza alla vista del registro dell\u2019aria e le maniglie integrate creano calma e sottolineano l&#8217;attenzione ai dettagli con cui questa serie \u00e8 stata progettata.<\/p>\n","protected":false},"featured_media":5152,"comment_status":"open","ping_status":"closed","template":"","meta":{"_acf_changed":false,"_et_pb_use_builder":"","_et_pb_old_content":"<h3>Combustione efficiente della legna con Eclips<\/h3>\nPer sfruttare al meglio il calore generato durante la combustione, Altech ha sviluppato un sistema unico di controllo del fumo per la serie Eclips.\n\nQuando la stufa viene accesa, i gas di scarico vengono raccolti e diretti attraverso un condotto dei fumi lungo 2 metri. Questo permette ai gas di scarico di trasferire il calore alla pietra ollare pi\u00f9 a lungo. Questo \u00e8 uno dei tanti motivi per cui la Eclips ha un'efficienza molto alta. E grazie a questa tecnologia, la Eclips utilizza anche meno legna!   \n<h3>Diverse versioni di Eclips disponibili<\/h3>\nLa serie Eclips \u00e8 composta da 4 modelli diversi. Fondamentalmente, tutti i modelli sono uguali, ma differiscono in termini di aspetto nei dettagli. Per esempio, i modelli Eclips possono essere dotati di piedini o di uno scomparto per la legna, oltre che essere dotati di un forno.\n\nEclips Depot non poggia su dei piedini ma \u00e8 dotata di uno scomparto per la legna Il vano non \u00e8 solo pratico, ma d\u00e0 anche ad Eclips un ulteriore elemento visivo. L'Eclips Depot \u00e8 disponibile in pietra ollare naturale con ghisa antracite o verniciata nera.\n\n\n<h3>Curioso di conoscere la stufa a legna in pietra ollare Altech Eclips Depot?<\/h3>\nProvate voi stessi il meraviglioso calore e ammirate questa stufa nello showroom di uno dei nostri rivenditori.","_et_gb_content_width":"","inline_featured_image":false},"product_brand":[],"product_cat":[123,120],"product_tag":[],"class_list":{"0":"post-5252","1":"product","2":"type-product","3":"status-publish","4":"has-post-thumbnail","6":"product_cat-eclips-it","7":"product_cat-stufe-a-legna","9":"first","10":"instock","11":"shipping-taxable","12":"product-type-simple"},"acf":[],"_links":{"self":[{"href":"https:\/\/www.altechkachels.com\/it\/wp-json\/wp\/v2\/product\/5252","targetHints":{"allow":["GET"]}}],"collection":[{"href":"https:\/\/www.altechkachels.com\/it\/wp-json\/wp\/v2\/product"}],"about":[{"href":"https:\/\/www.altechkachels.com\/it\/wp-json\/wp\/v2\/types\/product"}],"replies":[{"embeddable":true,"href":"https:\/\/www.altechkachels.com\/it\/wp-json\/wp\/v2\/comments?post=5252"}],"wp:featuredmedia":[{"embeddable":true,"href":"https:\/\/www.altechkachels.com\/it\/wp-json\/wp\/v2\/media\/5152"}],"wp:attachment":[{"href":"https:\/\/www.altechkachels.com\/it\/wp-json\/wp\/v2\/media?parent=5252"}],"wp:term":[{"taxonomy":"product_brand","embeddable":true,"href":"https:\/\/www.altechkachels.com\/it\/wp-json\/wp\/v2\/product_brand?post=5252"},{"taxonomy":"product_cat","embeddable":true,"href":"https:\/\/www.altechkachels.com\/it\/wp-json\/wp\/v2\/product_cat?post=5252"},{"taxonomy":"product_tag","embeddable":true,"href":"https:\/\/www.altechkachels.com\/it\/wp-json\/wp\/v2\/product_tag?post=5252"}],"curies":[{"name":"wp","href":"https:\/\/api.w.org\/{rel}","templated":true}]}}