{"id":5256,"date":"2021-10-08T09:37:50","date_gmt":"2021-10-08T07:37:50","guid":{"rendered":"https:\/\/www.altechkachels.com\/senza-categoria\/vision-cook\/"},"modified":"2021-10-08T09:37:50","modified_gmt":"2021-10-08T07:37:50","slug":"vision-cook-2","status":"publish","type":"product","link":"https:\/\/www.altechkachels.com\/it\/stufe-a-legna\/vision-it\/vision-cook-2\/","title":{"rendered":"Vision Cook"},"content":{"rendered":"<p>Il Vision Cook \u00e8 dotata di una porta di caricamento laterale per facilitare il carico di legna. In passato, la maggior parte delle stufe aveva anche una porta di carico laterale. A causa delle nuove tecnologie, questo non \u00e8 pi\u00f9 un must, ma \u00e8 ancora apprezzato da molte persone.  <\/p>\n<p>Vision potrebbe non essere il modello pi\u00f9 grande della Altech, ma \u00e8 comunque una vera e propria centrale elettrica. Vision Cook pu\u00f2 riscaldare rapidamente gli ambienti fornendo molta atmosfera, poich\u00e9 la sua grande porta offre una bella vista delle fiamme danzanti. La sensazione che la Visione emana non fa eccezione alla Altech. Fin dall&#8217;inizio, non \u00e8 stato diverso per la nostra azienda: Vision \u00e8 uno dei primi modelli che Altech ha lanciato sul mercato e ancora oggi gode di grande popolarit\u00e0.   <\/p>\n<h3>Diverse versioni di Vision disponibili<\/h3>\n<p>La serie Vision \u00e8 composta da 2 modelli diversi. I modelli sono fondamentalmente gli stessi, ma differiscono nell&#8217;aspetto nei dettagli. Uno dei motivi \u00e8 che l&#8217;Altech Vision Basis \u00e8 disponibile anche con un forno opzionale (Vision Cook).<\/p>\n<p>Vision Basis \u00e8 disponibile in pietra ollare naturale con ghisa antracite o verniciata nera.<\/p>\n<h3>Curioso di conoscere la stufa a legna in pietra ollare Altech Vision Cook?<\/h3>\n<p>Provate voi stessi il meraviglioso calore e ammirate questa stufa nello showroom di uno dei nostri rivenditori.<\/p>\n","protected":false},"excerpt":{"rendered":"<p>Vision Cook \u00e8 una classica stufa a legna in pietra ollare della popolare serie Vision. Questa serie \u00e8 sinonimo di autenticit\u00e0, robustezza e facilit\u00e0 d&#8217;uso. Vision Cook combina la moderna tecnologia Altech con un design elegante e tradizionale. Vision Cook \u00e8 dotata di un forno in cui \u00e8 possibile preparare i piatti pi\u00f9 deliziosi.    Si pu\u00f2 anche bruciare la legna nel forno, quindi si pu\u00f2 anche usare il piano di cottura in acciaio sopra di esso, in sostituzione di una cucina economica.<\/p>\n","protected":false},"featured_media":5114,"comment_status":"open","ping_status":"closed","template":"","meta":{"_acf_changed":false,"_et_pb_use_builder":"","_et_pb_old_content":"","_et_gb_content_width":"","inline_featured_image":false},"product_brand":[],"product_cat":[120,129],"product_tag":[],"class_list":{"0":"post-5256","1":"product","2":"type-product","3":"status-publish","4":"has-post-thumbnail","6":"product_cat-stufe-a-legna","7":"product_cat-vision-it","9":"first","10":"instock","11":"shipping-taxable","12":"product-type-simple"},"acf":[],"_links":{"self":[{"href":"https:\/\/www.altechkachels.com\/it\/wp-json\/wp\/v2\/product\/5256","targetHints":{"allow":["GET"]}}],"collection":[{"href":"https:\/\/www.altechkachels.com\/it\/wp-json\/wp\/v2\/product"}],"about":[{"href":"https:\/\/www.altechkachels.com\/it\/wp-json\/wp\/v2\/types\/product"}],"replies":[{"embeddable":true,"href":"https:\/\/www.altechkachels.com\/it\/wp-json\/wp\/v2\/comments?post=5256"}],"wp:featuredmedia":[{"embeddable":true,"href":"https:\/\/www.altechkachels.com\/it\/wp-json\/wp\/v2\/media\/5114"}],"wp:attachment":[{"href":"https:\/\/www.altechkachels.com\/it\/wp-json\/wp\/v2\/media?parent=5256"}],"wp:term":[{"taxonomy":"product_brand","embeddable":true,"href":"https:\/\/www.altechkachels.com\/it\/wp-json\/wp\/v2\/product_brand?post=5256"},{"taxonomy":"product_cat","embeddable":true,"href":"https:\/\/www.altechkachels.com\/it\/wp-json\/wp\/v2\/product_cat?post=5256"},{"taxonomy":"product_tag","embeddable":true,"href":"https:\/\/www.altechkachels.com\/it\/wp-json\/wp\/v2\/product_tag?post=5256"}],"curies":[{"name":"wp","href":"https:\/\/api.w.org\/{rel}","templated":true}]}}