{"id":5257,"date":"2021-10-08T09:46:56","date_gmt":"2021-10-08T07:46:56","guid":{"rendered":"https:\/\/www.altechkachels.com\/senza-categoria\/massiv-basis\/"},"modified":"2021-10-08T09:46:56","modified_gmt":"2021-10-08T07:46:56","slug":"massiv-basis-2","status":"publish","type":"product","link":"https:\/\/www.altechkachels.com\/it\/stufe-a-legna\/massiv-it\/massiv-basis-2\/","title":{"rendered":"Massiv Basis"},"content":{"rendered":"<h3>Massa di pietra ollare per un&#8217;emissione di calore ottimale<\/h3>\n<p>Pi\u00f9 di 900 chilogrammi di pietra ollare sono stati utilizzati nella costruzione di Massiv. Questa pietra ollare assicura un&#8217;emissione di calore meravigliosa e uniforme, il che significa che la stufa continua a emettere calore per ore dopo che il fuoco si \u00e8 spento. <\/p>\n<p>Inoltre, si pu\u00f2 godere del calore rilassante della pietra ollare pi\u00f9 a lungo, perch\u00e9 la capacit\u00e0 di accumulo pu\u00f2 essere estesa con un ulteriore strato di pietra ollare. Pi\u00f9 massa di pietra ollare \u00e8 incorporata in una stufa, meglio il calore pu\u00f2 essere immagazzinato e pi\u00f9 a lungo la stufa in pietra ollare pu\u00f2 irradiarlo. <\/p>\n<h3>Diverse versioni di Massiv disponibili<\/h3>\n<p>La serie Massiv \u00e8 composta da 2 modelli diversi. I modelli sono fondamentalmente gli stessi, ma differiscono nell&#8217;aspetto nei dettagli. La Massiv Basis \u00e8 gi\u00e0 di per s\u00e9 un&#8217;elegante stufa in pietra ollare, ma pu\u00f2 anche essere accessoriata con una mensola di protezione per le ceneri e un ulteriore giro di pietra ollare.<\/p>\n<p>Il Massiv \u00e8 disponibile in pietra ollare naturale con ghisa antracite o verniciata nera.<\/p>\n<h3>Sei curioso di conoscere la stufa a legna in pietra ollare Altech?<\/h3>\n<p>Provate voi stessi il meraviglioso calore e ammirate questa stufa nello showroom di uno dei nostri rivenditori.<\/p>\n","protected":false},"excerpt":{"rendered":"<p>Massiv Basis \u00e8 una stufa a legna in pietra ollare della serie Massiv di Altech. Questa stufa ha un aspetto robusto e la stessa capacit\u00e0 di accumulo di calore delle tradizionali stufe in pietra ollare massiccia. E nonostante il suo formato, la stufa non occupa molto pi\u00f9 spazio di qualsiasi altra stufa a legna convenzionale.   Questo rende Massiv adatta praticamente a qualsiasi casa.<\/p>\n","protected":false},"featured_media":5136,"comment_status":"open","ping_status":"closed","template":"","meta":{"_acf_changed":false,"_et_pb_use_builder":"","_et_pb_old_content":"","_et_gb_content_width":"","inline_featured_image":false},"product_brand":[],"product_cat":[125,120],"product_tag":[],"class_list":{"0":"post-5257","1":"product","2":"type-product","3":"status-publish","4":"has-post-thumbnail","6":"product_cat-massiv-it","7":"product_cat-stufe-a-legna","9":"first","10":"instock","11":"shipping-taxable","12":"product-type-simple"},"acf":[],"_links":{"self":[{"href":"https:\/\/www.altechkachels.com\/it\/wp-json\/wp\/v2\/product\/5257","targetHints":{"allow":["GET"]}}],"collection":[{"href":"https:\/\/www.altechkachels.com\/it\/wp-json\/wp\/v2\/product"}],"about":[{"href":"https:\/\/www.altechkachels.com\/it\/wp-json\/wp\/v2\/types\/product"}],"replies":[{"embeddable":true,"href":"https:\/\/www.altechkachels.com\/it\/wp-json\/wp\/v2\/comments?post=5257"}],"wp:featuredmedia":[{"embeddable":true,"href":"https:\/\/www.altechkachels.com\/it\/wp-json\/wp\/v2\/media\/5136"}],"wp:attachment":[{"href":"https:\/\/www.altechkachels.com\/it\/wp-json\/wp\/v2\/media?parent=5257"}],"wp:term":[{"taxonomy":"product_brand","embeddable":true,"href":"https:\/\/www.altechkachels.com\/it\/wp-json\/wp\/v2\/product_brand?post=5257"},{"taxonomy":"product_cat","embeddable":true,"href":"https:\/\/www.altechkachels.com\/it\/wp-json\/wp\/v2\/product_cat?post=5257"},{"taxonomy":"product_tag","embeddable":true,"href":"https:\/\/www.altechkachels.com\/it\/wp-json\/wp\/v2\/product_tag?post=5257"}],"curies":[{"name":"wp","href":"https:\/\/api.w.org\/{rel}","templated":true}]}}