{"id":5260,"date":"2021-10-08T09:47:30","date_gmt":"2021-10-08T07:47:30","guid":{"rendered":"https:\/\/www.altechkachels.com\/senza-categoria\/grande-massiv-con-mensola\/"},"modified":"2021-10-08T09:47:30","modified_gmt":"2021-10-08T07:47:30","slug":"grande-massiv-met-aslip-2","status":"publish","type":"product","link":"https:\/\/www.altechkachels.com\/it\/stufe-a-legna\/massiv-it\/grande-massiv-met-aslip-2\/","title":{"rendered":"Grande Massiv con mensola"},"content":{"rendered":"<h3>Massa di pietra ollare per un&#8217;emissione di calore ottimale<\/h3>\n<p>Pi\u00f9 di 1000 chilogrammi di pietra ollare sono stati utilizzati nella Grande Massiv. Questa pietra ollare assicura un&#8217;emissione di calore meravigliosa e uniforme, il che significa che la stufa continua a emettere calore per ore dopo che il fuoco si \u00e8 spento.<\/p>\n<p>Grande Massiv con mensola \u00e8 la solrella maggiore di Massiv ed \u00e8 dotato di un giro supplementare di pietra ollare. Pi\u00f9 massa di pietra ollare \u00e8 incorporata in una stufa, meglio il calore pu\u00f2 essere immagazzinato e pi\u00f9 a lungo la stufa in pietra ollare pu\u00f2 irradiarlo. Cos\u00ec puoi goderti il dolce calore della pietra ollare ancora pi\u00f9 a lungo.<\/p>\n<h3>Diverse versioni di Massiv disponibili<\/h3>\n<p>La serie Massiv \u00e8 composta da 2 modelli diversi. I modelli sono fondamentalmente gli stessi, ma differiscono nell&#8217;aspetto nei dettagli. La Grande Massiv \u00e8 gi\u00e0 di per s\u00e9 un&#8217;elegante stufa in pietra ollare, ma pu\u00f2 anche essere accessoriata con una mensola di protezione per le ceneri e un ulteriore giro di pietra ollare.<\/p>\n<p>La Grande Massiv \u00e8 disponibile in pietra ollare naturale con ghisa antracite o in pietra ollare nera con ghisa nera.<\/p>\n<h3>Costruito a mano<\/h3>\n<p>Consegnare una stufa pronta all&#8217;uso che pesa 1000 chili non \u00e8 pratico. Pertanto, la stufa in pietra ollare Grande Massiv \u00e8 costruita sul posto, pietra su pietra. Intorno alla camera di combustione c&#8217;\u00e8 un&#8217;intelaiatura d&#8217;acciaio sulla quale sono collocati i blocchi di pietra ollare: \u00e8 cos\u00ec che Grande Massiv viene costruita passo dopo passo.<\/p>\n<h3>Curioso di conoscere la stufa a legna in pietra ollare massiccia Altech Grande Massiv?<\/h3>\n<p>Provate voi stessi il meraviglioso calore e ammirate questa stufa nello showroom di uno dei nostri rivenditori.<\/p>\n","protected":false},"excerpt":{"rendered":"<p>Grande Massiv con mensola \u00e8 la pi\u00f9 grande stufa ad accumulo di Altech. Questa stufa ha un aspetto robusto, ma ha la stessa capacit\u00e0 di accumulo di calore delle stufe ad accumulo in pietra ollare. E nonostante il suo formato, la stufa non occupa molto pi\u00f9 spazio di qualsiasi altra stufa a legna convenzionale. Questo rende Massiv adatta praticamente a qualsiasi casa.<\/p>\n","protected":false},"featured_media":5122,"comment_status":"open","ping_status":"closed","template":"","meta":{"_acf_changed":false,"_et_pb_use_builder":"","_et_pb_old_content":"","_et_gb_content_width":"","inline_featured_image":false},"product_brand":[],"product_cat":[125,120],"product_tag":[],"class_list":{"0":"post-5260","1":"product","2":"type-product","3":"status-publish","4":"has-post-thumbnail","6":"product_cat-massiv-it","7":"product_cat-stufe-a-legna","9":"first","10":"instock","11":"shipping-taxable","12":"product-type-simple"},"acf":[],"_links":{"self":[{"href":"https:\/\/www.altechkachels.com\/it\/wp-json\/wp\/v2\/product\/5260","targetHints":{"allow":["GET"]}}],"collection":[{"href":"https:\/\/www.altechkachels.com\/it\/wp-json\/wp\/v2\/product"}],"about":[{"href":"https:\/\/www.altechkachels.com\/it\/wp-json\/wp\/v2\/types\/product"}],"replies":[{"embeddable":true,"href":"https:\/\/www.altechkachels.com\/it\/wp-json\/wp\/v2\/comments?post=5260"}],"wp:featuredmedia":[{"embeddable":true,"href":"https:\/\/www.altechkachels.com\/it\/wp-json\/wp\/v2\/media\/5122"}],"wp:attachment":[{"href":"https:\/\/www.altechkachels.com\/it\/wp-json\/wp\/v2\/media?parent=5260"}],"wp:term":[{"taxonomy":"product_brand","embeddable":true,"href":"https:\/\/www.altechkachels.com\/it\/wp-json\/wp\/v2\/product_brand?post=5260"},{"taxonomy":"product_cat","embeddable":true,"href":"https:\/\/www.altechkachels.com\/it\/wp-json\/wp\/v2\/product_cat?post=5260"},{"taxonomy":"product_tag","embeddable":true,"href":"https:\/\/www.altechkachels.com\/it\/wp-json\/wp\/v2\/product_tag?post=5260"}],"curies":[{"name":"wp","href":"https:\/\/api.w.org\/{rel}","templated":true}]}}