{"id":5262,"date":"2021-10-08T09:53:57","date_gmt":"2021-10-08T07:53:57","guid":{"rendered":"https:\/\/www.altechkachels.com\/senza-categoria\/nobles-pellet\/"},"modified":"2021-10-08T09:53:57","modified_gmt":"2021-10-08T07:53:57","slug":"nobles-pelletkachel-2","status":"publish","type":"product","link":"https:\/\/www.altechkachels.com\/it\/stufe-a-pellet\/nobles-pellet-it\/nobles-pelletkachel-2\/","title":{"rendered":"Nobl\u00e8s Pellet"},"content":{"rendered":"<p>Le stufe a pellet Altech, compresa la Nobl\u00e8s, sono dotate di un sistema brevettato di microgassificazione che assicura una combustione pulita e un rendimento molto elevato. Le stufe a pellet Altech funzionano (proprio come le stufe a legna in pietra ollare) con l&#8217;ossigeno disponibile e il tiraggio naturale del camino. Con questo sistema di combustione senza potenza, non sono necessari ventilatori. Cos\u00ec i rumori fastidiosi o i disturbi sono storia passata.   <\/p>\n<h2>Godetevi il gioco delle fiamme al massimo<\/h2>\n<p>Oltre al calore rilassante e intenso della stufa a pellet Altech Nobl\u00e8s, con questo modello puoi anche godere appieno del bellissimo gioco delle fiamme. Perch\u00e9 la stufa a pellet Nobl\u00e8s ha una grande porta che permette una fantastica visione del fuoco. <\/p>\n<h2>Diversi colori e opzioni disponibili<\/h2>\n<p>La stufa a pellet Altech Nobl\u00e8s \u00e8 disponibile in due colori: pietra ollare naturale con ghisa antracite o verniciata nera. Nell&#8217;opzione nera monocromatica, sia la pietra ollare che la ghisa sono state verniciate di nero. La Nobl\u00e8s \u00e8 una stufa a pellet di serie ed \u00e8 dotata di un bruciatore a pellet di 2,5 kg. <\/p>\n<h3>Curioso di conoscere la stufa a pellet in pietra ollare Altech Nobl\u00e8s?<\/h3>\n<p>Provate voi stessi il meraviglioso calore e ammirate questa stufa nello showroom di uno dei nostri rivenditori.<\/p>\n","protected":false},"excerpt":{"rendered":"<p>La Altech Nobl\u00e8s \u00e8 una delle pi\u00f9 piccole stufe a pellet in pietra ollare della famiglia Altech, ma in termini di prestazioni non si nota. Nonostante le sue dimensioni compatte, questa stufa a pellet ha tutte le caratteristiche che ci si aspetta da una stufa in pietra ollare. La stufa a pellet Nobl\u00e8s \u00e8 ideale per una casa moderna isolata. Grazie anche al rivestimento in pietra ollare di 5,5 cm di spessore, si pu\u00f2 godere di un calore meravigliosamente dolce per ore dopo che il fuoco si \u00e8 spento.    Ecco come funziona il riscaldamento economico e responsabile con i pellet!<\/p>\n","protected":false},"featured_media":5131,"comment_status":"open","ping_status":"closed","template":"","meta":{"_acf_changed":false,"_et_pb_use_builder":"","_et_pb_old_content":"","_et_gb_content_width":"","inline_featured_image":false},"product_brand":[],"product_cat":[131,121],"product_tag":[],"class_list":{"0":"post-5262","1":"product","2":"type-product","3":"status-publish","4":"has-post-thumbnail","6":"product_cat-nobles-pellet-it","7":"product_cat-stufe-a-pellet","9":"first","10":"instock","11":"shipping-taxable","12":"product-type-simple"},"acf":[],"_links":{"self":[{"href":"https:\/\/www.altechkachels.com\/it\/wp-json\/wp\/v2\/product\/5262","targetHints":{"allow":["GET"]}}],"collection":[{"href":"https:\/\/www.altechkachels.com\/it\/wp-json\/wp\/v2\/product"}],"about":[{"href":"https:\/\/www.altechkachels.com\/it\/wp-json\/wp\/v2\/types\/product"}],"replies":[{"embeddable":true,"href":"https:\/\/www.altechkachels.com\/it\/wp-json\/wp\/v2\/comments?post=5262"}],"wp:featuredmedia":[{"embeddable":true,"href":"https:\/\/www.altechkachels.com\/it\/wp-json\/wp\/v2\/media\/5131"}],"wp:attachment":[{"href":"https:\/\/www.altechkachels.com\/it\/wp-json\/wp\/v2\/media?parent=5262"}],"wp:term":[{"taxonomy":"product_brand","embeddable":true,"href":"https:\/\/www.altechkachels.com\/it\/wp-json\/wp\/v2\/product_brand?post=5262"},{"taxonomy":"product_cat","embeddable":true,"href":"https:\/\/www.altechkachels.com\/it\/wp-json\/wp\/v2\/product_cat?post=5262"},{"taxonomy":"product_tag","embeddable":true,"href":"https:\/\/www.altechkachels.com\/it\/wp-json\/wp\/v2\/product_tag?post=5262"}],"curies":[{"name":"wp","href":"https:\/\/api.w.org\/{rel}","templated":true}]}}