{"id":5264,"date":"2021-10-08T09:53:09","date_gmt":"2021-10-08T07:53:09","guid":{"rendered":"https:\/\/www.altechkachels.com\/senza-categoria\/grande-nobles-pellet\/"},"modified":"2021-10-08T09:53:09","modified_gmt":"2021-10-08T07:53:09","slug":"grande-nobles-pellet-basis-2","status":"publish","type":"product","link":"https:\/\/www.altechkachels.com\/it\/stufe-a-pellet\/grande-nobles-pellet-it\/grande-nobles-pellet-basis-2\/","title":{"rendered":"Grande Nobl\u00e8s Pellet"},"content":{"rendered":"<p>Le stufe a pellet Altech, compresa la Nobl\u00e8s Plus, sono dotate di un sistema brevettato di microgassificazione che assicura una combustione pulita e un rendimento molto elevato. Le stufe a pellet Altech funzionano (proprio come le stufe a legna in pietra ollare) con l&#8217;ossigeno disponibile e il tiraggio naturale del camino. Con questo sistema di combustione senza potenza, non sono necessari ventilatori. Cos\u00ec i rumori fastidiosi o i disturbi sono storia passata.<\/p>\n<h3>Godetevi il gioco delle fiamme al massimo<\/h3>\n<p>Oltre al calore rilassante e intenso della stufa a pellet Altech Grande Nobl\u00e8s, con questo modello puoi anche godere appieno del bellissimo gioco delle fiamme. Perch\u00e9 la stufa a pellet Grande Nobl\u00e8s ha una grande porta che permette una buona visione del fuoco. <\/p>\n<h3>Diversi colori e opzioni disponibili<\/h3>\n<p>La stufa a pellet Altech Grande Nobl\u00e8s \u00e8 disponibile in due colori: pietra ollare naturale con ghisa color antracite o verniciata nera. Nell&#8217;opzione nera monocromatica, sia la pietra ollare che la ghisa sono state dipinte di nero. La Grande Nobl\u00e8s \u00e8 una stufa a pellet frontale di serie ed \u00e8 dotata di un bruciatore a pellet di 2,5 kg. <\/p>\n<h3>Curioso di conoscere la stufa a pellet in pietra ollare Altech Grande Nobl\u00e8s?<\/h3>\n<p>Provate voi stessi il meraviglioso calore e ammirate questa stufa nello showroom di uno dei nostri rivenditori.<\/p>\n","protected":false},"excerpt":{"rendered":"<p>La stufa a pellet Altech Grande Nobl\u00e8s \u00e8 sorella maggiore della stufa a pellet Nobl\u00e8s e offre tutto ci\u00f2 che ci si aspetta da una stufa in pietra ollare. La Grande Nobl\u00e8s ha un aspetto elegante ed \u00e8 ideale per una casa moderna isolata. In parte grazie al rivestimento in pietra ollare di 5,5 cm di spessore, si pu\u00f2 anche godere di un calore meravigliosamente dolce per ore dopo che il fuoco si \u00e8 spento. Ecco come funziona il riscaldamento economico e responsabile con i pellet!<\/p>\n","protected":false},"featured_media":5132,"comment_status":"open","ping_status":"closed","template":"","meta":{"_acf_changed":false,"_et_pb_use_builder":"","_et_pb_old_content":"","_et_gb_content_width":"","inline_featured_image":false},"product_brand":[],"product_cat":[132,121],"product_tag":[],"class_list":{"0":"post-5264","1":"product","2":"type-product","3":"status-publish","4":"has-post-thumbnail","6":"product_cat-grande-nobles-pellet-it","7":"product_cat-stufe-a-pellet","9":"first","10":"instock","11":"shipping-taxable","12":"product-type-simple"},"acf":[],"_links":{"self":[{"href":"https:\/\/www.altechkachels.com\/it\/wp-json\/wp\/v2\/product\/5264","targetHints":{"allow":["GET"]}}],"collection":[{"href":"https:\/\/www.altechkachels.com\/it\/wp-json\/wp\/v2\/product"}],"about":[{"href":"https:\/\/www.altechkachels.com\/it\/wp-json\/wp\/v2\/types\/product"}],"replies":[{"embeddable":true,"href":"https:\/\/www.altechkachels.com\/it\/wp-json\/wp\/v2\/comments?post=5264"}],"wp:featuredmedia":[{"embeddable":true,"href":"https:\/\/www.altechkachels.com\/it\/wp-json\/wp\/v2\/media\/5132"}],"wp:attachment":[{"href":"https:\/\/www.altechkachels.com\/it\/wp-json\/wp\/v2\/media?parent=5264"}],"wp:term":[{"taxonomy":"product_brand","embeddable":true,"href":"https:\/\/www.altechkachels.com\/it\/wp-json\/wp\/v2\/product_brand?post=5264"},{"taxonomy":"product_cat","embeddable":true,"href":"https:\/\/www.altechkachels.com\/it\/wp-json\/wp\/v2\/product_cat?post=5264"},{"taxonomy":"product_tag","embeddable":true,"href":"https:\/\/www.altechkachels.com\/it\/wp-json\/wp\/v2\/product_tag?post=5264"}],"curies":[{"name":"wp","href":"https:\/\/api.w.org\/{rel}","templated":true}]}}