{"id":5266,"date":"2021-10-08T09:54:29","date_gmt":"2021-10-08T07:54:29","guid":{"rendered":"https:\/\/www.altechkachels.com\/senza-categoria\/torus-pellet\/"},"modified":"2021-10-08T09:54:29","modified_gmt":"2021-10-08T07:54:29","slug":"torus-pellet-basis-2","status":"publish","type":"product","link":"https:\/\/www.altechkachels.com\/it\/stufe-a-pellet\/torus-pellet-it\/torus-pellet-basis-2\/","title":{"rendered":"Torus Pellet"},"content":{"rendered":"<h3>Godetevi il gioco delle fiamme al massimo<\/h3>\n<p>Oltre al calore rilassante e intenso della stufa a pellet Torus, con questo modello puoi anche godere appieno del bellissimo gioco delle fiamme. La stufa a pellet Torus ha una grande porta che permette una stupenda visione del fuoco. <\/p>\n<h3>Diversi colori e opzioni disponibili<\/h3>\n<p>La stufa a pellet Altech Torus \u00e8 disponibile in due colori: pietra ollare naturale con ghisa color antracite o verniciata nera. Nell&#8217;opzione nera monocromatica, sia la pietra ollare che la ghisa sono state dipinte di nero. Torus \u00e8 una stufa a pellet dotata di un bruciatore a da 4 kg.<\/p>\n<h3>Curioso di conoscere la stufa a pellet in pietra ollare Altech Torus?<\/h3>\n<p>Provate voi stessi il meraviglioso calore e ammirate questa stufa nello showroom di uno dei nostri rivenditori.<\/p>\n","protected":false},"excerpt":{"rendered":"<p>La stufa a pellet Altech Torus \u00e8 un&#8217;elegante stufa a pellet che funziona senza elettricit\u00e0. Questo perch\u00e9 il Torus ha un bruciatore a pellet che \u00e8 dotato di una sistema di conduzione dell\u2019aria primaria e secondaria. Questo sistema fa s\u00ec che i gas che fuoriescono dai pellet vengano bruciati nella parte superiore del bruciatore, dando luogo a un affascinate gioco di fiamme. La combustione \u00e8 completamente naturale: in questa stufa a pellet non vengono utilizzati ventilatori. Ci\u00f2 significa che la stufa a pellet Torus \u00e8 priva di elettricit\u00e0, incredibilmente silenziosa e non \u00e8 soggetta a malfunzionamenti.    <\/p>\n","protected":false},"featured_media":5125,"comment_status":"open","ping_status":"closed","template":"","meta":{"_acf_changed":false,"_et_pb_use_builder":"","_et_pb_old_content":"","_et_gb_content_width":"","inline_featured_image":false},"product_brand":[],"product_cat":[121,134],"product_tag":[],"class_list":{"0":"post-5266","1":"product","2":"type-product","3":"status-publish","4":"has-post-thumbnail","6":"product_cat-stufe-a-pellet","7":"product_cat-torus-pellet-it","9":"first","10":"instock","11":"shipping-taxable","12":"product-type-simple"},"acf":[],"_links":{"self":[{"href":"https:\/\/www.altechkachels.com\/it\/wp-json\/wp\/v2\/product\/5266","targetHints":{"allow":["GET"]}}],"collection":[{"href":"https:\/\/www.altechkachels.com\/it\/wp-json\/wp\/v2\/product"}],"about":[{"href":"https:\/\/www.altechkachels.com\/it\/wp-json\/wp\/v2\/types\/product"}],"replies":[{"embeddable":true,"href":"https:\/\/www.altechkachels.com\/it\/wp-json\/wp\/v2\/comments?post=5266"}],"wp:featuredmedia":[{"embeddable":true,"href":"https:\/\/www.altechkachels.com\/it\/wp-json\/wp\/v2\/media\/5125"}],"wp:attachment":[{"href":"https:\/\/www.altechkachels.com\/it\/wp-json\/wp\/v2\/media?parent=5266"}],"wp:term":[{"taxonomy":"product_brand","embeddable":true,"href":"https:\/\/www.altechkachels.com\/it\/wp-json\/wp\/v2\/product_brand?post=5266"},{"taxonomy":"product_cat","embeddable":true,"href":"https:\/\/www.altechkachels.com\/it\/wp-json\/wp\/v2\/product_cat?post=5266"},{"taxonomy":"product_tag","embeddable":true,"href":"https:\/\/www.altechkachels.com\/it\/wp-json\/wp\/v2\/product_tag?post=5266"}],"curies":[{"name":"wp","href":"https:\/\/api.w.org\/{rel}","templated":true}]}}